{"id":10989,"date":"2024-11-27T20:05:46","date_gmt":"2024-11-27T17:05:46","guid":{"rendered":"https:\/\/www.makitamarket.com.tr\/site\/urun\/scheppach-zimpara-ve-tas-motoru\/"},"modified":"2026-04-06T13:29:05","modified_gmt":"2026-04-06T10:29:05","slug":"scheppach-zimpara-ve-tas-motoru","status":"publish","type":"product","link":"https:\/\/www.makitamarket.com.tr\/site\/urun\/scheppach-zimpara-ve-tas-motoru\/","title":{"rendered":"Scheppach BGS700 ZIMPARA VE TA\u015e MOTORU"},"content":{"rendered":"<table>\n<tr>\n<td>Ebatlar (UxGxY)<\/td>\n<td>405x305x355 mm<\/td>\n<\/tr>\n<tr>\n<td>Z\u0131mpara Band\u0131<\/td>\n<td>686\/50 mm<\/td>\n<\/tr>\n<tr>\n<td>Z.Band\u0131 Kum \u00d6l\u00e7\u00fcs\u00fc<\/td>\n<td>80<\/td>\n<\/tr>\n<tr>\n<td>Bant H\u0131z\u0131<\/td>\n<td>15 m\/sn<\/td>\n<\/tr>\n<tr>\n<td>Ta\u015flama Diski Kum \u00d6l\u00e7\u00fcs\u00fc<\/td>\n<td>36<\/td>\n<\/tr>\n<tr>\n<td>Ta\u015flama Diski G\u00f6bek<\/td>\n<td>12.7 mm<\/td>\n<\/tr>\n<tr>\n<td>A\u011f\u0131rl\u0131k<\/td>\n<td>10 kg<\/td>\n<\/tr>\n<tr>\n<td>Motor<\/td>\n<td>230 V~\/50 Hz<\/td>\n<\/tr>\n<tr>\n<td>G\u00fc\u00e7<\/td>\n<td>370 W<\/td>\n<\/tr>\n<tr>\n<td>H\u0131z<\/td>\n<td>2.850 d\/dk<\/td>\n<\/tr>\n<tr>\n<td>Ta\u015flama Diski \u00d6l\u00e7\u00fcs\u00fc<\/td>\n<td>150 mm<\/td>\n<\/tr>\n<\/table>\n","protected":false},"excerpt":{"rendered":"<p>Ebatlar (UxGxY) 405x305x355 mm Z\u0131mpara Band\u0131 686\/50 mm Z.Band\u0131 Kum \u00d6l\u00e7\u00fcs\u00fc 80 Bant H\u0131z\u0131 15 m\/sn Ta\u015flama Diski Kum \u00d6l\u00e7\u00fcs\u00fc 36 Ta\u015flama Diski G\u00f6bek 12.7 mm A\u011f\u0131rl\u0131k 10 kg Motor<\/p>\n","protected":false},"featured_media":10988,"comment_status":"open","ping_status":"closed","template":"","meta":{"_acf_changed":false},"product_brand":[1514],"product_cat":[1565],"product_tag":[],"class_list":{"0":"post-10989","1":"product","2":"type-product","3":"status-publish","4":"has-post-thumbnail","6":"product_brand-scheppach","7":"product_cat-yok-yok","9":"first","10":"instock","11":"taxable","12":"shipping-taxable","13":"purchasable","14":"product-type-simple","15":"add-to-wishlist-after_add_to_cart"},"acf":[],"_links":{"self":[{"href":"https:\/\/www.makitamarket.com.tr\/site\/wp-json\/wp\/v2\/product\/10989","targetHints":{"allow":["GET"]}}],"collection":[{"href":"https:\/\/www.makitamarket.com.tr\/site\/wp-json\/wp\/v2\/product"}],"about":[{"href":"https:\/\/www.makitamarket.com.tr\/site\/wp-json\/wp\/v2\/types\/product"}],"replies":[{"embeddable":true,"href":"https:\/\/www.makitamarket.com.tr\/site\/wp-json\/wp\/v2\/comments?post=10989"}],"wp:featuredmedia":[{"embeddable":true,"href":"https:\/\/www.makitamarket.com.tr\/site\/wp-json\/wp\/v2\/media\/10988"}],"wp:attachment":[{"href":"https:\/\/www.makitamarket.com.tr\/site\/wp-json\/wp\/v2\/media?parent=10989"}],"wp:term":[{"taxonomy":"product_brand","embeddable":true,"href":"https:\/\/www.makitamarket.com.tr\/site\/wp-json\/wp\/v2\/product_brand?post=10989"},{"taxonomy":"product_cat","embeddable":true,"href":"https:\/\/www.makitamarket.com.tr\/site\/wp-json\/wp\/v2\/product_cat?post=10989"},{"taxonomy":"product_tag","embeddable":true,"href":"https:\/\/www.makitamarket.com.tr\/site\/wp-json\/wp\/v2\/product_tag?post=10989"}],"curies":[{"name":"wp","href":"https:\/\/api.w.org\/{rel}","templated":true}]}}