{"id":10993,"date":"2024-11-27T20:05:47","date_gmt":"2024-11-27T17:05:47","guid":{"rendered":"https:\/\/www.makitamarket.com.tr\/site\/urun\/weller-agir-hizmet-lehim-tabancasi\/"},"modified":"2025-11-16T06:00:24","modified_gmt":"2025-11-16T03:00:24","slug":"weller-agir-hizmet-lehim-tabancasi","status":"publish","type":"product","link":"https:\/\/www.makitamarket.com.tr\/site\/urun\/weller-agir-hizmet-lehim-tabancasi\/","title":{"rendered":"Weller 05C A\u011eIR H\u0130ZMET LEH\u0130M TABANCASI"},"content":{"rendered":"<div>\n\t\u2022 Profesyonel a\u011f\u0131r hizmet lehim tabancas\u0131<\/div>\n<div>\n\t\u2022 Demir kaplamal\u0131 uzun \u00f6m\u00fcrl\u00fc havya u\u00e7lar\u0131<\/div>\n<table>\n<tr>\n<td>Volt<\/td>\n<td>230V<\/td>\n<\/tr>\n<tr>\n<td>Watt<\/td>\n<td>250 w<\/td>\n<\/tr>\n<tr>\n<td>A\u011f\u0131rl\u0131k<\/td>\n<td>1830 gr<\/td>\n<\/tr>\n<tr>\n<td>Hz<\/td>\n<td>50Hz<\/td>\n<\/tr>\n<\/table>\n","protected":false},"excerpt":{"rendered":"<div>\n\t\u2022 Profesyonel a\u011f\u0131r hizmet lehim tabancas\u0131<\/div>\n<div>\n\t\u2022 Demir kaplamal\u0131 uzun \u00f6m\u00fcrl\u00fc havya u\u00e7lar\u0131<\/div>\n","protected":false},"featured_media":10992,"comment_status":"open","ping_status":"closed","template":"","meta":{"_acf_changed":false},"product_brand":[1530],"product_cat":[1106],"product_tag":[],"class_list":{"0":"post-10993","1":"product","2":"type-product","3":"status-publish","4":"has-post-thumbnail","6":"product_brand-weller","7":"product_cat-tabanca-havyalar","9":"first","10":"outofstock","11":"taxable","12":"shipping-taxable","13":"purchasable","14":"product-type-simple","15":"add-to-wishlist-after_add_to_cart"},"acf":[],"_links":{"self":[{"href":"https:\/\/www.makitamarket.com.tr\/site\/wp-json\/wp\/v2\/product\/10993","targetHints":{"allow":["GET"]}}],"collection":[{"href":"https:\/\/www.makitamarket.com.tr\/site\/wp-json\/wp\/v2\/product"}],"about":[{"href":"https:\/\/www.makitamarket.com.tr\/site\/wp-json\/wp\/v2\/types\/product"}],"replies":[{"embeddable":true,"href":"https:\/\/www.makitamarket.com.tr\/site\/wp-json\/wp\/v2\/comments?post=10993"}],"wp:featuredmedia":[{"embeddable":true,"href":"https:\/\/www.makitamarket.com.tr\/site\/wp-json\/wp\/v2\/media\/10992"}],"wp:attachment":[{"href":"https:\/\/www.makitamarket.com.tr\/site\/wp-json\/wp\/v2\/media?parent=10993"}],"wp:term":[{"taxonomy":"product_brand","embeddable":true,"href":"https:\/\/www.makitamarket.com.tr\/site\/wp-json\/wp\/v2\/product_brand?post=10993"},{"taxonomy":"product_cat","embeddable":true,"href":"https:\/\/www.makitamarket.com.tr\/site\/wp-json\/wp\/v2\/product_cat?post=10993"},{"taxonomy":"product_tag","embeddable":true,"href":"https:\/\/www.makitamarket.com.tr\/site\/wp-json\/wp\/v2\/product_tag?post=10993"}],"curies":[{"name":"wp","href":"https:\/\/api.w.org\/{rel}","templated":true}]}}