{"id":10998,"date":"2024-11-27T20:05:52","date_gmt":"2024-11-27T17:05:52","guid":{"rendered":"https:\/\/www.makitamarket.com.tr\/site\/urun\/kama-by-reis-benzinli-agac-kesim-motoru-25-4-cc\/"},"modified":"2025-11-16T06:00:25","modified_gmt":"2025-11-16T03:00:25","slug":"kama-by-reis-benzinli-agac-kesim-motoru-25-4-cc","status":"publish","type":"product","link":"https:\/\/www.makitamarket.com.tr\/site\/urun\/kama-by-reis-benzinli-agac-kesim-motoru-25-4-cc\/","title":{"rendered":"Kama By Reis KMR25 BENZ\u0130NL\u0130 A\u011eA\u00c7 KES\u0130M MOTORU 25.4 CC"},"content":{"rendered":"<table>\n<tr>\n<td>Motor<\/td>\n<td>2 Zamanl\u0131 Benzinli<\/td>\n<\/tr>\n<tr>\n<td>Motor G\u00fcc\u00fc<\/td>\n<td>25.4 CC \/ 1.2 Hp<\/td>\n<\/tr>\n<tr>\n<td>Kullan\u0131labilir Motor Ya\u011f\u0131<\/td>\n<td>Dolmar 2 zamanl\u0131 motor ya\u011f\u0131<\/td>\n<\/tr>\n<tr>\n<td>\u00c7al\u0131\u015ft\u0131rma Sistemi<\/td>\n<td>\u0130pli<\/td>\n<\/tr>\n<tr>\n<td>Yak\u0131t Kapasitesi<\/td>\n<td>0,23 L<\/td>\n<\/tr>\n<tr>\n<td>Ya\u011f Kapasitesi<\/td>\n<td>0,16 L<\/td>\n<\/tr>\n<tr>\n<td>\u00d6l\u00e7\u00fcler<\/td>\n<td>250x230x220 mm<\/td>\n<\/tr>\n<tr>\n<td>A\u011f\u0131rl\u0131k<\/td>\n<td>3.5 kg<\/td>\n<\/tr>\n<tr>\n<td>Pala<\/td>\n<td>250mm<\/td>\n<\/tr>\n<\/table>\n","protected":false},"excerpt":{"rendered":"<p>Motor 2 Zamanl\u0131 Benzinli Motor G\u00fcc\u00fc 25.4 CC \/ 1.2 Hp Kullan\u0131labilir Motor Ya\u011f\u0131 Dolmar 2 zamanl\u0131 motor ya\u011f\u0131 \u00c7al\u0131\u015ft\u0131rma Sistemi \u0130pli Yak\u0131t Kapasitesi 0,23 L Ya\u011f Kapasitesi 0,16 L<\/p>\n","protected":false},"featured_media":10997,"comment_status":"open","ping_status":"closed","template":"","meta":{"_acf_changed":false},"product_brand":[1500],"product_cat":[832],"product_tag":[],"class_list":{"0":"post-10998","1":"product","2":"type-product","3":"status-publish","4":"has-post-thumbnail","6":"product_brand-kama-by-reis","7":"product_cat-benzinli","9":"first","10":"outofstock","11":"taxable","12":"shipping-taxable","13":"purchasable","14":"product-type-simple","15":"add-to-wishlist-after_add_to_cart"},"acf":[],"_links":{"self":[{"href":"https:\/\/www.makitamarket.com.tr\/site\/wp-json\/wp\/v2\/product\/10998","targetHints":{"allow":["GET"]}}],"collection":[{"href":"https:\/\/www.makitamarket.com.tr\/site\/wp-json\/wp\/v2\/product"}],"about":[{"href":"https:\/\/www.makitamarket.com.tr\/site\/wp-json\/wp\/v2\/types\/product"}],"replies":[{"embeddable":true,"href":"https:\/\/www.makitamarket.com.tr\/site\/wp-json\/wp\/v2\/comments?post=10998"}],"wp:featuredmedia":[{"embeddable":true,"href":"https:\/\/www.makitamarket.com.tr\/site\/wp-json\/wp\/v2\/media\/10997"}],"wp:attachment":[{"href":"https:\/\/www.makitamarket.com.tr\/site\/wp-json\/wp\/v2\/media?parent=10998"}],"wp:term":[{"taxonomy":"product_brand","embeddable":true,"href":"https:\/\/www.makitamarket.com.tr\/site\/wp-json\/wp\/v2\/product_brand?post=10998"},{"taxonomy":"product_cat","embeddable":true,"href":"https:\/\/www.makitamarket.com.tr\/site\/wp-json\/wp\/v2\/product_cat?post=10998"},{"taxonomy":"product_tag","embeddable":true,"href":"https:\/\/www.makitamarket.com.tr\/site\/wp-json\/wp\/v2\/product_tag?post=10998"}],"curies":[{"name":"wp","href":"https:\/\/api.w.org\/{rel}","templated":true}]}}