{"id":11001,"date":"2024-11-27T20:05:52","date_gmt":"2024-11-27T17:05:52","guid":{"rendered":"https:\/\/www.makitamarket.com.tr\/site\/urun\/mapa-montaj-ve-genel-kullanim-eldiveni-no-9-10\/"},"modified":"2026-03-30T07:56:34","modified_gmt":"2026-03-30T04:56:34","slug":"mapa-montaj-ve-genel-kullanim-eldiveni-no-9-10","status":"publish","type":"product","link":"https:\/\/www.makitamarket.com.tr\/site\/urun\/mapa-montaj-ve-genel-kullanim-eldiveni-no-9-10\/","title":{"rendered":"Mapa ULTRANE551-9 MONTAJ VE GENEL KULLANIM ELD\u0130VEN\u0130 NO: 9 &#8211; 10"},"content":{"rendered":"<div>\n\t<strong>Kullan\u0131m Alanlar\u0131:<\/strong><\/div>\n<div>\n<div id=\"cke_pastebin\">\n<div id=\"cke_pastebin\">\n<div id=\"cke_pastebin\">\n<div id=\"cke_pastebin\">\n<div>\n\t\t\t\t\t\tOtomotiv ve Mekanik End\u00fcstrisi:<\/div>\n<div>\n\t\t\t\t\t\tKarma\u015f\u0131k montaj i\u015fleri<\/div>\n<div>\n\t\t\t\t\t\tK\u00fc\u00e7\u00fck par\u00e7alar\u0131n tasnifi<\/div>\n<div>\n\t\t\t\t\t\tK\u00fc\u00e7\u00fck vida ve per\u00e7inlerin tak\u0131lmas\u0131<\/div>\n<div>\n\t\t\t\t\t\t\u00a0<\/div>\n<div>\n\t\t\t\t\t\tElektronik End\u00fcstrisi:<\/div>\n<div>\n\t\t\t\t\t\tElektrikli par\u00e7a montaj\u0131<\/div>\n<div>\n\t\t\t\t\t\tMikroi\u015flemci tutma<\/div>\n<div>\n\t\t\t\t\t\tY\u00fcksek frekans anteni sabitleme<\/div>\n<div>\n\t\t\t\t\t\t\u00a0<\/div>\n<div>\n\t\t\t\t\t\tKozmetik ve \u0130la\u00e7 End\u00fcstrisi:<\/div>\n<div>\n\t\t\t\t\t\t\u0130la\u00e7 \u00fcretimi<\/div>\n<div>\n\t\t\t\t\t\tKozmetik preparatlar<\/div><\/div><\/div><\/div><\/div>\n<\/div>\n<table>\n<tr>\n<td>Uzunluk \/ Kal\u0131nl\u0131k<\/td>\n<td>25cm \/ 27mm<\/td>\n<\/tr>\n<tr>\n<td>\u0130\u00e7 \/ D\u0131\u015f Y\u00fczey<\/td>\n<td>Avu\u00e7 i\u00e7i ve parmaklarda  diki\u015fsiz kuma\u015f \/ PU kaplama<\/td>\n<\/tr>\n<tr>\n<td>\u00d6l\u00e7\u00fc<\/td>\n<td>9 &#8211; 10<\/td>\n<\/tr>\n<tr>\n<td>Standard\u0131<\/td>\n<td>EN 388 &#8211; 4131<\/td>\n<\/tr>\n<tr>\n<td>Standard\u0131<\/td>\n<td>EN 420 &#8211; CAT2<\/td>\n<\/tr>\n<tr>\n<td>Koli Miktar\u0131<\/td>\n<td>100 \u00c7ift<\/td>\n<\/tr>\n<tr>\n<td>Kaplama<\/td>\n<td>Poli\u00fcretan<\/td>\n<\/tr>\n<tr>\n<td>Tan\u0131m<\/td>\n<td>Rakipsiz parmak ucu hassasiyeti<\/td>\n<\/tr>\n<\/table>\n","protected":false},"excerpt":{"rendered":"<div>\n\t<strong>Kullan\u0131m Alanlar\u0131:<\/strong><\/div>\n<div>\n<div id=\"cke_pastebin\">\n<div id=\"cke_pastebin\">\n<div id=\"cke_pastebin\">\n<div id=\"cke_pastebin\">\n<div>\n\t\t\t\t\t\tOtomotiv ve Mekanik End\u00fcstrisi:<\/div>\n<div>\n\t\t\t\t\t\tKarma\u015f\u0131k montaj i\u015fleri<\/div>\n<div>\n\t\t\t\t\t\tK\u00fc\u00e7\u00fck par\u00e7alar\u0131n tasnifi<\/div>\n<div>\n\t\t\t\t\t\tK\u00fc\u00e7\u00fck vida ve per\u00e7inlerin tak\u0131lmas\u0131<\/div>\n<div>\n\t\t\t\t\t\t\u00a0<\/div>\n<div>\n\t\t\t\t\t\tElektronik End\u00fcstrisi:<\/div>\n<div>\n\t\t\t\t\t\tElektrikli par\u00e7a montaj\u0131<\/div>\n<div>\n\t\t\t\t\t\tMikroi\u015flemci tutma<\/div>\n<div>\n\t\t\t\t\t\tY\u00fcksek frekans anteni sabitleme<\/div>\n<div>\n\t\t\t\t\t\t\u00a0<\/div>\n<div>\n\t\t\t\t\t\tKozmetik ve \u0130la\u00e7 End\u00fcstrisi:<\/div>\n<div>\n\t\t\t\t\t\t\u0130la\u00e7 \u00fcretimi<\/div>\n<div>\n\t\t\t\t\t\tKozmetik preparatlar<\/div>\n<\/p><\/div>\n<\/p><\/div>\n<\/p><\/div>\n<\/p><\/div>\n<\/div>\n","protected":false},"featured_media":11000,"comment_status":"open","ping_status":"closed","template":"","meta":{"_acf_changed":false},"product_brand":[1521],"product_cat":[708],"product_tag":[],"class_list":{"0":"post-11001","1":"product","2":"type-product","3":"status-publish","4":"has-post-thumbnail","6":"product_brand-mapa","7":"product_cat-el-koruyucular","9":"first","10":"outofstock","11":"taxable","12":"shipping-taxable","13":"purchasable","14":"product-type-simple","15":"add-to-wishlist-after_add_to_cart"},"acf":[],"_links":{"self":[{"href":"https:\/\/www.makitamarket.com.tr\/site\/wp-json\/wp\/v2\/product\/11001","targetHints":{"allow":["GET"]}}],"collection":[{"href":"https:\/\/www.makitamarket.com.tr\/site\/wp-json\/wp\/v2\/product"}],"about":[{"href":"https:\/\/www.makitamarket.com.tr\/site\/wp-json\/wp\/v2\/types\/product"}],"replies":[{"embeddable":true,"href":"https:\/\/www.makitamarket.com.tr\/site\/wp-json\/wp\/v2\/comments?post=11001"}],"wp:featuredmedia":[{"embeddable":true,"href":"https:\/\/www.makitamarket.com.tr\/site\/wp-json\/wp\/v2\/media\/11000"}],"wp:attachment":[{"href":"https:\/\/www.makitamarket.com.tr\/site\/wp-json\/wp\/v2\/media?parent=11001"}],"wp:term":[{"taxonomy":"product_brand","embeddable":true,"href":"https:\/\/www.makitamarket.com.tr\/site\/wp-json\/wp\/v2\/product_brand?post=11001"},{"taxonomy":"product_cat","embeddable":true,"href":"https:\/\/www.makitamarket.com.tr\/site\/wp-json\/wp\/v2\/product_cat?post=11001"},{"taxonomy":"product_tag","embeddable":true,"href":"https:\/\/www.makitamarket.com.tr\/site\/wp-json\/wp\/v2\/product_tag?post=11001"}],"curies":[{"name":"wp","href":"https:\/\/api.w.org\/{rel}","templated":true}]}}