{"id":11008,"date":"2024-11-27T20:05:55","date_gmt":"2024-11-27T17:05:55","guid":{"rendered":"https:\/\/www.makitamarket.com.tr\/site\/urun\/knipex-knipex-8330020-masali-anahtar\/"},"modified":"2026-03-30T07:56:38","modified_gmt":"2026-03-30T04:56:38","slug":"knipex-knipex-8330020-masali-anahtar","status":"publish","type":"product","link":"https:\/\/www.makitamarket.com.tr\/site\/urun\/knipex-knipex-8330020-masali-anahtar\/","title":{"rendered":"Knipex 8330020 KNIPEX 8330020 MASALI ANAHTAR"},"content":{"rendered":"<p><b>83 30 020 Boru kargaburunu S a\u011f\u0131zl\u0131<\/b><br \/>Ince, S geometrili a\u011f\u0131z. D\u00f6nme y\u00f6n\u00fcn\u00fcn aksine d\u00fczenlenmi\u015f di\u015f d\u00fczeni. Di\u015f d\u00fczenine ek olarak ind\u00fcksiyon sertle\u015ftirme uygulanm\u0131\u015ft\u0131r. Boruyu \u00fc\u00e7 noktadan kavrar, kendinden s\u0131k\u0131\u015ft\u0131rmal\u0131. \u00c7ift T profilli sap. Kaybedilmesi m\u00fcmk\u00fcn olmayan ayar somunu. K\u0131rm\u0131z\u0131 toz f\u0131r\u0131nlama boyal\u0131, \u00e7eneler parlak ta\u015flamal\u0131 <\/p>\n<li><b>S\u0131kma kapasitesi: <\/b>70 mm<\/li>\n<li><b>Boru \u00e7ap\u0131 kapasitesi (\u00e7ap): <\/b>\u00d8 2 3\/4 in<\/li>\n<li><b>Boru \u00e7ap\u0131 kapasitesi (\u00e7ap): <\/b>\u00d8 70 mm<\/li>\n<li><b>Somun ve anahtar \u00f6l\u00e7\u00fcs\u00fc kapasitesi: <\/b>70 mm<\/li>\n<li><b>\u0130\u00e7 \u00e7ap in\u00e7: <\/b>\u00d8 2 in<\/li>\n<table><\/table>\n","protected":false},"excerpt":{"rendered":"<p><b>83 30 020 Boru kargaburunu S a\u011f\u0131zl\u0131<\/b><br \/>Ince, S geometrili a\u011f\u0131z. D\u00f6nme y\u00f6n\u00fcn\u00fcn aksine d\u00fczenlenmi\u015f di\u015f d\u00fczeni. Di\u015f d\u00fczenine ek olarak ind\u00fcksiyon sertle\u015ftirme uygulanm\u0131\u015ft\u0131r. Boruyu \u00fc\u00e7 noktadan kavrar, kendinden s\u0131k\u0131\u015ft\u0131rmal\u0131. \u00c7ift T profilli sap. Kaybedilmesi m\u00fcmk\u00fcn olmayan ayar somunu. K\u0131rm\u0131z\u0131 toz f\u0131r\u0131nlama boyal\u0131, \u00e7eneler parlak ta\u015flamal\u0131 <\/p>\n<li><b>S\u0131kma kapasitesi: <\/b>70 mm<\/li>\n<li><b>Boru \u00e7ap\u0131 kapasitesi (\u00e7ap): <\/b>\u00d8 2 3\/4 in<\/li>\n<li><b>Boru \u00e7ap\u0131 kapasitesi (\u00e7ap): <\/b>\u00d8 70 mm<\/li>\n<li><b>Somun ve anahtar \u00f6l\u00e7\u00fcs\u00fc kapasitesi: <\/b>70 mm<\/li>\n<li><b>\u0130\u00e7 \u00e7ap in\u00e7: <\/b>\u00d8 2 in<\/li>\n","protected":false},"featured_media":0,"comment_status":"open","ping_status":"closed","template":"","meta":{"_acf_changed":false},"product_brand":[1486],"product_cat":[979],"product_tag":[],"class_list":{"0":"post-11008","1":"product","2":"type-product","3":"status-publish","5":"product_brand-knipex","6":"product_cat-masali-boru-anahtarlar","8":"first","9":"instock","10":"taxable","11":"shipping-taxable","12":"purchasable","13":"product-type-simple","14":"add-to-wishlist-after_add_to_cart"},"acf":[],"_links":{"self":[{"href":"https:\/\/www.makitamarket.com.tr\/site\/wp-json\/wp\/v2\/product\/11008","targetHints":{"allow":["GET"]}}],"collection":[{"href":"https:\/\/www.makitamarket.com.tr\/site\/wp-json\/wp\/v2\/product"}],"about":[{"href":"https:\/\/www.makitamarket.com.tr\/site\/wp-json\/wp\/v2\/types\/product"}],"replies":[{"embeddable":true,"href":"https:\/\/www.makitamarket.com.tr\/site\/wp-json\/wp\/v2\/comments?post=11008"}],"wp:attachment":[{"href":"https:\/\/www.makitamarket.com.tr\/site\/wp-json\/wp\/v2\/media?parent=11008"}],"wp:term":[{"taxonomy":"product_brand","embeddable":true,"href":"https:\/\/www.makitamarket.com.tr\/site\/wp-json\/wp\/v2\/product_brand?post=11008"},{"taxonomy":"product_cat","embeddable":true,"href":"https:\/\/www.makitamarket.com.tr\/site\/wp-json\/wp\/v2\/product_cat?post=11008"},{"taxonomy":"product_tag","embeddable":true,"href":"https:\/\/www.makitamarket.com.tr\/site\/wp-json\/wp\/v2\/product_tag?post=11008"}],"curies":[{"name":"wp","href":"https:\/\/api.w.org\/{rel}","templated":true}]}}