{"id":11012,"date":"2024-11-27T20:05:56","date_gmt":"2024-11-27T17:05:56","guid":{"rendered":"https:\/\/www.makitamarket.com.tr\/site\/urun\/stark-metal-kesim-testeresi-355x24x254-mm-72-dis\/"},"modified":"2026-04-06T13:55:58","modified_gmt":"2026-04-06T10:55:58","slug":"stark-metal-kesim-testeresi-355x24x254-mm-72-dis","status":"publish","type":"product","link":"https:\/\/www.makitamarket.com.tr\/site\/urun\/stark-metal-kesim-testeresi-355x24x254-mm-72-dis\/","title":{"rendered":"Stark TCT355 METAL KES\u0130M TESTERES\u0130 355&#215;2,4&#215;25,4 mm 72 D\u0130\u015e"},"content":{"rendered":"<table>\n<tr>\n<td>Testere \u00e7ap\u0131<\/td>\n<td>355<\/td>\n<\/tr>\n<tr>\n<td>Et Kal\u0131nl\u0131\u011f\u0131<\/td>\n<td>2,2<\/td>\n<\/tr>\n<tr>\n<td>Delik \u00c7ap\u0131<\/td>\n<td>25,4<\/td>\n<\/tr>\n<tr>\n<td>Di\u015f \u00d6l\u00e7\u00fcs\u00fc<\/td>\n<td>72<\/td>\n<\/tr>\n<\/table>\n","protected":false},"excerpt":{"rendered":"<p>Testere \u00e7ap\u0131 355 Et Kal\u0131nl\u0131\u011f\u0131 2,2 Delik \u00c7ap\u0131 25,4 Di\u015f \u00d6l\u00e7\u00fcs\u00fc 72<\/p>\n","protected":false},"featured_media":12049,"comment_status":"open","ping_status":"closed","template":"","meta":{"_acf_changed":false},"product_brand":[1545],"product_cat":[958],"product_tag":[],"class_list":{"0":"post-11012","1":"product","2":"type-product","3":"status-publish","4":"has-post-thumbnail","6":"product_brand-stark","7":"product_cat-metal-kesme-daire-testereler","9":"first","10":"instock","11":"taxable","12":"shipping-taxable","13":"purchasable","14":"product-type-simple","15":"add-to-wishlist-after_add_to_cart"},"acf":[],"_links":{"self":[{"href":"https:\/\/www.makitamarket.com.tr\/site\/wp-json\/wp\/v2\/product\/11012","targetHints":{"allow":["GET"]}}],"collection":[{"href":"https:\/\/www.makitamarket.com.tr\/site\/wp-json\/wp\/v2\/product"}],"about":[{"href":"https:\/\/www.makitamarket.com.tr\/site\/wp-json\/wp\/v2\/types\/product"}],"replies":[{"embeddable":true,"href":"https:\/\/www.makitamarket.com.tr\/site\/wp-json\/wp\/v2\/comments?post=11012"}],"wp:featuredmedia":[{"embeddable":true,"href":"https:\/\/www.makitamarket.com.tr\/site\/wp-json\/wp\/v2\/media\/12049"}],"wp:attachment":[{"href":"https:\/\/www.makitamarket.com.tr\/site\/wp-json\/wp\/v2\/media?parent=11012"}],"wp:term":[{"taxonomy":"product_brand","embeddable":true,"href":"https:\/\/www.makitamarket.com.tr\/site\/wp-json\/wp\/v2\/product_brand?post=11012"},{"taxonomy":"product_cat","embeddable":true,"href":"https:\/\/www.makitamarket.com.tr\/site\/wp-json\/wp\/v2\/product_cat?post=11012"},{"taxonomy":"product_tag","embeddable":true,"href":"https:\/\/www.makitamarket.com.tr\/site\/wp-json\/wp\/v2\/product_tag?post=11012"}],"curies":[{"name":"wp","href":"https:\/\/api.w.org\/{rel}","templated":true}]}}