{"id":11020,"date":"2024-11-27T20:06:00","date_gmt":"2024-11-27T17:06:00","guid":{"rendered":"https:\/\/www.makitamarket.com.tr\/site\/urun\/globus-yer-isaretleme-bandi-50mmx30mt\/"},"modified":"2026-03-15T08:56:30","modified_gmt":"2026-03-15T05:56:30","slug":"globus-yer-isaretleme-bandi-50mmx30mt","status":"publish","type":"product","link":"https:\/\/www.makitamarket.com.tr\/site\/urun\/globus-yer-isaretleme-bandi-50mmx30mt\/","title":{"rendered":"Globus GL14012 YER \u0130\u015eARETLEME BANDI 50mmx30mt"},"content":{"rendered":"<table>\n<tr>\n<td>\u00d6l\u00e7\u00fc<\/td>\n<td>50mm x 30mt<\/td>\n<\/tr>\n<tr>\n<td>Renk<\/td>\n<td>K\u0131rm\u0131z\u0131\/Beyaz<\/td>\n<\/tr>\n<tr>\n<td>Koli Adedi<\/td>\n<td>36<\/td>\n<\/tr>\n<\/table>\n","protected":false},"excerpt":{"rendered":"<p>\u00d6l\u00e7\u00fc 50mm x 30mt Renk K\u0131rm\u0131z\u0131\/Beyaz Koli Adedi 36<\/p>\n","protected":false},"featured_media":11021,"comment_status":"open","ping_status":"closed","template":"","meta":{"_acf_changed":false},"product_brand":[1510],"product_cat":[955],"product_tag":[],"class_list":{"0":"post-11020","1":"product","2":"type-product","3":"status-publish","4":"has-post-thumbnail","6":"product_brand-globus","7":"product_cat-bant-kesme-aparatlari-zimbalar","9":"first","10":"outofstock","11":"taxable","12":"shipping-taxable","13":"purchasable","14":"product-type-simple","15":"add-to-wishlist-after_add_to_cart"},"acf":[],"_links":{"self":[{"href":"https:\/\/www.makitamarket.com.tr\/site\/wp-json\/wp\/v2\/product\/11020","targetHints":{"allow":["GET"]}}],"collection":[{"href":"https:\/\/www.makitamarket.com.tr\/site\/wp-json\/wp\/v2\/product"}],"about":[{"href":"https:\/\/www.makitamarket.com.tr\/site\/wp-json\/wp\/v2\/types\/product"}],"replies":[{"embeddable":true,"href":"https:\/\/www.makitamarket.com.tr\/site\/wp-json\/wp\/v2\/comments?post=11020"}],"wp:featuredmedia":[{"embeddable":true,"href":"https:\/\/www.makitamarket.com.tr\/site\/wp-json\/wp\/v2\/media\/11021"}],"wp:attachment":[{"href":"https:\/\/www.makitamarket.com.tr\/site\/wp-json\/wp\/v2\/media?parent=11020"}],"wp:term":[{"taxonomy":"product_brand","embeddable":true,"href":"https:\/\/www.makitamarket.com.tr\/site\/wp-json\/wp\/v2\/product_brand?post=11020"},{"taxonomy":"product_cat","embeddable":true,"href":"https:\/\/www.makitamarket.com.tr\/site\/wp-json\/wp\/v2\/product_cat?post=11020"},{"taxonomy":"product_tag","embeddable":true,"href":"https:\/\/www.makitamarket.com.tr\/site\/wp-json\/wp\/v2\/product_tag?post=11020"}],"curies":[{"name":"wp","href":"https:\/\/api.w.org\/{rel}","templated":true}]}}