{"id":11037,"date":"2024-11-27T20:06:04","date_gmt":"2024-11-27T17:06:04","guid":{"rendered":"https:\/\/www.makitamarket.com.tr\/site\/urun\/clipper-norton-clipper-30334-ceram-xj-300-mm-testere\/"},"modified":"2025-11-16T06:03:42","modified_gmt":"2025-11-16T03:03:42","slug":"clipper-norton-clipper-30334-ceram-xj-300-mm-testere","status":"publish","type":"product","link":"https:\/\/www.makitamarket.com.tr\/site\/urun\/clipper-norton-clipper-30334-ceram-xj-300-mm-testere\/","title":{"rendered":"Clipper 30334 NORTON CLIPPER 30334 CERAM XJ 300 MM TESTERE"},"content":{"rendered":"<p>\n\tGazbeton, tu\u011fla, bims kesme makinalar\u0131nda sulu kesim i\u015flemi i\u00e7in s\u00fcrekli sinterlenmi\u015f elmas kesme diski.<\/p>\n<p>\n\t\u0130nce lazer-kesim yuvalar\u0131 kesicinin so\u011fumas\u0131na imkan tan\u0131yor ve daha p\u00fcr\u00fczs\u00fcz bir kesim i\u015flemi sa\u011fl\u0131yor.<\/p>\n<p>\n\tKullan\u0131m alanlar\u0131 : S\u0131rl\u0131 seramik karo, granit, mermer, karo, s\u0131rs\u0131z porselen karo.<\/p>\n<table>\n<tr>\n<td>\u00c7ap<\/td>\n<td>300mm<\/td>\n<\/tr>\n<tr>\n<td>Merkez<\/td>\n<td>25,4mm<\/td>\n<\/tr>\n<tr>\n<td>Segman (Y\/G-mm)<\/td>\n<td>9\/2.0 mm<\/td>\n<\/tr>\n<tr>\n<td>Performans<\/td>\n<td>5 y\u0131ld\u0131z<\/td>\n<\/tr>\n<\/table>\n","protected":false},"excerpt":{"rendered":"<p>\n\tGazbeton, tu\u011fla, bims kesme makinalar\u0131nda sulu kesim i\u015flemi i\u00e7in s\u00fcrekli sinterlenmi\u015f elmas kesme diski.<\/p>\n<p>\n\t\u0130nce lazer-kesim yuvalar\u0131 kesicinin so\u011fumas\u0131na imkan tan\u0131yor ve daha p\u00fcr\u00fczs\u00fcz bir kesim i\u015flemi sa\u011fl\u0131yor.<\/p>\n<p>\n\tKullan\u0131m alanlar\u0131 : S\u0131rl\u0131 seramik karo, granit, mermer, karo, s\u0131rs\u0131z porselen karo.<\/p>\n","protected":false},"featured_media":11036,"comment_status":"open","ping_status":"closed","template":"","meta":{"_acf_changed":false},"product_brand":[1497],"product_cat":[1565],"product_tag":[],"class_list":{"0":"post-11037","1":"product","2":"type-product","3":"status-publish","4":"has-post-thumbnail","6":"product_brand-clipper","7":"product_cat-yok-yok","9":"first","10":"outofstock","11":"taxable","12":"shipping-taxable","13":"purchasable","14":"product-type-simple","15":"add-to-wishlist-after_add_to_cart"},"acf":[],"_links":{"self":[{"href":"https:\/\/www.makitamarket.com.tr\/site\/wp-json\/wp\/v2\/product\/11037","targetHints":{"allow":["GET"]}}],"collection":[{"href":"https:\/\/www.makitamarket.com.tr\/site\/wp-json\/wp\/v2\/product"}],"about":[{"href":"https:\/\/www.makitamarket.com.tr\/site\/wp-json\/wp\/v2\/types\/product"}],"replies":[{"embeddable":true,"href":"https:\/\/www.makitamarket.com.tr\/site\/wp-json\/wp\/v2\/comments?post=11037"}],"wp:featuredmedia":[{"embeddable":true,"href":"https:\/\/www.makitamarket.com.tr\/site\/wp-json\/wp\/v2\/media\/11036"}],"wp:attachment":[{"href":"https:\/\/www.makitamarket.com.tr\/site\/wp-json\/wp\/v2\/media?parent=11037"}],"wp:term":[{"taxonomy":"product_brand","embeddable":true,"href":"https:\/\/www.makitamarket.com.tr\/site\/wp-json\/wp\/v2\/product_brand?post=11037"},{"taxonomy":"product_cat","embeddable":true,"href":"https:\/\/www.makitamarket.com.tr\/site\/wp-json\/wp\/v2\/product_cat?post=11037"},{"taxonomy":"product_tag","embeddable":true,"href":"https:\/\/www.makitamarket.com.tr\/site\/wp-json\/wp\/v2\/product_tag?post=11037"}],"curies":[{"name":"wp","href":"https:\/\/api.w.org\/{rel}","templated":true}]}}