{"id":11041,"date":"2024-11-27T20:06:05","date_gmt":"2024-11-27T17:06:05","guid":{"rendered":"https:\/\/www.makitamarket.com.tr\/site\/urun\/scheppach-scheppach-bts700-zimpara-makinasi\/"},"modified":"2026-03-30T07:56:48","modified_gmt":"2026-03-30T04:56:48","slug":"scheppach-scheppach-bts700-zimpara-makinasi","status":"publish","type":"product","link":"https:\/\/www.makitamarket.com.tr\/site\/urun\/scheppach-scheppach-bts700-zimpara-makinasi\/","title":{"rendered":"Scheppach BTS700 SCHEPPACH BTS700 ZIMPARA MAK\u0130NASI"},"content":{"rendered":"<table>\n<tr>\n<td>Motor<\/td>\n<td>230 V~\/50 Hz<\/td>\n<\/tr>\n<tr>\n<td>Z\u0131mpara \u015eerit uzunlu\u011fu<\/td>\n<td>762 mm<\/td>\n<\/tr>\n<tr>\n<td>Z\u0131mpara \u015eerit geni\u015fli\u011fi<\/td>\n<td>25 mm<\/td>\n<\/tr>\n<tr>\n<td>\u015eerit h\u0131z\u0131<\/td>\n<td>820 m\/min<\/td>\n<\/tr>\n<tr>\n<td>Z\u0131mpara diski<\/td>\n<td>125 mm<\/td>\n<\/tr>\n<tr>\n<td>A\u011f\u0131rl\u0131k<\/td>\n<td>7.2 kg<\/td>\n<\/tr>\n<tr>\n<td>Tabla \u00d6l\u00e7\u00fcleri<\/td>\n<td>\u015eerit Tablas\u0131:150mm, Disk Tablas\u0131:184x98mm<\/td>\n<\/tr>\n<tr>\n<td>Ebatlar (UxGxY)<\/td>\n<td>380x300x370 mm<\/td>\n<\/tr>\n<tr>\n<td>G\u00fc\u00e7<\/td>\n<td>250 W<\/td>\n<\/tr>\n<\/table>\n","protected":false},"excerpt":{"rendered":"<p>Motor 230 V~\/50 Hz Z\u0131mpara \u015eerit uzunlu\u011fu 762 mm Z\u0131mpara \u015eerit geni\u015fli\u011fi 25 mm \u015eerit h\u0131z\u0131 820 m\/min Z\u0131mpara diski 125 mm A\u011f\u0131rl\u0131k 7.2 kg Tabla \u00d6l\u00e7\u00fcleri \u015eerit Tablas\u0131:150mm, Disk<\/p>\n","protected":false},"featured_media":11040,"comment_status":"open","ping_status":"closed","template":"","meta":{"_acf_changed":false},"product_brand":[1514],"product_cat":[969],"product_tag":[],"class_list":{"0":"post-11041","1":"product","2":"type-product","3":"status-publish","4":"has-post-thumbnail","6":"product_brand-scheppach","7":"product_cat-zimpara-makinalari","9":"first","10":"instock","11":"taxable","12":"shipping-taxable","13":"purchasable","14":"product-type-simple","15":"add-to-wishlist-after_add_to_cart"},"acf":[],"_links":{"self":[{"href":"https:\/\/www.makitamarket.com.tr\/site\/wp-json\/wp\/v2\/product\/11041","targetHints":{"allow":["GET"]}}],"collection":[{"href":"https:\/\/www.makitamarket.com.tr\/site\/wp-json\/wp\/v2\/product"}],"about":[{"href":"https:\/\/www.makitamarket.com.tr\/site\/wp-json\/wp\/v2\/types\/product"}],"replies":[{"embeddable":true,"href":"https:\/\/www.makitamarket.com.tr\/site\/wp-json\/wp\/v2\/comments?post=11041"}],"wp:featuredmedia":[{"embeddable":true,"href":"https:\/\/www.makitamarket.com.tr\/site\/wp-json\/wp\/v2\/media\/11040"}],"wp:attachment":[{"href":"https:\/\/www.makitamarket.com.tr\/site\/wp-json\/wp\/v2\/media?parent=11041"}],"wp:term":[{"taxonomy":"product_brand","embeddable":true,"href":"https:\/\/www.makitamarket.com.tr\/site\/wp-json\/wp\/v2\/product_brand?post=11041"},{"taxonomy":"product_cat","embeddable":true,"href":"https:\/\/www.makitamarket.com.tr\/site\/wp-json\/wp\/v2\/product_cat?post=11041"},{"taxonomy":"product_tag","embeddable":true,"href":"https:\/\/www.makitamarket.com.tr\/site\/wp-json\/wp\/v2\/product_tag?post=11041"}],"curies":[{"name":"wp","href":"https:\/\/api.w.org\/{rel}","templated":true}]}}