{"id":11054,"date":"2024-11-27T20:06:09","date_gmt":"2024-11-27T17:06:09","guid":{"rendered":"https:\/\/www.makitamarket.com.tr\/site\/urun\/makita-mt-dik-freze-6-8-mm\/"},"modified":"2026-04-13T19:51:50","modified_gmt":"2026-04-13T16:51:50","slug":"makita-mt-dik-freze-6-8-mm","status":"publish","type":"product","link":"https:\/\/www.makitamarket.com.tr\/site\/urun\/makita-mt-dik-freze-6-8-mm\/","title":{"rendered":"Makita MT M3601B D\u0130K FREZE 6 &#8211; 8 mm"},"content":{"rendered":"<table>\n<tr>\n<td>S\u00fcrekli Ak\u0131m Giri\u015fi<\/td>\n<td>900W<\/td>\n<\/tr>\n<tr>\n<td>Dalma Kapasitesi<\/td>\n<td>0-35mm<\/td>\n<\/tr>\n<tr>\n<td>Kapasite<\/td>\n<td>U\u00e7 tutucu:6-8mm<\/td>\n<\/tr>\n<tr>\n<td>Net A\u011f\u0131rl\u0131k<\/td>\n<td>2.7kg<\/td>\n<\/tr>\n<tr>\n<td>Bo\u015ftaki devir say\u0131s\u0131<\/td>\n<td>27,000 devir\/dk<\/td>\n<\/tr>\n<tr>\n<td>Ak\u0131m<\/td>\n<td>4.09 Ah<\/td>\n<\/tr>\n<tr>\n<td>Ambalaj \u0130\u00e7eri\u011fi<\/td>\n<td>Anahtarlar, Freze Ucu, Kenar G\u00f6nye, Vakum aparat\u0131<\/td>\n<\/tr>\n<\/table>\n","protected":false},"excerpt":{"rendered":"<p>S\u00fcrekli Ak\u0131m Giri\u015fi 900W Dalma Kapasitesi 0-35mm Kapasite U\u00e7 tutucu:6-8mm Net A\u011f\u0131rl\u0131k 2.7kg Bo\u015ftaki devir say\u0131s\u0131 27,000 devir\/dk Ak\u0131m 4.09 Ah Ambalaj \u0130\u00e7eri\u011fi Anahtarlar, Freze Ucu, Kenar G\u00f6nye, Vakum aparat\u0131<\/p>\n","protected":false},"featured_media":11053,"comment_status":"open","ping_status":"closed","template":"","meta":{"_acf_changed":false},"product_brand":[1528],"product_cat":[1565],"product_tag":[],"class_list":{"0":"post-11054","1":"product","2":"type-product","3":"status-publish","4":"has-post-thumbnail","6":"product_brand-makita-mt","7":"product_cat-yok-yok","9":"first","10":"instock","11":"taxable","12":"shipping-taxable","13":"purchasable","14":"product-type-simple","15":"add-to-wishlist-after_add_to_cart"},"acf":[],"_links":{"self":[{"href":"https:\/\/www.makitamarket.com.tr\/site\/wp-json\/wp\/v2\/product\/11054","targetHints":{"allow":["GET"]}}],"collection":[{"href":"https:\/\/www.makitamarket.com.tr\/site\/wp-json\/wp\/v2\/product"}],"about":[{"href":"https:\/\/www.makitamarket.com.tr\/site\/wp-json\/wp\/v2\/types\/product"}],"replies":[{"embeddable":true,"href":"https:\/\/www.makitamarket.com.tr\/site\/wp-json\/wp\/v2\/comments?post=11054"}],"wp:featuredmedia":[{"embeddable":true,"href":"https:\/\/www.makitamarket.com.tr\/site\/wp-json\/wp\/v2\/media\/11053"}],"wp:attachment":[{"href":"https:\/\/www.makitamarket.com.tr\/site\/wp-json\/wp\/v2\/media?parent=11054"}],"wp:term":[{"taxonomy":"product_brand","embeddable":true,"href":"https:\/\/www.makitamarket.com.tr\/site\/wp-json\/wp\/v2\/product_brand?post=11054"},{"taxonomy":"product_cat","embeddable":true,"href":"https:\/\/www.makitamarket.com.tr\/site\/wp-json\/wp\/v2\/product_cat?post=11054"},{"taxonomy":"product_tag","embeddable":true,"href":"https:\/\/www.makitamarket.com.tr\/site\/wp-json\/wp\/v2\/product_tag?post=11054"}],"curies":[{"name":"wp","href":"https:\/\/api.w.org\/{rel}","templated":true}]}}