{"id":11071,"date":"2024-11-27T20:06:17","date_gmt":"2024-11-27T17:06:17","guid":{"rendered":"https:\/\/www.makitamarket.com.tr\/site\/urun\/ozco-serit-2460x27x09-5-8-dis\/"},"modified":"2025-07-11T19:50:01","modified_gmt":"2025-07-11T16:50:01","slug":"ozco-serit-2460x27x09-5-8-dis","status":"publish","type":"product","link":"https:\/\/www.makitamarket.com.tr\/site\/urun\/ozco-serit-2460x27x09-5-8-dis\/","title":{"rendered":"Ozco 24605\/8 \u015eER\u0130T 2460x27x0,9 5\/8 Di\u015f"},"content":{"rendered":"<table>\n<tr>\n<td>Uzunluk (mm)<\/td>\n<td>2460<\/td>\n<\/tr>\n<tr>\n<td>En (mm)<\/td>\n<td>27<\/td>\n<\/tr>\n<tr>\n<td>Kal\u0131nl\u0131k (mm)<\/td>\n<td>0.9<\/td>\n<\/tr>\n<tr>\n<td>Di\u015f \u00d6l\u00e7\u00fcs\u00fc<\/td>\n<td>5\/8<\/td>\n<\/tr>\n<tr>\n<td>Uygun CRAFT Modeli<\/td>\n<td>T275S, T275SV<\/td>\n<\/tr>\n<\/table>\n","protected":false},"excerpt":{"rendered":"<p>Uzunluk (mm) 2460 En (mm) 27 Kal\u0131nl\u0131k (mm) 0.9 Di\u015f \u00d6l\u00e7\u00fcs\u00fc 5\/8 Uygun CRAFT Modeli T275S, T275SV<\/p>\n","protected":false},"featured_media":0,"comment_status":"open","ping_status":"closed","template":"","meta":{"_acf_changed":false},"product_brand":[],"product_cat":[1111],"product_tag":[],"class_list":{"0":"post-11071","1":"product","2":"type-product","3":"status-publish","5":"product_cat-serit-testere-makinalari-metal-isleme-makinalari-2","7":"first","8":"outofstock","9":"taxable","10":"shipping-taxable","11":"purchasable","12":"product-type-simple","13":"add-to-wishlist-after_add_to_cart"},"acf":[],"_links":{"self":[{"href":"https:\/\/www.makitamarket.com.tr\/site\/wp-json\/wp\/v2\/product\/11071","targetHints":{"allow":["GET"]}}],"collection":[{"href":"https:\/\/www.makitamarket.com.tr\/site\/wp-json\/wp\/v2\/product"}],"about":[{"href":"https:\/\/www.makitamarket.com.tr\/site\/wp-json\/wp\/v2\/types\/product"}],"replies":[{"embeddable":true,"href":"https:\/\/www.makitamarket.com.tr\/site\/wp-json\/wp\/v2\/comments?post=11071"}],"wp:attachment":[{"href":"https:\/\/www.makitamarket.com.tr\/site\/wp-json\/wp\/v2\/media?parent=11071"}],"wp:term":[{"taxonomy":"product_brand","embeddable":true,"href":"https:\/\/www.makitamarket.com.tr\/site\/wp-json\/wp\/v2\/product_brand?post=11071"},{"taxonomy":"product_cat","embeddable":true,"href":"https:\/\/www.makitamarket.com.tr\/site\/wp-json\/wp\/v2\/product_cat?post=11071"},{"taxonomy":"product_tag","embeddable":true,"href":"https:\/\/www.makitamarket.com.tr\/site\/wp-json\/wp\/v2\/product_tag?post=11071"}],"curies":[{"name":"wp","href":"https:\/\/api.w.org\/{rel}","templated":true}]}}