{"id":11077,"date":"2024-11-27T20:06:18","date_gmt":"2024-11-27T17:06:18","guid":{"rendered":"https:\/\/www.makitamarket.com.tr\/site\/urun\/clipper-dynamic-cd-beton-karot-ucu-62-55-mm\/"},"modified":"2026-04-06T13:31:10","modified_gmt":"2026-04-06T10:31:10","slug":"clipper-dynamic-cd-beton-karot-ucu-62-55-mm","status":"publish","type":"product","link":"https:\/\/www.makitamarket.com.tr\/site\/urun\/clipper-dynamic-cd-beton-karot-ucu-62-55-mm\/","title":{"rendered":"Clipper 24872 DYNAMIC CD BETON KAROT UCU 62\/55 mm"},"content":{"rendered":"<p>\n\tBeton, g\u00fc\u00e7lendirilmi\u015f beton ve do\u011fal ta\u015flar i\u00e7in\u00a0<\/p>\n<table>\n<tr>\n<td>\u00c7ap (D\u0131\u015f, \u0130\u00e7)<\/td>\n<td>62\/55 mm<\/td>\n<\/tr>\n<tr>\n<td>Segman say\u0131s\u0131<\/td>\n<td>5 adet<\/td>\n<\/tr>\n<tr>\n<td>Segman (Y\/G-mm)<\/td>\n<td>24\/3.5\/10 mm<\/td>\n<\/tr>\n<tr>\n<td>Kullan\u0131\u015fl\u0131 boy<\/td>\n<td>450mm<\/td>\n<\/tr>\n<tr>\n<td>Model s\u0131n\u0131f\u0131<\/td>\n<td>Pro line<\/td>\n<\/tr>\n<tr>\n<td>Performans<\/td>\n<td>4 y\u0131ld\u0131z<\/td>\n<\/tr>\n<\/table>\n","protected":false},"excerpt":{"rendered":"<p>\n\tBeton, g\u00fc\u00e7lendirilmi\u015f beton ve do\u011fal ta\u015flar i\u00e7in\u00a0<\/p>\n","protected":false},"featured_media":11076,"comment_status":"open","ping_status":"closed","template":"","meta":{"_acf_changed":false},"product_brand":[1497],"product_cat":[1565],"product_tag":[],"class_list":{"0":"post-11077","1":"product","2":"type-product","3":"status-publish","4":"has-post-thumbnail","6":"product_brand-clipper","7":"product_cat-yok-yok","9":"first","10":"instock","11":"taxable","12":"shipping-taxable","13":"purchasable","14":"product-type-simple","15":"add-to-wishlist-after_add_to_cart"},"acf":[],"_links":{"self":[{"href":"https:\/\/www.makitamarket.com.tr\/site\/wp-json\/wp\/v2\/product\/11077","targetHints":{"allow":["GET"]}}],"collection":[{"href":"https:\/\/www.makitamarket.com.tr\/site\/wp-json\/wp\/v2\/product"}],"about":[{"href":"https:\/\/www.makitamarket.com.tr\/site\/wp-json\/wp\/v2\/types\/product"}],"replies":[{"embeddable":true,"href":"https:\/\/www.makitamarket.com.tr\/site\/wp-json\/wp\/v2\/comments?post=11077"}],"wp:featuredmedia":[{"embeddable":true,"href":"https:\/\/www.makitamarket.com.tr\/site\/wp-json\/wp\/v2\/media\/11076"}],"wp:attachment":[{"href":"https:\/\/www.makitamarket.com.tr\/site\/wp-json\/wp\/v2\/media?parent=11077"}],"wp:term":[{"taxonomy":"product_brand","embeddable":true,"href":"https:\/\/www.makitamarket.com.tr\/site\/wp-json\/wp\/v2\/product_brand?post=11077"},{"taxonomy":"product_cat","embeddable":true,"href":"https:\/\/www.makitamarket.com.tr\/site\/wp-json\/wp\/v2\/product_cat?post=11077"},{"taxonomy":"product_tag","embeddable":true,"href":"https:\/\/www.makitamarket.com.tr\/site\/wp-json\/wp\/v2\/product_tag?post=11077"}],"curies":[{"name":"wp","href":"https:\/\/api.w.org\/{rel}","templated":true}]}}