{"id":11088,"date":"2024-11-27T20:06:21","date_gmt":"2024-11-27T17:06:21","guid":{"rendered":"https:\/\/www.makitamarket.com.tr\/site\/urun\/virax-pafta-taragi-1-1-2-2\/"},"modified":"2026-04-06T13:31:59","modified_gmt":"2026-04-06T10:31:59","slug":"virax-pafta-taragi-1-1-2-2","status":"publish","type":"product","link":"https:\/\/www.makitamarket.com.tr\/site\/urun\/virax-pafta-taragi-1-1-2-2\/","title":{"rendered":"Virax 126504 PAFTA TARA\u011eI 1.1\/2&#8243; &#8211; 2&#8243;"},"content":{"rendered":"<table>\n<tr>\n<td>Tarak Tipi<\/td>\n<td>Sa\u011f BSPT<\/td>\n<\/tr>\n<tr>\n<td>Boru \u00d6l\u00e7\u00fcs\u00fc<\/td>\n<td>1 1\/2&#8243; &#8211; 2&#8243;<\/td>\n<\/tr>\n<tr>\n<td>Boru \u00d6l\u00e7\u00fcs\u00fc<\/td>\n<td>40\/49-50\/60<\/td>\n<\/tr>\n<tr>\n<td>Uyumlu Makina<\/td>\n<td>1265 i\u00e7in<\/td>\n<\/tr>\n<\/table>\n","protected":false},"excerpt":{"rendered":"<p>Tarak Tipi Sa\u011f BSPT Boru \u00d6l\u00e7\u00fcs\u00fc 1 1\/2&#8243; &#8211; 2&#8243; Boru \u00d6l\u00e7\u00fcs\u00fc 40\/49-50\/60 Uyumlu Makina 1265 i\u00e7in<\/p>\n","protected":false},"featured_media":11087,"comment_status":"open","ping_status":"closed","template":"","meta":{"_acf_changed":false},"product_brand":[1495],"product_cat":[854],"product_tag":[],"class_list":{"0":"post-11088","1":"product","2":"type-product","3":"status-publish","4":"has-post-thumbnail","6":"product_brand-virax","7":"product_cat-pafta-taraklari","9":"first","10":"instock","11":"taxable","12":"shipping-taxable","13":"purchasable","14":"product-type-simple","15":"add-to-wishlist-after_add_to_cart"},"acf":[],"_links":{"self":[{"href":"https:\/\/www.makitamarket.com.tr\/site\/wp-json\/wp\/v2\/product\/11088","targetHints":{"allow":["GET"]}}],"collection":[{"href":"https:\/\/www.makitamarket.com.tr\/site\/wp-json\/wp\/v2\/product"}],"about":[{"href":"https:\/\/www.makitamarket.com.tr\/site\/wp-json\/wp\/v2\/types\/product"}],"replies":[{"embeddable":true,"href":"https:\/\/www.makitamarket.com.tr\/site\/wp-json\/wp\/v2\/comments?post=11088"}],"wp:featuredmedia":[{"embeddable":true,"href":"https:\/\/www.makitamarket.com.tr\/site\/wp-json\/wp\/v2\/media\/11087"}],"wp:attachment":[{"href":"https:\/\/www.makitamarket.com.tr\/site\/wp-json\/wp\/v2\/media?parent=11088"}],"wp:term":[{"taxonomy":"product_brand","embeddable":true,"href":"https:\/\/www.makitamarket.com.tr\/site\/wp-json\/wp\/v2\/product_brand?post=11088"},{"taxonomy":"product_cat","embeddable":true,"href":"https:\/\/www.makitamarket.com.tr\/site\/wp-json\/wp\/v2\/product_cat?post=11088"},{"taxonomy":"product_tag","embeddable":true,"href":"https:\/\/www.makitamarket.com.tr\/site\/wp-json\/wp\/v2\/product_tag?post=11088"}],"curies":[{"name":"wp","href":"https:\/\/api.w.org\/{rel}","templated":true}]}}