{"id":11110,"date":"2024-11-27T20:06:32","date_gmt":"2024-11-27T17:06:32","guid":{"rendered":"https:\/\/www.makitamarket.com.tr\/site\/urun\/cora-cora-kompresor-25-lt\/"},"modified":"2025-11-16T06:04:51","modified_gmt":"2025-11-16T03:04:51","slug":"cora-cora-kompresor-25-lt","status":"publish","type":"product","link":"https:\/\/www.makitamarket.com.tr\/site\/urun\/cora-cora-kompresor-25-lt\/","title":{"rendered":"Cora CORA 25 CORA KOMPRES\u00d6R 25 LT."},"content":{"rendered":"<table>\n<tr>\n<td>Depo Hacmi<\/td>\n<td>25 lt<\/td>\n<\/tr>\n<tr>\n<td>Hava Giri\u015fi<\/td>\n<td>194 lt\/d-m3 \/saat<\/td>\n<\/tr>\n<tr>\n<td>Net A\u011f\u0131rl\u0131k<\/td>\n<td>24 kg<\/td>\n<\/tr>\n<tr>\n<td>\u00d6l\u00e7\u00fcler<\/td>\n<td>65x30x61 cm<\/td>\n<\/tr>\n<tr>\n<td>G\u00fc\u00e7 (kW,Hp)<\/td>\n<td>1.5kW \/ 2Hp<\/td>\n<\/tr>\n<tr>\n<td>Bas\u0131n\u00e7 (bar-psi)<\/td>\n<td>8\/115<\/td>\n<\/tr>\n<\/table>\n","protected":false},"excerpt":{"rendered":"<p>Depo Hacmi 25 lt Hava Giri\u015fi 194 lt\/d-m3 \/saat Net A\u011f\u0131rl\u0131k 24 kg \u00d6l\u00e7\u00fcler 65x30x61 cm G\u00fc\u00e7 (kW,Hp) 1.5kW \/ 2Hp Bas\u0131n\u00e7 (bar-psi) 8\/115<\/p>\n","protected":false},"featured_media":11109,"comment_status":"open","ping_status":"closed","template":"","meta":{"_acf_changed":false},"product_brand":[1533],"product_cat":[756],"product_tag":[],"class_list":{"0":"post-11110","1":"product","2":"type-product","3":"status-publish","4":"has-post-thumbnail","6":"product_brand-cora","7":"product_cat-kompresorler","9":"first","10":"outofstock","11":"taxable","12":"shipping-taxable","13":"purchasable","14":"product-type-simple","15":"add-to-wishlist-after_add_to_cart"},"acf":[],"_links":{"self":[{"href":"https:\/\/www.makitamarket.com.tr\/site\/wp-json\/wp\/v2\/product\/11110","targetHints":{"allow":["GET"]}}],"collection":[{"href":"https:\/\/www.makitamarket.com.tr\/site\/wp-json\/wp\/v2\/product"}],"about":[{"href":"https:\/\/www.makitamarket.com.tr\/site\/wp-json\/wp\/v2\/types\/product"}],"replies":[{"embeddable":true,"href":"https:\/\/www.makitamarket.com.tr\/site\/wp-json\/wp\/v2\/comments?post=11110"}],"wp:featuredmedia":[{"embeddable":true,"href":"https:\/\/www.makitamarket.com.tr\/site\/wp-json\/wp\/v2\/media\/11109"}],"wp:attachment":[{"href":"https:\/\/www.makitamarket.com.tr\/site\/wp-json\/wp\/v2\/media?parent=11110"}],"wp:term":[{"taxonomy":"product_brand","embeddable":true,"href":"https:\/\/www.makitamarket.com.tr\/site\/wp-json\/wp\/v2\/product_brand?post=11110"},{"taxonomy":"product_cat","embeddable":true,"href":"https:\/\/www.makitamarket.com.tr\/site\/wp-json\/wp\/v2\/product_cat?post=11110"},{"taxonomy":"product_tag","embeddable":true,"href":"https:\/\/www.makitamarket.com.tr\/site\/wp-json\/wp\/v2\/product_tag?post=11110"}],"curies":[{"name":"wp","href":"https:\/\/api.w.org\/{rel}","templated":true}]}}