{"id":11121,"date":"2024-11-27T20:06:35","date_gmt":"2024-11-27T17:06:35","guid":{"rendered":"https:\/\/www.makitamarket.com.tr\/site\/urun\/uni-t-karbondioksit-olcum-cihazi\/"},"modified":"2026-04-06T13:32:13","modified_gmt":"2026-04-06T10:32:13","slug":"uni-t-karbondioksit-olcum-cihazi","status":"publish","type":"product","link":"https:\/\/www.makitamarket.com.tr\/site\/urun\/uni-t-karbondioksit-olcum-cihazi\/","title":{"rendered":"Uni-t A37 KARBOND\u0130OKS\u0130T \u00d6L\u00c7\u00dcM C\u0130HAZI"},"content":{"rendered":"<table>\n<tr>\n<td>CO2 \u00d6l\u00e7\u00fcm Aral\u0131\u011f\u0131 (\u00c7\u00f6z\u00fcn\u00fcrl\u00fck)<\/td>\n<td>400ppm ~5000ppm (1ppm)<\/td>\n<\/tr>\n<tr>\n<td>S\u0131cakl\u0131k \u00d6l\u00e7\u00fcm Aral\u0131\u011f\u0131 (\u00c7\u00f6z\u00fcn\u00fcrl\u00fck)<\/td>\n<td>-10.0\u02daC~50\u02daC (0.1\u02daC)<\/td>\n<\/tr>\n<tr>\n<td>Nem \u00d6l\u00e7\u00fcm Aral\u0131\u011f\u0131 (\u00c7\u00f6z\u00fcn\u00fcrl\u00fck)<\/td>\n<td>0%RH~99%RH (1%RH)<\/td>\n<\/tr>\n<tr>\n<td>Yan\u0131t s\u00fcresi<\/td>\n<td>>2 dk<\/td>\n<\/tr>\n<tr>\n<td>A\u011f\u0131rl\u0131k<\/td>\n<td>250 g<\/td>\n<\/tr>\n<\/table>\n","protected":false},"excerpt":{"rendered":"<p>CO2 \u00d6l\u00e7\u00fcm Aral\u0131\u011f\u0131 (\u00c7\u00f6z\u00fcn\u00fcrl\u00fck) 400ppm ~5000ppm (1ppm) S\u0131cakl\u0131k \u00d6l\u00e7\u00fcm Aral\u0131\u011f\u0131 (\u00c7\u00f6z\u00fcn\u00fcrl\u00fck) -10.0\u02daC~50\u02daC (0.1\u02daC) Nem \u00d6l\u00e7\u00fcm Aral\u0131\u011f\u0131 (\u00c7\u00f6z\u00fcn\u00fcrl\u00fck) 0%RH~99%RH (1%RH) Yan\u0131t s\u00fcresi >2 dk A\u011f\u0131rl\u0131k 250 g<\/p>\n","protected":false},"featured_media":11120,"comment_status":"open","ping_status":"closed","template":"","meta":{"_acf_changed":false},"product_brand":[1531],"product_cat":[1085],"product_tag":[],"class_list":{"0":"post-11121","1":"product","2":"type-product","3":"status-publish","4":"has-post-thumbnail","6":"product_brand-uni-t","7":"product_cat-karbonmonoksit-olcum-cihazlari","9":"first","10":"instock","11":"taxable","12":"shipping-taxable","13":"purchasable","14":"product-type-simple","15":"add-to-wishlist-after_add_to_cart"},"acf":[],"_links":{"self":[{"href":"https:\/\/www.makitamarket.com.tr\/site\/wp-json\/wp\/v2\/product\/11121","targetHints":{"allow":["GET"]}}],"collection":[{"href":"https:\/\/www.makitamarket.com.tr\/site\/wp-json\/wp\/v2\/product"}],"about":[{"href":"https:\/\/www.makitamarket.com.tr\/site\/wp-json\/wp\/v2\/types\/product"}],"replies":[{"embeddable":true,"href":"https:\/\/www.makitamarket.com.tr\/site\/wp-json\/wp\/v2\/comments?post=11121"}],"wp:featuredmedia":[{"embeddable":true,"href":"https:\/\/www.makitamarket.com.tr\/site\/wp-json\/wp\/v2\/media\/11120"}],"wp:attachment":[{"href":"https:\/\/www.makitamarket.com.tr\/site\/wp-json\/wp\/v2\/media?parent=11121"}],"wp:term":[{"taxonomy":"product_brand","embeddable":true,"href":"https:\/\/www.makitamarket.com.tr\/site\/wp-json\/wp\/v2\/product_brand?post=11121"},{"taxonomy":"product_cat","embeddable":true,"href":"https:\/\/www.makitamarket.com.tr\/site\/wp-json\/wp\/v2\/product_cat?post=11121"},{"taxonomy":"product_tag","embeddable":true,"href":"https:\/\/www.makitamarket.com.tr\/site\/wp-json\/wp\/v2\/product_tag?post=11121"}],"curies":[{"name":"wp","href":"https:\/\/api.w.org\/{rel}","templated":true}]}}