{"id":11125,"date":"2024-11-27T20:06:36","date_gmt":"2024-11-27T17:06:36","guid":{"rendered":"https:\/\/www.makitamarket.com.tr\/site\/urun\/proxxon-endustriyel-23-353-proxxon-1-2-tork-anahtari\/"},"modified":"2026-04-13T19:53:33","modified_gmt":"2026-04-13T16:53:33","slug":"proxxon-endustriyel-23-353-proxxon-1-2-tork-anahtari","status":"publish","type":"product","link":"https:\/\/www.makitamarket.com.tr\/site\/urun\/proxxon-endustriyel-23-353-proxxon-1-2-tork-anahtari\/","title":{"rendered":"Proxxon End\u00fcstriyel 23353 23 353 PROXXON 1\/2&#8242; TORK ANAHTARI"},"content":{"rendered":"<p>Proxxon Tork anahtar\u0131,40 ile 200NM aras\u0131nda Tork,<\/p>\n<table>\n<tr>\n<td>\u00d6l\u00e7\u00fc<\/td>\n<td>1\/2&#8243;<\/td>\n<\/tr>\n<tr>\n<td>Amblaj<\/td>\n<td>blister<\/td>\n<\/tr>\n<\/table>\n","protected":false},"excerpt":{"rendered":"<p>Proxxon Tork anahtar\u0131,40 ile 200NM aras\u0131nda Tork,<\/p>\n","protected":false},"featured_media":11124,"comment_status":"open","ping_status":"closed","template":"","meta":{"_acf_changed":false},"product_brand":[1529],"product_cat":[978],"product_tag":[],"class_list":{"0":"post-11125","1":"product","2":"type-product","3":"status-publish","4":"has-post-thumbnail","6":"product_brand-proxxon-endustriyel","7":"product_cat-anahtarlar","9":"first","10":"outofstock","11":"taxable","12":"shipping-taxable","13":"purchasable","14":"product-type-simple","15":"add-to-wishlist-after_add_to_cart"},"acf":[],"_links":{"self":[{"href":"https:\/\/www.makitamarket.com.tr\/site\/wp-json\/wp\/v2\/product\/11125","targetHints":{"allow":["GET"]}}],"collection":[{"href":"https:\/\/www.makitamarket.com.tr\/site\/wp-json\/wp\/v2\/product"}],"about":[{"href":"https:\/\/www.makitamarket.com.tr\/site\/wp-json\/wp\/v2\/types\/product"}],"replies":[{"embeddable":true,"href":"https:\/\/www.makitamarket.com.tr\/site\/wp-json\/wp\/v2\/comments?post=11125"}],"wp:featuredmedia":[{"embeddable":true,"href":"https:\/\/www.makitamarket.com.tr\/site\/wp-json\/wp\/v2\/media\/11124"}],"wp:attachment":[{"href":"https:\/\/www.makitamarket.com.tr\/site\/wp-json\/wp\/v2\/media?parent=11125"}],"wp:term":[{"taxonomy":"product_brand","embeddable":true,"href":"https:\/\/www.makitamarket.com.tr\/site\/wp-json\/wp\/v2\/product_brand?post=11125"},{"taxonomy":"product_cat","embeddable":true,"href":"https:\/\/www.makitamarket.com.tr\/site\/wp-json\/wp\/v2\/product_cat?post=11125"},{"taxonomy":"product_tag","embeddable":true,"href":"https:\/\/www.makitamarket.com.tr\/site\/wp-json\/wp\/v2\/product_tag?post=11125"}],"curies":[{"name":"wp","href":"https:\/\/api.w.org\/{rel}","templated":true}]}}