{"id":11134,"date":"2024-11-27T20:06:38","date_gmt":"2024-11-27T17:06:38","guid":{"rendered":"https:\/\/www.makitamarket.com.tr\/site\/urun\/proxxon-proxxon-28547-lhw-taslama\/"},"modified":"2026-04-06T13:32:59","modified_gmt":"2026-04-06T10:32:59","slug":"proxxon-proxxon-28547-lhw-taslama","status":"publish","type":"product","link":"https:\/\/www.makitamarket.com.tr\/site\/urun\/proxxon-proxxon-28547-lhw-taslama\/","title":{"rendered":"Proxxon 28547 LWS PROXXON 28547 LHW TA\u015eLAMA"},"content":{"rendered":"<div>\n\t<strong>Uyumlu Aksesuarlar:<\/strong><\/div>\n<div>\n\tPROX28548 : Z\u0131mpara altl\u0131\u011f\u0131 (1)<\/div>\n<div>\n\tPROX28549 : Z\u0131mpara 80 kum (12)<\/div>\n<div>\n\tPROX28550 : Z\u0131mpara 120 kum (12)<\/div>\n<div>\n\tPROX28554 : Z\u0131mparake\u00e7esi orta (5)<\/div>\n<div>\n\tPROX28555 : Z\u0131mparake\u00e7esi ince (5)<\/div>\n<div>\n\tPROX28585 : Ta\u015flama diski 60 kum (1)<\/div>\n<div>\n\tPROX28587 : Ta\u015flama diski 60 kum (1)<\/div>\n<div>\n\tPROX28590 : Flap \u0131\u203ampara 100 kum (1)<\/div>\n<div>\n\tPROX28591 : Flap z\u0131mpara 240 kum (1)<\/div>\n<div>\n\tPROX28155 : Kesici disk (1)<\/div>\n<div>\n\tPROX29050 : Metal p\u00fct\u00fcrl\u00fc t\u00f6rp\u00fc disk (1)<\/div>\n<div>\n\tPROX28410 : Micromot alet tutucu<\/div>\n<div>\n\t<span style=\"font-size:12px;\"><span style=\"font-family:tahoma,geneva,sans-serif;\"><span style=\"font-family:tahoma,geneva,sans-serif;\"><br \/>\n\t<\/span><\/span><\/span><\/div>\n<table>\n<tr>\n<td>Devir<\/td>\n<td>13,000 d\/dk<\/td>\n<\/tr>\n<tr>\n<td>Voltaj<\/td>\n<td>220-240V<\/td>\n<\/tr>\n<tr>\n<td>A\u011f\u0131rl\u0131k<\/td>\n<td>550 g<\/td>\n<\/tr>\n<tr>\n<td>Uzunluk<\/td>\n<td>27 cm<\/td>\n<\/tr>\n<tr>\n<td>Muhafaza<\/td>\n<td>Dayan\u0131kl\u0131 Plastik Kutu<\/td>\n<\/tr>\n<tr>\n<td>G\u00fc\u00e7<\/td>\n<td>100 W<\/td>\n<\/tr>\n<tr>\n<td>Disk \u00d6l\u00e7\u00fcleri<\/td>\n<td>Disk : 50mm, G\u00f6bek :10mm<\/td>\n<\/tr>\n<\/table>\n","protected":false},"excerpt":{"rendered":"<div>\n\t<strong>Uyumlu Aksesuarlar:<\/strong><\/div>\n<div>\n\tPROX28548 : Z\u0131mpara altl\u0131\u011f\u0131 (1)<\/div>\n<div>\n\tPROX28549 : Z\u0131mpara 80 kum (12)<\/div>\n<div>\n\tPROX28550 : Z\u0131mpara 120 kum (12)<\/div>\n<div>\n\tPROX28554 : Z\u0131mparake\u00e7esi orta (5)<\/div>\n<div>\n\tPROX28555 : Z\u0131mparake\u00e7esi ince (5)<\/div>\n<div>\n\tPROX28585 : Ta\u015flama diski 60 kum (1)<\/div>\n<div>\n\tPROX28587 : Ta\u015flama diski 60 kum (1)<\/div>\n<div>\n\tPROX28590 : Flap \u0131\u203ampara 100 kum (1)<\/div>\n<div>\n\tPROX28591 : Flap z\u0131mpara 240 kum (1)<\/div>\n<div>\n\tPROX28155 : Kesici disk (1)<\/div>\n<div>\n\tPROX29050 : Metal p\u00fct\u00fcrl\u00fc t\u00f6rp\u00fc disk (1)<\/div>\n<div>\n\tPROX28410 : Micromot alet tutucu<\/div>\n<div>\n\t<span style=\"font-size:12px;\"><span style=\"font-family:tahoma,geneva,sans-serif;\"><span style=\"font-family:tahoma,geneva,sans-serif;\"><br \/>\n\t<\/span><\/span><\/span><\/div>\n","protected":false},"featured_media":11133,"comment_status":"open","ping_status":"closed","template":"","meta":{"_acf_changed":false},"product_brand":[1501],"product_cat":[1114],"product_tag":[],"class_list":{"0":"post-11134","1":"product","2":"type-product","3":"status-publish","4":"has-post-thumbnail","6":"product_brand-proxxon","7":"product_cat-taslama-makinalari","9":"first","10":"outofstock","11":"taxable","12":"shipping-taxable","13":"purchasable","14":"product-type-simple","15":"add-to-wishlist-after_add_to_cart"},"acf":[],"_links":{"self":[{"href":"https:\/\/www.makitamarket.com.tr\/site\/wp-json\/wp\/v2\/product\/11134","targetHints":{"allow":["GET"]}}],"collection":[{"href":"https:\/\/www.makitamarket.com.tr\/site\/wp-json\/wp\/v2\/product"}],"about":[{"href":"https:\/\/www.makitamarket.com.tr\/site\/wp-json\/wp\/v2\/types\/product"}],"replies":[{"embeddable":true,"href":"https:\/\/www.makitamarket.com.tr\/site\/wp-json\/wp\/v2\/comments?post=11134"}],"wp:featuredmedia":[{"embeddable":true,"href":"https:\/\/www.makitamarket.com.tr\/site\/wp-json\/wp\/v2\/media\/11133"}],"wp:attachment":[{"href":"https:\/\/www.makitamarket.com.tr\/site\/wp-json\/wp\/v2\/media?parent=11134"}],"wp:term":[{"taxonomy":"product_brand","embeddable":true,"href":"https:\/\/www.makitamarket.com.tr\/site\/wp-json\/wp\/v2\/product_brand?post=11134"},{"taxonomy":"product_cat","embeddable":true,"href":"https:\/\/www.makitamarket.com.tr\/site\/wp-json\/wp\/v2\/product_cat?post=11134"},{"taxonomy":"product_tag","embeddable":true,"href":"https:\/\/www.makitamarket.com.tr\/site\/wp-json\/wp\/v2\/product_tag?post=11134"}],"curies":[{"name":"wp","href":"https:\/\/api.w.org\/{rel}","templated":true}]}}