{"id":11151,"date":"2024-11-27T20:06:45","date_gmt":"2024-11-27T17:06:45","guid":{"rendered":"https:\/\/www.makitamarket.com.tr\/site\/urun\/kama-by-reis-benzinli-sirt-tirpan-makinasi-51-7-cc\/"},"modified":"2026-03-30T07:58:37","modified_gmt":"2026-03-30T04:58:37","slug":"kama-by-reis-benzinli-sirt-tirpan-makinasi-51-7-cc","status":"publish","type":"product","link":"https:\/\/www.makitamarket.com.tr\/site\/urun\/kama-by-reis-benzinli-sirt-tirpan-makinasi-51-7-cc\/","title":{"rendered":"Kama By Reis BST52 BENZ\u0130NL\u0130 SIRT TIRPAN MAK\u0130NASI 51.7 CC"},"content":{"rendered":"<table>\n<tr>\n<td>Motor tipi<\/td>\n<td>2 Zamanl\u0131<\/td>\n<\/tr>\n<tr>\n<td>Motor Hacmi<\/td>\n<td>51.7 CC \/ 2.2Hp<\/td>\n<\/tr>\n<tr>\n<td>Yak\u0131t depo kapasitesi<\/td>\n<td>1.2 L<\/td>\n<\/tr>\n<tr>\n<td>Maks. Devir H\u0131z\u0131<\/td>\n<td>7.400 d\/dak<\/td>\n<\/tr>\n<tr>\n<td>\u00c7al\u0131\u015ft\u0131rma<\/td>\n<td>\u0130pli<\/td>\n<\/tr>\n<tr>\n<td>Kullan\u0131labilir Motor Ya\u011f\u0131<\/td>\n<td>2 Zamanl\u0131 Motor Ya\u011f\u0131<\/td>\n<\/tr>\n<tr>\n<td>Net A\u011f\u0131rl\u0131k<\/td>\n<td>11 kg<\/td>\n<\/tr>\n<\/table>\n","protected":false},"excerpt":{"rendered":"<p>Motor tipi 2 Zamanl\u0131 Motor Hacmi 51.7 CC \/ 2.2Hp Yak\u0131t depo kapasitesi 1.2 L Maks. Devir H\u0131z\u0131 7.400 d\/dak \u00c7al\u0131\u015ft\u0131rma \u0130pli Kullan\u0131labilir Motor Ya\u011f\u0131 2 Zamanl\u0131 Motor Ya\u011f\u0131 Net<\/p>\n","protected":false},"featured_media":11150,"comment_status":"open","ping_status":"closed","template":"","meta":{"_acf_changed":false},"product_brand":[1500],"product_cat":[856],"product_tag":[],"class_list":{"0":"post-11151","1":"product","2":"type-product","3":"status-publish","4":"has-post-thumbnail","6":"product_brand-kama-by-reis","7":"product_cat-benzinli-motorlu-tirpanlar","9":"first","10":"instock","11":"taxable","12":"shipping-taxable","13":"purchasable","14":"product-type-simple","15":"add-to-wishlist-after_add_to_cart"},"acf":[],"_links":{"self":[{"href":"https:\/\/www.makitamarket.com.tr\/site\/wp-json\/wp\/v2\/product\/11151","targetHints":{"allow":["GET"]}}],"collection":[{"href":"https:\/\/www.makitamarket.com.tr\/site\/wp-json\/wp\/v2\/product"}],"about":[{"href":"https:\/\/www.makitamarket.com.tr\/site\/wp-json\/wp\/v2\/types\/product"}],"replies":[{"embeddable":true,"href":"https:\/\/www.makitamarket.com.tr\/site\/wp-json\/wp\/v2\/comments?post=11151"}],"wp:featuredmedia":[{"embeddable":true,"href":"https:\/\/www.makitamarket.com.tr\/site\/wp-json\/wp\/v2\/media\/11150"}],"wp:attachment":[{"href":"https:\/\/www.makitamarket.com.tr\/site\/wp-json\/wp\/v2\/media?parent=11151"}],"wp:term":[{"taxonomy":"product_brand","embeddable":true,"href":"https:\/\/www.makitamarket.com.tr\/site\/wp-json\/wp\/v2\/product_brand?post=11151"},{"taxonomy":"product_cat","embeddable":true,"href":"https:\/\/www.makitamarket.com.tr\/site\/wp-json\/wp\/v2\/product_cat?post=11151"},{"taxonomy":"product_tag","embeddable":true,"href":"https:\/\/www.makitamarket.com.tr\/site\/wp-json\/wp\/v2\/product_tag?post=11151"}],"curies":[{"name":"wp","href":"https:\/\/api.w.org\/{rel}","templated":true}]}}