{"id":11153,"date":"2024-11-27T20:06:45","date_gmt":"2024-11-27T17:06:45","guid":{"rendered":"https:\/\/www.makitamarket.com.tr\/site\/urun\/proxxon-proxxon-28530-sts-e-dekupaj-testere\/"},"modified":"2026-04-06T13:33:04","modified_gmt":"2026-04-06T10:33:04","slug":"proxxon-proxxon-28530-sts-e-dekupaj-testere","status":"publish","type":"product","link":"https:\/\/www.makitamarket.com.tr\/site\/urun\/proxxon-proxxon-28530-sts-e-dekupaj-testere\/","title":{"rendered":"Proxxon 28530 STS-E PROXXON 28530 STS\/E DEKUPAJ TESTERE"},"content":{"rendered":"<div>\n\t<strong>Kullan\u0131m Alanlar\u0131 :<\/strong> Ah\u015fap ince metal, plastik, pc kartlar\u0131 ve bu gibi malzemelerin d\u00fcz ve kavisli kesimi i\u00e7in kullan\u0131l\u0131r.<\/div>\n<div>\n\t<strong>Kesim Kapasitesi : <\/strong>Ah\u015fapta 12mm, PC elektronik kartlarda 5mm, 3mm&#8217;e kadar ince metal.<\/div>\n<div>\n\t<strong>Sevkiyat Kapsam\u0131 :<\/strong> Ah\u015fap, plastik ve metal i\u00e7in 4 adet testere ile birlikte sevk edilir.<\/div>\n<div>\n\t<strong>Uyumlu Aksesuarlar:<\/strong><\/div>\n<div>\n\t<strong>PROX28054:<\/strong> \u00d6zel \u00e7elikten dekupaj b\u0131\u00e7aklar\u0131 (2)<\/div>\n<div>\n\t<strong>PROX28056:<\/strong> HSS dekupaj b\u0131\u00e7aklar\u0131 (2)<\/div>\n<div>\n\t<strong>PROX28410:<\/strong> Micromot alet tutucu<\/div>\n<table>\n<tr>\n<td>G\u00fc\u00e7<\/td>\n<td>80 W<\/td>\n<\/tr>\n<tr>\n<td>Uzunluk<\/td>\n<td>23 cm<\/td>\n<\/tr>\n<tr>\n<td>Voltaj<\/td>\n<td>220-240V<\/td>\n<\/tr>\n<tr>\n<td>Devir<\/td>\n<td>2,000-4,500 d\/dak<\/td>\n<\/tr>\n<tr>\n<td>A\u011f\u0131rl\u0131k<\/td>\n<td>700g<\/td>\n<\/tr>\n<tr>\n<td>Muhafaza<\/td>\n<td>Dayan\u0131kl\u0131 Plastik Kutu<\/td>\n<\/tr>\n<\/table>\n","protected":false},"excerpt":{"rendered":"<div>\n\t<strong>Kullan\u0131m Alanlar\u0131 :<\/strong> Ah\u015fap ince metal, plastik, pc kartlar\u0131 ve bu gibi malzemelerin d\u00fcz ve kavisli kesimi i\u00e7in kullan\u0131l\u0131r.<\/div>\n<div>\n\t<strong>Kesim Kapasitesi : <\/strong>Ah\u015fapta 12mm, PC elektronik kartlarda 5mm, 3mm&#8217;e kadar ince metal.<\/div>\n<div>\n\t<strong>Sevkiyat Kapsam\u0131 :<\/strong> Ah\u015fap, plastik ve metal i\u00e7in 4 adet testere ile birlikte sevk edilir.<\/div>\n<div>\n\t<strong>Uyumlu Aksesuarlar:<\/strong><\/div>\n<div>\n\t<strong>PROX28054:<\/strong> \u00d6zel \u00e7elikten dekupaj b\u0131\u00e7aklar\u0131 (2)<\/div>\n<div>\n\t<strong>PROX28056:<\/strong> HSS dekupaj b\u0131\u00e7aklar\u0131 (2)<\/div>\n<div>\n\t<strong>PROX28410:<\/strong> Micromot alet tutucu<\/div>\n","protected":false},"featured_media":11152,"comment_status":"open","ping_status":"closed","template":"","meta":{"_acf_changed":false},"product_brand":[1501],"product_cat":[895],"product_tag":[],"class_list":{"0":"post-11153","1":"product","2":"type-product","3":"status-publish","4":"has-post-thumbnail","6":"product_brand-proxxon","7":"product_cat-dekupaj-testere-makinalari","9":"first","10":"instock","11":"taxable","12":"shipping-taxable","13":"purchasable","14":"product-type-simple","15":"add-to-wishlist-after_add_to_cart"},"acf":[],"_links":{"self":[{"href":"https:\/\/www.makitamarket.com.tr\/site\/wp-json\/wp\/v2\/product\/11153","targetHints":{"allow":["GET"]}}],"collection":[{"href":"https:\/\/www.makitamarket.com.tr\/site\/wp-json\/wp\/v2\/product"}],"about":[{"href":"https:\/\/www.makitamarket.com.tr\/site\/wp-json\/wp\/v2\/types\/product"}],"replies":[{"embeddable":true,"href":"https:\/\/www.makitamarket.com.tr\/site\/wp-json\/wp\/v2\/comments?post=11153"}],"wp:featuredmedia":[{"embeddable":true,"href":"https:\/\/www.makitamarket.com.tr\/site\/wp-json\/wp\/v2\/media\/11152"}],"wp:attachment":[{"href":"https:\/\/www.makitamarket.com.tr\/site\/wp-json\/wp\/v2\/media?parent=11153"}],"wp:term":[{"taxonomy":"product_brand","embeddable":true,"href":"https:\/\/www.makitamarket.com.tr\/site\/wp-json\/wp\/v2\/product_brand?post=11153"},{"taxonomy":"product_cat","embeddable":true,"href":"https:\/\/www.makitamarket.com.tr\/site\/wp-json\/wp\/v2\/product_cat?post=11153"},{"taxonomy":"product_tag","embeddable":true,"href":"https:\/\/www.makitamarket.com.tr\/site\/wp-json\/wp\/v2\/product_tag?post=11153"}],"curies":[{"name":"wp","href":"https:\/\/api.w.org\/{rel}","templated":true}]}}