{"id":11168,"date":"2024-11-27T20:06:49","date_gmt":"2024-11-27T17:06:49","guid":{"rendered":"https:\/\/www.makitamarket.com.tr\/site\/urun\/makita-formika-tiraslama-makinasi\/"},"modified":"2026-04-06T13:33:12","modified_gmt":"2026-04-06T10:33:12","slug":"makita-formika-tiraslama-makinasi","status":"publish","type":"product","link":"https:\/\/www.makitamarket.com.tr\/site\/urun\/makita-formika-tiraslama-makinasi\/","title":{"rendered":"Makita 3711 FORM\u0130KA TIRA\u015eLAMA MAK\u0130NASI"},"content":{"rendered":"<p>Model 3711<\/p>\n<p>Freze<\/p>\n<p>Formika T\u0131ra\u015flama<\/p>\n<p>530 W \u2022 6 mm<\/p>\n<p><span style=\"color: rgb(0, 112, 192);\">Ah\u015fap i\u00e7in kompakt el frezesi modeli<\/span><\/p>\n<p>Makita 3711, ah\u015fap y\u00fczeylerde oyma, kenar \u015fekillendirme ve detayl\u0131 i\u015fler i\u00e7in tasarlanm\u0131\u015f kompakt bir el frezesi modelidir. 530 W motor g\u00fcc\u00fc ve 6 mm \u00e7apa kadar freze kapasitesiyle hassas ve verimli \u00e7al\u0131\u015fma imk\u00e2n\u0131 sunar. Genellikle marangozluk, mobilya yap\u0131m\u0131 ve ah\u015fap dekorasyon projelerinde kullan\u0131l\u0131r. Hafif ve ergonomik tasar\u0131m\u0131, kolay kullan\u0131m ve y\u00fcksek hassasiyet sa\u011flar, k\u00fc\u00e7\u00fck detayl\u0131 i\u015fler i\u00e7in idealdir.<\/p>\n<p><span style=\"color: red;\">Kullan\u0131m amac\u0131: <\/span>Bu alet lamine levha veya benzeri malzemelerin kenarlar\u0131n\u0131 kesmek amac\u0131yla tasarlanm\u0131\u015ft\u0131r.<\/p>\n<p><u>\u00d6zellikleri:<\/u><\/p>\n<p><span style=\"color: red;\">G\u00fc\u00e7 Kayna\u011f\u0131:<\/span>Aletin,yaln\u0131zca isim levhas\u0131nda belirtilenle ayn\u0131 voltajl\u0131 g\u00fc\u00e7 kayna\u011f\u0131na ba\u011flanmas\u0131 gerekir ve yaln\u0131zca tek fazl\u0131 AC g\u00fc\u00e7 kayna\u011f\u0131yla \u00e7al\u0131\u015ft\u0131r\u0131labilir. \u00c7ifte yal\u0131t\u0131ml\u0131d\u0131r ve topraklamas\u0131z prizlerle de kullan\u0131labilir.<\/p>\n<ol>\n<li data-list=\"bullet\"><span class=\"ql-ui\" contenteditable=\"false\"><\/span>\u00c7ift yal\u0131t\u0131ml\u0131d\u0131r.<\/li>\n<li data-list=\"bullet\"><span class=\"ql-ui\" contenteditable=\"false\"><\/span>Yumu\u015fak ba\u015flama \u00f6zelli\u011fi mevcuttur.<\/li>\n<\/ol>\n<p>Ambalaj i\u00e7eri\u011fi: Tek el kenar alma tablas\u0131, kenar g\u00f6nye k\u0131lavuzu,\u015fablon k\u0131lavuzu,anahtar,konik pens<\/p>\n<table>\n<tr>\n<td>S\u00fcrekli Ak\u0131m Giri\u015fi<\/td>\n<td>530W<\/td>\n<\/tr>\n<tr>\n<td>Kapasite<\/td>\n<td>U\u00e7 tutucu : 6mm<\/td>\n<\/tr>\n<tr>\n<td>Bo\u015fta Devir<\/td>\n<td>32000devir\/dk<\/td>\n<\/tr>\n<tr>\n<td>Net A\u011f\u0131rl\u0131k<\/td>\n<td>1.5kg<\/td>\n<\/tr>\n<tr>\n<td>Ak\u0131m<\/td>\n<td>2.3Ah<\/td>\n<\/tr>\n<\/table>\n","protected":false},"excerpt":{"rendered":"<p>Model 3711<\/p>\n<p>Freze<\/p>\n<p>Formika T\u0131ra\u015flama<\/p>\n<p>530 W \u2022 6 mm<\/p>\n<p><span style=\"color: rgb(0, 112, 192);\">Ah\u015fap i\u00e7in kompakt el frezesi modeli<\/span><\/p>\n<p>Makita 3711, ah\u015fap y\u00fczeylerde oyma, kenar \u015fekillendirme ve detayl\u0131 i\u015fler i\u00e7in tasarlanm\u0131\u015f kompakt bir el frezesi modelidir. 530 W motor g\u00fcc\u00fc ve 6 mm \u00e7apa kadar freze kapasitesiyle hassas ve verimli \u00e7al\u0131\u015fma imk\u00e2n\u0131 sunar. Genellikle marangozluk, mobilya yap\u0131m\u0131 ve ah\u015fap dekorasyon projelerinde kullan\u0131l\u0131r. Hafif ve ergonomik tasar\u0131m\u0131, kolay kullan\u0131m ve y\u00fcksek hassasiyet sa\u011flar, k\u00fc\u00e7\u00fck detayl\u0131 i\u015fler i\u00e7in idealdir.<\/p>\n<p><span style=\"color: red;\">Kullan\u0131m amac\u0131: <\/span>Bu alet lamine levha veya benzeri malzemelerin kenarlar\u0131n\u0131 kesmek amac\u0131yla tasarlanm\u0131\u015ft\u0131r.<\/p>\n<p><u>\u00d6zellikleri:<\/u><\/p>\n<p><span style=\"color: red;\">G\u00fc\u00e7 Kayna\u011f\u0131:<\/span>Aletin,yaln\u0131zca isim levhas\u0131nda belirtilenle ayn\u0131 voltajl\u0131 g\u00fc\u00e7 kayna\u011f\u0131na ba\u011flanmas\u0131 gerekir ve yaln\u0131zca tek fazl\u0131 AC g\u00fc\u00e7 kayna\u011f\u0131yla \u00e7al\u0131\u015ft\u0131r\u0131labilir. \u00c7ifte yal\u0131t\u0131ml\u0131d\u0131r ve topraklamas\u0131z prizlerle de kullan\u0131labilir.<\/p>\n<ol>\n<li data-list=\"bullet\"><span class=\"ql-ui\" contenteditable=\"false\"><\/span>\u00c7ift yal\u0131t\u0131ml\u0131d\u0131r.<\/li>\n<li data-list=\"bullet\"><span class=\"ql-ui\" contenteditable=\"false\"><\/span>Yumu\u015fak ba\u015flama \u00f6zelli\u011fi mevcuttur.<\/li>\n<\/ol>\n<p>Ambalaj i\u00e7eri\u011fi: Tek el kenar alma tablas\u0131, kenar g\u00f6nye k\u0131lavuzu,\u015fablon k\u0131lavuzu,anahtar,konik pens<\/p>\n","protected":false},"featured_media":11167,"comment_status":"open","ping_status":"closed","template":"","meta":{"_acf_changed":false},"product_brand":[1485],"product_cat":[1565],"product_tag":[],"class_list":{"0":"post-11168","1":"product","2":"type-product","3":"status-publish","4":"has-post-thumbnail","6":"product_brand-makita","7":"product_cat-yok-yok","9":"first","10":"outofstock","11":"taxable","12":"shipping-taxable","13":"purchasable","14":"product-type-simple","15":"add-to-wishlist-after_add_to_cart"},"acf":[],"_links":{"self":[{"href":"https:\/\/www.makitamarket.com.tr\/site\/wp-json\/wp\/v2\/product\/11168","targetHints":{"allow":["GET"]}}],"collection":[{"href":"https:\/\/www.makitamarket.com.tr\/site\/wp-json\/wp\/v2\/product"}],"about":[{"href":"https:\/\/www.makitamarket.com.tr\/site\/wp-json\/wp\/v2\/types\/product"}],"replies":[{"embeddable":true,"href":"https:\/\/www.makitamarket.com.tr\/site\/wp-json\/wp\/v2\/comments?post=11168"}],"wp:featuredmedia":[{"embeddable":true,"href":"https:\/\/www.makitamarket.com.tr\/site\/wp-json\/wp\/v2\/media\/11167"}],"wp:attachment":[{"href":"https:\/\/www.makitamarket.com.tr\/site\/wp-json\/wp\/v2\/media?parent=11168"}],"wp:term":[{"taxonomy":"product_brand","embeddable":true,"href":"https:\/\/www.makitamarket.com.tr\/site\/wp-json\/wp\/v2\/product_brand?post=11168"},{"taxonomy":"product_cat","embeddable":true,"href":"https:\/\/www.makitamarket.com.tr\/site\/wp-json\/wp\/v2\/product_cat?post=11168"},{"taxonomy":"product_tag","embeddable":true,"href":"https:\/\/www.makitamarket.com.tr\/site\/wp-json\/wp\/v2\/product_tag?post=11168"}],"curies":[{"name":"wp","href":"https:\/\/api.w.org\/{rel}","templated":true}]}}