{"id":11178,"date":"2024-11-27T20:06:55","date_gmt":"2024-11-27T17:06:55","guid":{"rendered":"https:\/\/www.makitamarket.com.tr\/site\/urun\/lavor-amator-hobi-soguk-yikama-makinasi-135-bar\/"},"modified":"2026-04-06T13:33:15","modified_gmt":"2026-04-06T10:33:15","slug":"lavor-amator-hobi-soguk-yikama-makinasi-135-bar","status":"publish","type":"product","link":"https:\/\/www.makitamarket.com.tr\/site\/urun\/lavor-amator-hobi-soguk-yikama-makinasi-135-bar\/","title":{"rendered":"Lavor ONEEXTRA135 AMAT\u00d6R HOB\u0130 SO\u011eUK YIKAMA MAK\u0130NASI 135 BAR"},"content":{"rendered":"<div>\n\tBir defada maksimum 14 dk. \u00e7al\u0131\u015f\u0131r.<\/div>\n<div>\n\tKovadan su emi\u0219i yapabilmektedir\u00a0<\/div>\n<table>\n<tr>\n<td>Max. Bas\u0131n\u00e7<\/td>\n<td>135 bar<\/td>\n<\/tr>\n<tr>\n<td>Debi<\/td>\n<td>420 lt.\/h<\/td>\n<\/tr>\n<tr>\n<td>Motor G\u00fcc\u00fc<\/td>\n<td>1900 Watt\/220V<\/td>\n<\/tr>\n<tr>\n<td>Otomatik Stop Sistemi<\/td>\n<td>Mevcut<\/td>\n<\/tr>\n<tr>\n<td>Hortum<\/td>\n<td>4 mt. 1\/4<\/td>\n<\/tr>\n<tr>\n<td>A\u011f\u0131rl\u0131k<\/td>\n<td>8 Kg.<\/td>\n<\/tr>\n<tr>\n<td>\u00d6l\u00e7\u00fc<\/td>\n<td>29x27x66 mm<\/td>\n<\/tr>\n<tr>\n<td>Is\u0131<\/td>\n<td>40\u00b0 C<\/td>\n<\/tr>\n<\/table>\n","protected":false},"excerpt":{"rendered":"<div>\n\tBir defada maksimum 14 dk. \u00e7al\u0131\u015f\u0131r.<\/div>\n<div>\n\tKovadan su emi\u0219i yapabilmektedir\u00a0<\/div>\n","protected":false},"featured_media":11177,"comment_status":"open","ping_status":"closed","template":"","meta":{"_acf_changed":false},"product_brand":[1493],"product_cat":[822],"product_tag":[],"class_list":{"0":"post-11178","1":"product","2":"type-product","3":"status-publish","4":"has-post-thumbnail","6":"product_brand-lavor","7":"product_cat-amator-hobi-soguk-yikama-makinalari","9":"first","10":"instock","11":"taxable","12":"shipping-taxable","13":"purchasable","14":"product-type-simple","15":"add-to-wishlist-after_add_to_cart"},"acf":[],"_links":{"self":[{"href":"https:\/\/www.makitamarket.com.tr\/site\/wp-json\/wp\/v2\/product\/11178","targetHints":{"allow":["GET"]}}],"collection":[{"href":"https:\/\/www.makitamarket.com.tr\/site\/wp-json\/wp\/v2\/product"}],"about":[{"href":"https:\/\/www.makitamarket.com.tr\/site\/wp-json\/wp\/v2\/types\/product"}],"replies":[{"embeddable":true,"href":"https:\/\/www.makitamarket.com.tr\/site\/wp-json\/wp\/v2\/comments?post=11178"}],"wp:featuredmedia":[{"embeddable":true,"href":"https:\/\/www.makitamarket.com.tr\/site\/wp-json\/wp\/v2\/media\/11177"}],"wp:attachment":[{"href":"https:\/\/www.makitamarket.com.tr\/site\/wp-json\/wp\/v2\/media?parent=11178"}],"wp:term":[{"taxonomy":"product_brand","embeddable":true,"href":"https:\/\/www.makitamarket.com.tr\/site\/wp-json\/wp\/v2\/product_brand?post=11178"},{"taxonomy":"product_cat","embeddable":true,"href":"https:\/\/www.makitamarket.com.tr\/site\/wp-json\/wp\/v2\/product_cat?post=11178"},{"taxonomy":"product_tag","embeddable":true,"href":"https:\/\/www.makitamarket.com.tr\/site\/wp-json\/wp\/v2\/product_tag?post=11178"}],"curies":[{"name":"wp","href":"https:\/\/api.w.org\/{rel}","templated":true}]}}