{"id":11182,"date":"2024-11-27T20:06:56","date_gmt":"2024-11-27T17:06:56","guid":{"rendered":"https:\/\/www.makitamarket.com.tr\/site\/urun\/knipex-kuplon-makasi-yedek-agiz-760-mm\/"},"modified":"2026-04-06T13:33:55","modified_gmt":"2026-04-06T10:33:55","slug":"knipex-kuplon-makasi-yedek-agiz-760-mm","status":"publish","type":"product","link":"https:\/\/www.makitamarket.com.tr\/site\/urun\/knipex-kuplon-makasi-yedek-agiz-760-mm\/","title":{"rendered":"Knipex 7179760 KUPLON MAKASI YEDEK A\u011eIZ 760 mm"},"content":{"rendered":"<p><b>71 79 760 71 72 760 i\u00e7in yedek b\u0131\u00e7ak kafas\u0131<\/b><br \/>Komple, vidalar dahil. 71 72 760 i\u00e7in yedek b\u0131\u00e7ak kafas\u0131. <\/p>\n<li><b>HRC 19: <\/b>\u00d8 11 mm<\/li>\n<li><b>HRC 40: <\/b>\u00d8 9 mm<\/li>\n<li><b>HRC 48: <\/b>\u00d8 8 mm<\/li>\n<table>\n<tr>\n<td>A\u00e7\u0131klama<\/td>\n<td>71 72 760\u2019\u0131n yedek a\u011fz\u0131<\/td>\n<\/tr>\n<\/table>\n","protected":false},"excerpt":{"rendered":"<p><b>71 79 760 71 72 760 i\u00e7in yedek b\u0131\u00e7ak kafas\u0131<\/b><br \/>Komple, vidalar dahil. 71 72 760 i\u00e7in yedek b\u0131\u00e7ak kafas\u0131. <\/p>\n<li><b>HRC 19: <\/b>\u00d8 11 mm<\/li>\n<li><b>HRC 40: <\/b>\u00d8 9 mm<\/li>\n<li><b>HRC 48: <\/b>\u00d8 8 mm<\/li>\n","protected":false},"featured_media":11181,"comment_status":"open","ping_status":"closed","template":"","meta":{"_acf_changed":false},"product_brand":[1486],"product_cat":[1005],"product_tag":[],"class_list":{"0":"post-11182","1":"product","2":"type-product","3":"status-publish","4":"has-post-thumbnail","6":"product_brand-knipex","7":"product_cat-kuplon-makaslari","9":"first","10":"instock","11":"taxable","12":"shipping-taxable","13":"purchasable","14":"product-type-simple","15":"add-to-wishlist-after_add_to_cart"},"acf":[],"_links":{"self":[{"href":"https:\/\/www.makitamarket.com.tr\/site\/wp-json\/wp\/v2\/product\/11182","targetHints":{"allow":["GET"]}}],"collection":[{"href":"https:\/\/www.makitamarket.com.tr\/site\/wp-json\/wp\/v2\/product"}],"about":[{"href":"https:\/\/www.makitamarket.com.tr\/site\/wp-json\/wp\/v2\/types\/product"}],"replies":[{"embeddable":true,"href":"https:\/\/www.makitamarket.com.tr\/site\/wp-json\/wp\/v2\/comments?post=11182"}],"wp:featuredmedia":[{"embeddable":true,"href":"https:\/\/www.makitamarket.com.tr\/site\/wp-json\/wp\/v2\/media\/11181"}],"wp:attachment":[{"href":"https:\/\/www.makitamarket.com.tr\/site\/wp-json\/wp\/v2\/media?parent=11182"}],"wp:term":[{"taxonomy":"product_brand","embeddable":true,"href":"https:\/\/www.makitamarket.com.tr\/site\/wp-json\/wp\/v2\/product_brand?post=11182"},{"taxonomy":"product_cat","embeddable":true,"href":"https:\/\/www.makitamarket.com.tr\/site\/wp-json\/wp\/v2\/product_cat?post=11182"},{"taxonomy":"product_tag","embeddable":true,"href":"https:\/\/www.makitamarket.com.tr\/site\/wp-json\/wp\/v2\/product_tag?post=11182"}],"curies":[{"name":"wp","href":"https:\/\/api.w.org\/{rel}","templated":true}]}}