{"id":11214,"date":"2024-11-27T20:07:09","date_gmt":"2024-11-27T17:07:09","guid":{"rendered":"https:\/\/www.makitamarket.com.tr\/site\/urun\/uni-t-dijital-true-rms-pens-ampermetre\/"},"modified":"2025-07-11T20:30:00","modified_gmt":"2025-07-11T17:30:00","slug":"uni-t-dijital-true-rms-pens-ampermetre","status":"publish","type":"product","link":"https:\/\/www.makitamarket.com.tr\/site\/urun\/uni-t-dijital-true-rms-pens-ampermetre\/","title":{"rendered":"Uni-t UT204 D\u0130J\u0130TAL TRUE RMS PENS AMPERMETRE"},"content":{"rendered":"<table>\n<tr>\n<td>AC Ak\u0131m (A)<\/td>\n<td>40A\/400A  \u00b1(2.5%+5)<\/td>\n<\/tr>\n<tr>\n<td>DC Ak\u0131m (A)<\/td>\n<td>40A\/400A   \u00b1(2%+3)<\/td>\n<\/tr>\n<tr>\n<td>AC Voltaj (V)<\/td>\n<td>4V\/40V\/400V\/600V     \u00b1(1%+5)<\/td>\n<\/tr>\n<tr>\n<td>DC Voltaj (V)<\/td>\n<td>400mV\/4V\/40V\/600V \u00b1(0.8%+1)<\/td>\n<\/tr>\n<tr>\n<td>Diren\u00e7  (\u2126)<\/td>\n<td>400\u2126\/4K\u2126\/40K\u2126\/400K\u2126\/ 4M\u2126\/40M\u2126 \u00b1(1%+2)<\/td>\n<\/tr>\n<tr>\n<td>Frekans (Hz)<\/td>\n<td>10Hz~10MHz  \u00b1(0.1%+3)<\/td>\n<\/tr>\n<tr>\n<td>Otomatik Menzil<\/td>\n<td>\u221a<\/td>\n<\/tr>\n<tr>\n<td>A\u011f\u0131z Kapasitesi<\/td>\n<td>28 mm<\/td>\n<\/tr>\n<tr>\n<td>Duty Cycle<\/td>\n<td>0.1%~99.9%<\/td>\n<\/tr>\n<tr>\n<td>Diyot<\/td>\n<td>\u221a<\/td>\n<\/tr>\n<tr>\n<td>S\u00fcreklilik uyar\u0131s\u0131<\/td>\n<td>\u221a<\/td>\n<\/tr>\n<tr>\n<td>Veri tutma<\/td>\n<td>\u221a<\/td>\n<\/tr>\n<tr>\n<td>Ba\u011f\u0131l mod<\/td>\n<td>\u221a<\/td>\n<\/tr>\n<tr>\n<td>Maks. Mod<\/td>\n<td>\u221a<\/td>\n<\/tr>\n<tr>\n<td>DCV i\u00e7in giri\u015f empedans\u0131<\/td>\n<td>Yakla\u015f\u0131k 10M\u2126<\/td>\n<\/tr>\n<tr>\n<td>G\u00fc\u00e7<\/td>\n<td>9V Batarya [6F22]<\/td>\n<\/tr>\n<tr>\n<td>A\u011f\u0131rl\u0131k<\/td>\n<td>260 g<\/td>\n<\/tr>\n<\/table>\n","protected":false},"excerpt":{"rendered":"<p>AC Ak\u0131m (A) 40A\/400A \u00b1(2.5%+5) DC Ak\u0131m (A) 40A\/400A \u00b1(2%+3) AC Voltaj (V) 4V\/40V\/400V\/600V \u00b1(1%+5) DC Voltaj (V) 400mV\/4V\/40V\/600V \u00b1(0.8%+1) Diren\u00e7 (\u2126) 400\u2126\/4K\u2126\/40K\u2126\/400K\u2126\/ 4M\u2126\/40M\u2126 \u00b1(1%+2) Frekans (Hz) 10Hz~10MHz \u00b1(0.1%+3) Otomatik<\/p>\n","protected":false},"featured_media":13045,"comment_status":"open","ping_status":"closed","template":"","meta":{"_acf_changed":false},"product_brand":[],"product_cat":[1081],"product_tag":[],"class_list":{"0":"post-11214","1":"product","2":"type-product","3":"status-publish","4":"has-post-thumbnail","6":"product_cat-pensampermetreler","8":"first","9":"outofstock","10":"taxable","11":"shipping-taxable","12":"purchasable","13":"product-type-simple","14":"add-to-wishlist-after_add_to_cart"},"acf":[],"_links":{"self":[{"href":"https:\/\/www.makitamarket.com.tr\/site\/wp-json\/wp\/v2\/product\/11214","targetHints":{"allow":["GET"]}}],"collection":[{"href":"https:\/\/www.makitamarket.com.tr\/site\/wp-json\/wp\/v2\/product"}],"about":[{"href":"https:\/\/www.makitamarket.com.tr\/site\/wp-json\/wp\/v2\/types\/product"}],"replies":[{"embeddable":true,"href":"https:\/\/www.makitamarket.com.tr\/site\/wp-json\/wp\/v2\/comments?post=11214"}],"wp:featuredmedia":[{"embeddable":true,"href":"https:\/\/www.makitamarket.com.tr\/site\/wp-json\/wp\/v2\/media\/13045"}],"wp:attachment":[{"href":"https:\/\/www.makitamarket.com.tr\/site\/wp-json\/wp\/v2\/media?parent=11214"}],"wp:term":[{"taxonomy":"product_brand","embeddable":true,"href":"https:\/\/www.makitamarket.com.tr\/site\/wp-json\/wp\/v2\/product_brand?post=11214"},{"taxonomy":"product_cat","embeddable":true,"href":"https:\/\/www.makitamarket.com.tr\/site\/wp-json\/wp\/v2\/product_cat?post=11214"},{"taxonomy":"product_tag","embeddable":true,"href":"https:\/\/www.makitamarket.com.tr\/site\/wp-json\/wp\/v2\/product_tag?post=11214"}],"curies":[{"name":"wp","href":"https:\/\/api.w.org\/{rel}","templated":true}]}}