{"id":11271,"date":"2024-11-27T20:07:33","date_gmt":"2024-11-27T17:07:33","guid":{"rendered":"https:\/\/www.makitamarket.com.tr\/site\/urun\/leica-teleskop-cubuk-290-cm\/"},"modified":"2025-11-16T06:07:50","modified_gmt":"2025-11-16T03:07:50","slug":"leica-teleskop-cubuk-290-cm","status":"publish","type":"product","link":"https:\/\/www.makitamarket.com.tr\/site\/urun\/leica-teleskop-cubuk-290-cm\/","title":{"rendered":"Leica 761762 TELESKOP \u00c7UBUK 290 cm"},"content":{"rendered":"<p>\n\t290cm&#8217;ye kader lazer cihazlar\u0131n\u0131 kademesiz bi\u00e7imde konumland\u0131r\u0131labilmesinde kullan\u0131l\u0131r.Tavan ve zemin aras\u0131nda kolayca sabitlenir. Leica Rugby,roteo ve Linoserisi lazer cihazlar\u0131 i\u00e7in uygundur.Pistonlu s\u0131k\u0131\u015ft\u0131rma mekanizmas\u0131na sahiptir.<\/p>\n<table><\/table>\n","protected":false},"excerpt":{"rendered":"<p>\n\t290cm&#8217;ye kader lazer cihazlar\u0131n\u0131 kademesiz bi\u00e7imde konumland\u0131r\u0131labilmesinde kullan\u0131l\u0131r.Tavan ve zemin aras\u0131nda kolayca sabitlenir. Leica Rugby,roteo ve Linoserisi lazer cihazlar\u0131 i\u00e7in uygundur.Pistonlu s\u0131k\u0131\u015ft\u0131rma mekanizmas\u0131na sahiptir.<\/p>\n","protected":false},"featured_media":11270,"comment_status":"open","ping_status":"closed","template":"","meta":{"_acf_changed":false},"product_brand":[1504],"product_cat":[837],"product_tag":[],"class_list":{"0":"post-11271","1":"product","2":"type-product","3":"status-publish","4":"has-post-thumbnail","6":"product_brand-leica","7":"product_cat-lazerli-olcum-cihazlari","9":"first","10":"outofstock","11":"taxable","12":"shipping-taxable","13":"purchasable","14":"product-type-simple","15":"add-to-wishlist-after_add_to_cart"},"acf":[],"_links":{"self":[{"href":"https:\/\/www.makitamarket.com.tr\/site\/wp-json\/wp\/v2\/product\/11271","targetHints":{"allow":["GET"]}}],"collection":[{"href":"https:\/\/www.makitamarket.com.tr\/site\/wp-json\/wp\/v2\/product"}],"about":[{"href":"https:\/\/www.makitamarket.com.tr\/site\/wp-json\/wp\/v2\/types\/product"}],"replies":[{"embeddable":true,"href":"https:\/\/www.makitamarket.com.tr\/site\/wp-json\/wp\/v2\/comments?post=11271"}],"wp:featuredmedia":[{"embeddable":true,"href":"https:\/\/www.makitamarket.com.tr\/site\/wp-json\/wp\/v2\/media\/11270"}],"wp:attachment":[{"href":"https:\/\/www.makitamarket.com.tr\/site\/wp-json\/wp\/v2\/media?parent=11271"}],"wp:term":[{"taxonomy":"product_brand","embeddable":true,"href":"https:\/\/www.makitamarket.com.tr\/site\/wp-json\/wp\/v2\/product_brand?post=11271"},{"taxonomy":"product_cat","embeddable":true,"href":"https:\/\/www.makitamarket.com.tr\/site\/wp-json\/wp\/v2\/product_cat?post=11271"},{"taxonomy":"product_tag","embeddable":true,"href":"https:\/\/www.makitamarket.com.tr\/site\/wp-json\/wp\/v2\/product_tag?post=11271"}],"curies":[{"name":"wp","href":"https:\/\/api.w.org\/{rel}","templated":true}]}}