{"id":11273,"date":"2024-11-27T20:07:34","date_gmt":"2024-11-27T17:07:34","guid":{"rendered":"https:\/\/www.makitamarket.com.tr\/site\/urun\/bmi-bmi-715060080-terazili-aci-olcer\/"},"modified":"2026-04-06T13:36:05","modified_gmt":"2026-04-06T10:36:05","slug":"bmi-bmi-715060080-terazili-aci-olcer","status":"publish","type":"product","link":"https:\/\/www.makitamarket.com.tr\/site\/urun\/bmi-bmi-715060080-terazili-aci-olcer\/","title":{"rendered":"Bmi 715060080 BMI 715060080 TERAZ\u0130L\u0130 A\u00c7I \u00d6L\u00c7ER"},"content":{"rendered":"<div>\n\tDahili terazi g\u00f6zleri sayesinde normal terazi gibi kullan\u0131m\u0131n yan\u0131 s\u0131ra 0\u00b0 ile 270\u00b0 aras\u0131nda farkl\u0131 a\u00e7\u0131lar belirlenebilir. Ayr\u0131ca a\u00e7\u0131lar 15\u00b0 lik b\u00f6l\u00fcmler halinde ayr\u0131lm\u0131\u015ft\u0131r.<br \/>\n\t\u00a0<\/div>\n<table>\n<tr>\n<td>Uzun Ayak<\/td>\n<td>80cm<\/td>\n<\/tr>\n<tr>\n<td>A\u00e7\u0131 De\u011feri<\/td>\n<td>0\u00b0\u2019den 270\u00b0\u2019ye<\/td>\n<\/tr>\n<tr>\n<td>K\u0131sa Ayak<\/td>\n<td>60cm<\/td>\n<\/tr>\n<\/table>\n","protected":false},"excerpt":{"rendered":"<div>\n\tDahili terazi g\u00f6zleri sayesinde normal terazi gibi kullan\u0131m\u0131n yan\u0131 s\u0131ra 0\u00b0 ile 270\u00b0 aras\u0131nda farkl\u0131 a\u00e7\u0131lar belirlenebilir. Ayr\u0131ca a\u00e7\u0131lar 15\u00b0 lik b\u00f6l\u00fcmler halinde ayr\u0131lm\u0131\u015ft\u0131r.<br \/>\n\t\u00a0<\/div>\n","protected":false},"featured_media":11272,"comment_status":"open","ping_status":"closed","template":"","meta":{"_acf_changed":false},"product_brand":[1522],"product_cat":[753],"product_tag":[],"class_list":{"0":"post-11273","1":"product","2":"type-product","3":"status-publish","4":"has-post-thumbnail","6":"product_brand-bmi","7":"product_cat-metreler","9":"first","10":"instock","11":"taxable","12":"shipping-taxable","13":"purchasable","14":"product-type-simple","15":"add-to-wishlist-after_add_to_cart"},"acf":[],"_links":{"self":[{"href":"https:\/\/www.makitamarket.com.tr\/site\/wp-json\/wp\/v2\/product\/11273","targetHints":{"allow":["GET"]}}],"collection":[{"href":"https:\/\/www.makitamarket.com.tr\/site\/wp-json\/wp\/v2\/product"}],"about":[{"href":"https:\/\/www.makitamarket.com.tr\/site\/wp-json\/wp\/v2\/types\/product"}],"replies":[{"embeddable":true,"href":"https:\/\/www.makitamarket.com.tr\/site\/wp-json\/wp\/v2\/comments?post=11273"}],"wp:featuredmedia":[{"embeddable":true,"href":"https:\/\/www.makitamarket.com.tr\/site\/wp-json\/wp\/v2\/media\/11272"}],"wp:attachment":[{"href":"https:\/\/www.makitamarket.com.tr\/site\/wp-json\/wp\/v2\/media?parent=11273"}],"wp:term":[{"taxonomy":"product_brand","embeddable":true,"href":"https:\/\/www.makitamarket.com.tr\/site\/wp-json\/wp\/v2\/product_brand?post=11273"},{"taxonomy":"product_cat","embeddable":true,"href":"https:\/\/www.makitamarket.com.tr\/site\/wp-json\/wp\/v2\/product_cat?post=11273"},{"taxonomy":"product_tag","embeddable":true,"href":"https:\/\/www.makitamarket.com.tr\/site\/wp-json\/wp\/v2\/product_tag?post=11273"}],"curies":[{"name":"wp","href":"https:\/\/api.w.org\/{rel}","templated":true}]}}