{"id":11309,"date":"2024-11-27T20:07:49","date_gmt":"2024-11-27T17:07:49","guid":{"rendered":"https:\/\/www.makitamarket.com.tr\/site\/urun\/maxgarden-tirpan-misinasi-3-mm\/"},"modified":"2025-11-16T11:10:13","modified_gmt":"2025-11-16T08:10:13","slug":"maxgarden-tirpan-misinasi-3-mm","status":"publish","type":"product","link":"https:\/\/www.makitamarket.com.tr\/site\/urun\/maxgarden-tirpan-misinasi-3-mm\/","title":{"rendered":"Maxgarden 73430 TIRPAN M\u0130S\u0130NASI 3 mm"},"content":{"rendered":"<table>\n<tr>\n<td>\u00c7ap<\/td>\n<td>3 mm<\/td>\n<\/tr>\n<tr>\n<td>\u00d6zellikler<\/td>\n<td>56m &#8211; 6 K\u00d6\u015eE<\/td>\n<\/tr>\n<tr>\n<td>Paket \u0130\u00e7i Adedi<\/td>\n<td>12<\/td>\n<\/tr>\n<tr>\n<td>Renk<\/td>\n<td>SARI<\/td>\n<\/tr>\n<\/table>\n","protected":false},"excerpt":{"rendered":"<p>\u00c7ap 3 mm \u00d6zellikler 56m &#8211; 6 K\u00d6\u015eE Paket \u0130\u00e7i Adedi 12 Renk SARI<\/p>\n","protected":false},"featured_media":0,"comment_status":"open","ping_status":"closed","template":"","meta":{"_acf_changed":false},"product_brand":[1499],"product_cat":[1125],"product_tag":[],"class_list":{"0":"post-11309","1":"product","2":"type-product","3":"status-publish","5":"product_brand-maxgarden","6":"product_cat-misinalar","8":"first","9":"outofstock","10":"taxable","11":"shipping-taxable","12":"purchasable","13":"product-type-simple","14":"add-to-wishlist-after_add_to_cart"},"acf":[],"_links":{"self":[{"href":"https:\/\/www.makitamarket.com.tr\/site\/wp-json\/wp\/v2\/product\/11309","targetHints":{"allow":["GET"]}}],"collection":[{"href":"https:\/\/www.makitamarket.com.tr\/site\/wp-json\/wp\/v2\/product"}],"about":[{"href":"https:\/\/www.makitamarket.com.tr\/site\/wp-json\/wp\/v2\/types\/product"}],"replies":[{"embeddable":true,"href":"https:\/\/www.makitamarket.com.tr\/site\/wp-json\/wp\/v2\/comments?post=11309"}],"wp:attachment":[{"href":"https:\/\/www.makitamarket.com.tr\/site\/wp-json\/wp\/v2\/media?parent=11309"}],"wp:term":[{"taxonomy":"product_brand","embeddable":true,"href":"https:\/\/www.makitamarket.com.tr\/site\/wp-json\/wp\/v2\/product_brand?post=11309"},{"taxonomy":"product_cat","embeddable":true,"href":"https:\/\/www.makitamarket.com.tr\/site\/wp-json\/wp\/v2\/product_cat?post=11309"},{"taxonomy":"product_tag","embeddable":true,"href":"https:\/\/www.makitamarket.com.tr\/site\/wp-json\/wp\/v2\/product_tag?post=11309"}],"curies":[{"name":"wp","href":"https:\/\/api.w.org\/{rel}","templated":true}]}}