{"id":11314,"date":"2024-11-27T20:07:53","date_gmt":"2024-11-27T17:07:53","guid":{"rendered":"https:\/\/www.makitamarket.com.tr\/site\/urun\/makita-mt-formika-traslama-6-mm\/"},"modified":"2026-04-06T13:37:06","modified_gmt":"2026-04-06T10:37:06","slug":"makita-mt-formika-traslama-6-mm","status":"publish","type":"product","link":"https:\/\/www.makitamarket.com.tr\/site\/urun\/makita-mt-formika-traslama-6-mm\/","title":{"rendered":"Makita MT M3702B FORM\u0130KA TRA\u015eLAMA 6 mm"},"content":{"rendered":"<table>\n<tr>\n<td>S\u00fcrekli Ak\u0131m Giri\u015fi<\/td>\n<td>530W<\/td>\n<\/tr>\n<tr>\n<td>Kapasite<\/td>\n<td>U\u00e7 tutucu:6mm<\/td>\n<\/tr>\n<tr>\n<td>Net A\u011f\u0131rl\u0131k<\/td>\n<td>1.4kg<\/td>\n<\/tr>\n<tr>\n<td>Bo\u015ftaki devir say\u0131s\u0131<\/td>\n<td>35,000 devir\/dk<\/td>\n<\/tr>\n<tr>\n<td>Ak\u0131m<\/td>\n<td>2.4Ah<\/td>\n<\/tr>\n<tr>\n<td>Ambalaj \u0130\u00e7eri\u011fi<\/td>\n<td>\u015eeffaf alt tabla, Anahtarlar, Freze ucu, Kenar g\u00f6nye, G\u00f6nye tutucu<\/td>\n<\/tr>\n<\/table>\n","protected":false},"excerpt":{"rendered":"<p>S\u00fcrekli Ak\u0131m Giri\u015fi 530W Kapasite U\u00e7 tutucu:6mm Net A\u011f\u0131rl\u0131k 1.4kg Bo\u015ftaki devir say\u0131s\u0131 35,000 devir\/dk Ak\u0131m 2.4Ah Ambalaj \u0130\u00e7eri\u011fi \u015eeffaf alt tabla, Anahtarlar, Freze ucu, Kenar g\u00f6nye, G\u00f6nye tutucu<\/p>\n","protected":false},"featured_media":11313,"comment_status":"open","ping_status":"closed","template":"","meta":{"_acf_changed":false},"product_brand":[1528],"product_cat":[1565],"product_tag":[],"class_list":{"0":"post-11314","1":"product","2":"type-product","3":"status-publish","4":"has-post-thumbnail","6":"product_brand-makita-mt","7":"product_cat-yok-yok","9":"first","10":"outofstock","11":"taxable","12":"shipping-taxable","13":"purchasable","14":"product-type-simple","15":"add-to-wishlist-after_add_to_cart"},"acf":[],"_links":{"self":[{"href":"https:\/\/www.makitamarket.com.tr\/site\/wp-json\/wp\/v2\/product\/11314","targetHints":{"allow":["GET"]}}],"collection":[{"href":"https:\/\/www.makitamarket.com.tr\/site\/wp-json\/wp\/v2\/product"}],"about":[{"href":"https:\/\/www.makitamarket.com.tr\/site\/wp-json\/wp\/v2\/types\/product"}],"replies":[{"embeddable":true,"href":"https:\/\/www.makitamarket.com.tr\/site\/wp-json\/wp\/v2\/comments?post=11314"}],"wp:featuredmedia":[{"embeddable":true,"href":"https:\/\/www.makitamarket.com.tr\/site\/wp-json\/wp\/v2\/media\/11313"}],"wp:attachment":[{"href":"https:\/\/www.makitamarket.com.tr\/site\/wp-json\/wp\/v2\/media?parent=11314"}],"wp:term":[{"taxonomy":"product_brand","embeddable":true,"href":"https:\/\/www.makitamarket.com.tr\/site\/wp-json\/wp\/v2\/product_brand?post=11314"},{"taxonomy":"product_cat","embeddable":true,"href":"https:\/\/www.makitamarket.com.tr\/site\/wp-json\/wp\/v2\/product_cat?post=11314"},{"taxonomy":"product_tag","embeddable":true,"href":"https:\/\/www.makitamarket.com.tr\/site\/wp-json\/wp\/v2\/product_tag?post=11314"}],"curies":[{"name":"wp","href":"https:\/\/api.w.org\/{rel}","templated":true}]}}