{"id":11316,"date":"2024-11-27T20:07:54","date_gmt":"2024-11-27T17:07:54","guid":{"rendered":"https:\/\/www.makitamarket.com.tr\/site\/urun\/makita-mt-planya-82-mm\/"},"modified":"2026-04-06T13:37:09","modified_gmt":"2026-04-06T10:37:09","slug":"makita-mt-planya-82-mm","status":"publish","type":"product","link":"https:\/\/www.makitamarket.com.tr\/site\/urun\/makita-mt-planya-82-mm\/","title":{"rendered":"Makita MT M1902B PLANYA 82 mm"},"content":{"rendered":"<table>\n<tr>\n<td>S\u00fcrekli Ak\u0131m Giri\u015fi<\/td>\n<td>500W<\/td>\n<\/tr>\n<tr>\n<td>Planyalama derinli\u011fi<\/td>\n<td>1 mm<\/td>\n<\/tr>\n<tr>\n<td>Planyalama geni\u015fli\u011fi<\/td>\n<td>82 mm<\/td>\n<\/tr>\n<tr>\n<td>Ak\u0131m<\/td>\n<td>2.3Ah<\/td>\n<\/tr>\n<tr>\n<td>Bo\u015ftaki devir say\u0131s\u0131<\/td>\n<td>16.000 devir\/dk<\/td>\n<\/tr>\n<tr>\n<td>Net A\u011f\u0131rl\u0131k<\/td>\n<td>2.7kg<\/td>\n<\/tr>\n<tr>\n<td>Ambalaj \u0130\u00e7eri\u011fi<\/td>\n<td>Planya b\u0131\u00e7a\u011f\u0131, Kenar g\u00f6nye, Somun anahtar\u0131, B\u0131\u00e7ak yerle\u015ftirme mastar\u0131<\/td>\n<\/tr>\n<\/table>\n","protected":false},"excerpt":{"rendered":"<p>S\u00fcrekli Ak\u0131m Giri\u015fi 500W Planyalama derinli\u011fi 1 mm Planyalama geni\u015fli\u011fi 82 mm Ak\u0131m 2.3Ah Bo\u015ftaki devir say\u0131s\u0131 16.000 devir\/dk Net A\u011f\u0131rl\u0131k 2.7kg Ambalaj \u0130\u00e7eri\u011fi Planya b\u0131\u00e7a\u011f\u0131, Kenar g\u00f6nye, Somun anahtar\u0131,<\/p>\n","protected":false},"featured_media":11315,"comment_status":"open","ping_status":"closed","template":"","meta":{"_acf_changed":false},"product_brand":[1528],"product_cat":[1565],"product_tag":[],"class_list":{"0":"post-11316","1":"product","2":"type-product","3":"status-publish","4":"has-post-thumbnail","6":"product_brand-makita-mt","7":"product_cat-yok-yok","9":"first","10":"instock","11":"taxable","12":"shipping-taxable","13":"purchasable","14":"product-type-simple","15":"add-to-wishlist-after_add_to_cart"},"acf":[],"_links":{"self":[{"href":"https:\/\/www.makitamarket.com.tr\/site\/wp-json\/wp\/v2\/product\/11316","targetHints":{"allow":["GET"]}}],"collection":[{"href":"https:\/\/www.makitamarket.com.tr\/site\/wp-json\/wp\/v2\/product"}],"about":[{"href":"https:\/\/www.makitamarket.com.tr\/site\/wp-json\/wp\/v2\/types\/product"}],"replies":[{"embeddable":true,"href":"https:\/\/www.makitamarket.com.tr\/site\/wp-json\/wp\/v2\/comments?post=11316"}],"wp:featuredmedia":[{"embeddable":true,"href":"https:\/\/www.makitamarket.com.tr\/site\/wp-json\/wp\/v2\/media\/11315"}],"wp:attachment":[{"href":"https:\/\/www.makitamarket.com.tr\/site\/wp-json\/wp\/v2\/media?parent=11316"}],"wp:term":[{"taxonomy":"product_brand","embeddable":true,"href":"https:\/\/www.makitamarket.com.tr\/site\/wp-json\/wp\/v2\/product_brand?post=11316"},{"taxonomy":"product_cat","embeddable":true,"href":"https:\/\/www.makitamarket.com.tr\/site\/wp-json\/wp\/v2\/product_cat?post=11316"},{"taxonomy":"product_tag","embeddable":true,"href":"https:\/\/www.makitamarket.com.tr\/site\/wp-json\/wp\/v2\/product_tag?post=11316"}],"curies":[{"name":"wp","href":"https:\/\/api.w.org\/{rel}","templated":true}]}}