{"id":11335,"date":"2024-11-27T20:07:59","date_gmt":"2024-11-27T17:07:59","guid":{"rendered":"https:\/\/www.makitamarket.com.tr\/site\/urun\/ozco-serit-2360x20x09-6-10-dis\/"},"modified":"2025-07-11T19:55:04","modified_gmt":"2025-07-11T16:55:04","slug":"ozco-serit-2360x20x09-6-10-dis","status":"publish","type":"product","link":"https:\/\/www.makitamarket.com.tr\/site\/urun\/ozco-serit-2360x20x09-6-10-dis\/","title":{"rendered":"Ozco 23606\/10 \u015eER\u0130T 2360x20x0,9 6\/10 Di\u015f"},"content":{"rendered":"<table>\n<tr>\n<td>Uzunluk (mm)<\/td>\n<td>2360<\/td>\n<\/tr>\n<tr>\n<td>En (mm)<\/td>\n<td>20<\/td>\n<\/tr>\n<tr>\n<td>Kal\u0131nl\u0131k (mm)<\/td>\n<td>0.9<\/td>\n<\/tr>\n<tr>\n<td>Di\u015f \u00d6l\u00e7\u00fcs\u00fc<\/td>\n<td>6\/10<\/td>\n<\/tr>\n<tr>\n<td>Uygun CRAFT Modeli<\/td>\n<td>T180V, T180VM, T180S<\/td>\n<\/tr>\n<\/table>\n","protected":false},"excerpt":{"rendered":"<p>Uzunluk (mm) 2360 En (mm) 20 Kal\u0131nl\u0131k (mm) 0.9 Di\u015f \u00d6l\u00e7\u00fcs\u00fc 6\/10 Uygun CRAFT Modeli T180V, T180VM, T180S<\/p>\n","protected":false},"featured_media":0,"comment_status":"open","ping_status":"closed","template":"","meta":{"_acf_changed":false},"product_brand":[],"product_cat":[1111],"product_tag":[],"class_list":{"0":"post-11335","1":"product","2":"type-product","3":"status-publish","5":"product_cat-serit-testere-makinalari-metal-isleme-makinalari-2","7":"first","8":"outofstock","9":"taxable","10":"shipping-taxable","11":"purchasable","12":"product-type-simple","13":"add-to-wishlist-after_add_to_cart"},"acf":[],"_links":{"self":[{"href":"https:\/\/www.makitamarket.com.tr\/site\/wp-json\/wp\/v2\/product\/11335","targetHints":{"allow":["GET"]}}],"collection":[{"href":"https:\/\/www.makitamarket.com.tr\/site\/wp-json\/wp\/v2\/product"}],"about":[{"href":"https:\/\/www.makitamarket.com.tr\/site\/wp-json\/wp\/v2\/types\/product"}],"replies":[{"embeddable":true,"href":"https:\/\/www.makitamarket.com.tr\/site\/wp-json\/wp\/v2\/comments?post=11335"}],"wp:attachment":[{"href":"https:\/\/www.makitamarket.com.tr\/site\/wp-json\/wp\/v2\/media?parent=11335"}],"wp:term":[{"taxonomy":"product_brand","embeddable":true,"href":"https:\/\/www.makitamarket.com.tr\/site\/wp-json\/wp\/v2\/product_brand?post=11335"},{"taxonomy":"product_cat","embeddable":true,"href":"https:\/\/www.makitamarket.com.tr\/site\/wp-json\/wp\/v2\/product_cat?post=11335"},{"taxonomy":"product_tag","embeddable":true,"href":"https:\/\/www.makitamarket.com.tr\/site\/wp-json\/wp\/v2\/product_tag?post=11335"}],"curies":[{"name":"wp","href":"https:\/\/api.w.org\/{rel}","templated":true}]}}