{"id":11348,"date":"2024-11-27T20:08:09","date_gmt":"2024-11-27T17:08:09","guid":{"rendered":"https:\/\/www.makitamarket.com.tr\/site\/urun\/stark-stark-350b1220-hss-dmo5-daire-testere\/"},"modified":"2026-03-30T08:01:34","modified_gmt":"2026-03-30T05:01:34","slug":"stark-stark-350b1220-hss-dmo5-daire-testere","status":"publish","type":"product","link":"https:\/\/www.makitamarket.com.tr\/site\/urun\/stark-stark-350b1220-hss-dmo5-daire-testere\/","title":{"rendered":"Stark 350B1220 STARK 350B1220 HSS\u00a0(DMo5) DA\u0130RE TESTERE"},"content":{"rendered":"<table>\n<tr>\n<td>Di\u015f \u00d6l\u00e7\u00fcs\u00fc<\/td>\n<td>220<\/td>\n<\/tr>\n<tr>\n<td>Testere \u00e7ap\u0131<\/td>\n<td>350<\/td>\n<\/tr>\n<tr>\n<td>Et Kal\u0131nl\u0131\u011f\u0131<\/td>\n<td>2,5<\/td>\n<\/tr>\n<tr>\n<td>Delik \u00c7ap\u0131<\/td>\n<td>40<\/td>\n<\/tr>\n<\/table>\n","protected":false},"excerpt":{"rendered":"<p>Di\u015f \u00d6l\u00e7\u00fcs\u00fc 220 Testere \u00e7ap\u0131 350 Et Kal\u0131nl\u0131\u011f\u0131 2,5 Delik \u00c7ap\u0131 40<\/p>\n","protected":false},"featured_media":11347,"comment_status":"open","ping_status":"closed","template":"","meta":{"_acf_changed":false},"product_brand":[1545],"product_cat":[1103],"product_tag":[],"class_list":{"0":"post-11348","1":"product","2":"type-product","3":"status-publish","4":"has-post-thumbnail","6":"product_brand-stark","7":"product_cat-profil-ve-dolu-malzeme-kesim-testereleri","9":"first","10":"instock","11":"taxable","12":"shipping-taxable","13":"purchasable","14":"product-type-simple","15":"add-to-wishlist-after_add_to_cart"},"acf":[],"_links":{"self":[{"href":"https:\/\/www.makitamarket.com.tr\/site\/wp-json\/wp\/v2\/product\/11348","targetHints":{"allow":["GET"]}}],"collection":[{"href":"https:\/\/www.makitamarket.com.tr\/site\/wp-json\/wp\/v2\/product"}],"about":[{"href":"https:\/\/www.makitamarket.com.tr\/site\/wp-json\/wp\/v2\/types\/product"}],"replies":[{"embeddable":true,"href":"https:\/\/www.makitamarket.com.tr\/site\/wp-json\/wp\/v2\/comments?post=11348"}],"wp:featuredmedia":[{"embeddable":true,"href":"https:\/\/www.makitamarket.com.tr\/site\/wp-json\/wp\/v2\/media\/11347"}],"wp:attachment":[{"href":"https:\/\/www.makitamarket.com.tr\/site\/wp-json\/wp\/v2\/media?parent=11348"}],"wp:term":[{"taxonomy":"product_brand","embeddable":true,"href":"https:\/\/www.makitamarket.com.tr\/site\/wp-json\/wp\/v2\/product_brand?post=11348"},{"taxonomy":"product_cat","embeddable":true,"href":"https:\/\/www.makitamarket.com.tr\/site\/wp-json\/wp\/v2\/product_cat?post=11348"},{"taxonomy":"product_tag","embeddable":true,"href":"https:\/\/www.makitamarket.com.tr\/site\/wp-json\/wp\/v2\/product_tag?post=11348"}],"curies":[{"name":"wp","href":"https:\/\/api.w.org\/{rel}","templated":true}]}}