{"id":11354,"date":"2024-11-27T20:08:11","date_gmt":"2024-11-27T17:08:11","guid":{"rendered":"https:\/\/www.makitamarket.com.tr\/site\/urun\/proxxon-akulu-bant-taslama-lhw-a-govde\/"},"modified":"2026-04-13T19:56:44","modified_gmt":"2026-04-13T16:56:44","slug":"proxxon-akulu-bant-taslama-lhw-a-govde","status":"publish","type":"product","link":"https:\/\/www.makitamarket.com.tr\/site\/urun\/proxxon-akulu-bant-taslama-lhw-a-govde\/","title":{"rendered":"Proxxon 29817 AK\u00dcL\u00dc BANT TA\u015eLAMA LHW\/A G\u00d6VDE"},"content":{"rendered":"<div>\n\t<strong>Uyumlu Aksesuarlar:<\/strong><\/div>\n<div>\n\t<strong>PROX28548 :\u00a0<\/strong>Z\u0131mpara altl\u0131\u011f\u0131 (1)<\/div>\n<div>\n\t<strong>PROX28549 :<\/strong>\u00a0Z\u0131mpara 80 kum (12)<\/div>\n<div>\n\t<strong>PROX28550 :<\/strong>\u00a0Z\u0131mpara 120 kum (12)<\/div>\n<div>\n\t<strong>PROX28554 :<\/strong>\u00a0Z\u0131mpara ke\u00e7esi orta (5)<\/div>\n<div>\n\t<strong>PROX28555 :<\/strong>\u00a0Z\u0131mpara ke\u00e7esi ince (5)<\/div>\n<div>\n\t<strong>PROX28585 :<\/strong>\u00a0Ta\u015flama diski 60 kum (1)<\/div>\n<div>\n\t<strong>PROX28587 :<\/strong>\u00a0Ta\u015flama diski 60 kum (1)<\/div>\n<div>\n\t<strong>PROX28590 :\u00a0<\/strong>Flap z\u0131mpara 100 kum (1)<\/div>\n<div>\n\t<strong>PROX28155 :<\/strong>\u00a0Kesici disk (1)<\/div>\n<div>\n\t<strong>PROX29050 :<\/strong>\u00a0Metal p\u00fct\u00fcrl\u00fc t\u00f6rp\u00fc disk (1)<\/div>\n<div>\n\t<strong>PROX28410 :<\/strong>\u00a0Micromot alet tutucu<\/div>\n<div>\n\t(\u015earj aleti ve batarya dahil de\u011fildir.)<\/div>\n<table>\n<tr>\n<td>G\u00fc\u00e7<\/td>\n<td>10,8 V<\/td>\n<\/tr>\n<tr>\n<td>Devir H\u0131z\u0131<\/td>\n<td>5000 &#8211; 16000 d\/dak.<\/td>\n<\/tr>\n<tr>\n<td>Uzunluk<\/td>\n<td>32 cm<\/td>\n<\/tr>\n<tr>\n<td>Disk \u00c7ap\u0131<\/td>\n<td>50 mm.<\/td>\n<\/tr>\n<tr>\n<td>A\u011f\u0131rl\u0131k<\/td>\n<td>800 gr.<\/td>\n<\/tr>\n<tr>\n<td>Muhafaza<\/td>\n<td>Dayan\u0131kl\u0131 Plastik Kutu<\/td>\n<\/tr>\n<\/table>\n","protected":false},"excerpt":{"rendered":"<div>\n\t<strong>Uyumlu Aksesuarlar:<\/strong><\/div>\n<div>\n\t<strong>PROX28548 :\u00a0<\/strong>Z\u0131mpara altl\u0131\u011f\u0131 (1)<\/div>\n<div>\n\t<strong>PROX28549 :<\/strong>\u00a0Z\u0131mpara 80 kum (12)<\/div>\n<div>\n\t<strong>PROX28550 :<\/strong>\u00a0Z\u0131mpara 120 kum (12)<\/div>\n<div>\n\t<strong>PROX28554 :<\/strong>\u00a0Z\u0131mpara ke\u00e7esi orta (5)<\/div>\n<div>\n\t<strong>PROX28555 :<\/strong>\u00a0Z\u0131mpara ke\u00e7esi ince (5)<\/div>\n<div>\n\t<strong>PROX28585 :<\/strong>\u00a0Ta\u015flama diski 60 kum (1)<\/div>\n<div>\n\t<strong>PROX28587 :<\/strong>\u00a0Ta\u015flama diski 60 kum (1)<\/div>\n<div>\n\t<strong>PROX28590 :\u00a0<\/strong>Flap z\u0131mpara 100 kum (1)<\/div>\n<div>\n\t<strong>PROX28155 :<\/strong>\u00a0Kesici disk (1)<\/div>\n<div>\n\t<strong>PROX29050 :<\/strong>\u00a0Metal p\u00fct\u00fcrl\u00fc t\u00f6rp\u00fc disk (1)<\/div>\n<div>\n\t<strong>PROX28410 :<\/strong>\u00a0Micromot alet tutucu<\/div>\n<div>\n\t(\u015earj aleti ve batarya dahil de\u011fildir.)<\/div>\n","protected":false},"featured_media":11353,"comment_status":"open","ping_status":"closed","template":"","meta":{"_acf_changed":false},"product_brand":[1501],"product_cat":[1128],"product_tag":[],"class_list":{"0":"post-11354","1":"product","2":"type-product","3":"status-publish","4":"has-post-thumbnail","6":"product_brand-proxxon","7":"product_cat-matkap-taslama-makinalari-akulu-mikro-aletler","9":"first","10":"instock","11":"taxable","12":"shipping-taxable","13":"purchasable","14":"product-type-simple","15":"add-to-wishlist-after_add_to_cart"},"acf":[],"_links":{"self":[{"href":"https:\/\/www.makitamarket.com.tr\/site\/wp-json\/wp\/v2\/product\/11354","targetHints":{"allow":["GET"]}}],"collection":[{"href":"https:\/\/www.makitamarket.com.tr\/site\/wp-json\/wp\/v2\/product"}],"about":[{"href":"https:\/\/www.makitamarket.com.tr\/site\/wp-json\/wp\/v2\/types\/product"}],"replies":[{"embeddable":true,"href":"https:\/\/www.makitamarket.com.tr\/site\/wp-json\/wp\/v2\/comments?post=11354"}],"wp:featuredmedia":[{"embeddable":true,"href":"https:\/\/www.makitamarket.com.tr\/site\/wp-json\/wp\/v2\/media\/11353"}],"wp:attachment":[{"href":"https:\/\/www.makitamarket.com.tr\/site\/wp-json\/wp\/v2\/media?parent=11354"}],"wp:term":[{"taxonomy":"product_brand","embeddable":true,"href":"https:\/\/www.makitamarket.com.tr\/site\/wp-json\/wp\/v2\/product_brand?post=11354"},{"taxonomy":"product_cat","embeddable":true,"href":"https:\/\/www.makitamarket.com.tr\/site\/wp-json\/wp\/v2\/product_cat?post=11354"},{"taxonomy":"product_tag","embeddable":true,"href":"https:\/\/www.makitamarket.com.tr\/site\/wp-json\/wp\/v2\/product_tag?post=11354"}],"curies":[{"name":"wp","href":"https:\/\/api.w.org\/{rel}","templated":true}]}}