{"id":11395,"date":"2024-11-27T20:08:28","date_gmt":"2024-11-27T17:08:28","guid":{"rendered":"https:\/\/www.makitamarket.com.tr\/site\/urun\/virax-m-20-icin-pense-halkasi-u-20-mm\/"},"modified":"2026-03-30T08:02:32","modified_gmt":"2026-03-30T05:02:32","slug":"virax-m-20-icin-pense-halkasi-u-20-mm","status":"publish","type":"product","link":"https:\/\/www.makitamarket.com.tr\/site\/urun\/virax-m-20-icin-pense-halkasi-u-20-mm\/","title":{"rendered":"Virax 252917 M 20+ \u0130\u00c7\u0130N PENSE HALKASI U 20 mm"},"content":{"rendered":"<p>\n\t<strong>*Hafif<br \/>\n\t*Kompakt<\/strong><br \/>\n\t*<strong>Sa\u011flam:<\/strong>Ekstra g\u00fc\u00e7lendirilmi\u015f \u00e7elikten yap\u0131lm\u0131\u015ft\u0131r (33 HRC)<strong><br \/>\n\tVirax M20+ Elektro Mekanik Pres Makinas\u0131 <\/strong>i\u00e7in Pense Halkas\u0131<\/p>\n<table>\n<tr>\n<td>Profil<\/td>\n<td>U<\/td>\n<\/tr>\n<tr>\n<td>\u1d13<\/td>\n<td>20<\/td>\n<\/tr>\n<tr>\n<td>A\u011f\u0131rl\u0131k<\/td>\n<td>0.160<\/td>\n<\/tr>\n<\/table>\n","protected":false},"excerpt":{"rendered":"<p>\n\t<strong>*Hafif<br \/>\n\t*Kompakt<\/strong><br \/>\n\t*<strong>Sa\u011flam:<\/strong>Ekstra g\u00fc\u00e7lendirilmi\u015f \u00e7elikten yap\u0131lm\u0131\u015ft\u0131r (33 HRC)<strong><br \/>\n\tVirax M20+ Elektro Mekanik Pres Makinas\u0131 <\/strong>i\u00e7in Pense Halkas\u0131<\/p>\n","protected":false},"featured_media":11394,"comment_status":"open","ping_status":"closed","template":"","meta":{"_acf_changed":false},"product_brand":[1495],"product_cat":[1130],"product_tag":[],"class_list":{"0":"post-11395","1":"product","2":"type-product","3":"status-publish","4":"has-post-thumbnail","6":"product_brand-virax","7":"product_cat-pense-halkalari","9":"first","10":"instock","11":"taxable","12":"shipping-taxable","13":"purchasable","14":"product-type-simple","15":"add-to-wishlist-after_add_to_cart"},"acf":[],"_links":{"self":[{"href":"https:\/\/www.makitamarket.com.tr\/site\/wp-json\/wp\/v2\/product\/11395","targetHints":{"allow":["GET"]}}],"collection":[{"href":"https:\/\/www.makitamarket.com.tr\/site\/wp-json\/wp\/v2\/product"}],"about":[{"href":"https:\/\/www.makitamarket.com.tr\/site\/wp-json\/wp\/v2\/types\/product"}],"replies":[{"embeddable":true,"href":"https:\/\/www.makitamarket.com.tr\/site\/wp-json\/wp\/v2\/comments?post=11395"}],"wp:featuredmedia":[{"embeddable":true,"href":"https:\/\/www.makitamarket.com.tr\/site\/wp-json\/wp\/v2\/media\/11394"}],"wp:attachment":[{"href":"https:\/\/www.makitamarket.com.tr\/site\/wp-json\/wp\/v2\/media?parent=11395"}],"wp:term":[{"taxonomy":"product_brand","embeddable":true,"href":"https:\/\/www.makitamarket.com.tr\/site\/wp-json\/wp\/v2\/product_brand?post=11395"},{"taxonomy":"product_cat","embeddable":true,"href":"https:\/\/www.makitamarket.com.tr\/site\/wp-json\/wp\/v2\/product_cat?post=11395"},{"taxonomy":"product_tag","embeddable":true,"href":"https:\/\/www.makitamarket.com.tr\/site\/wp-json\/wp\/v2\/product_tag?post=11395"}],"curies":[{"name":"wp","href":"https:\/\/api.w.org\/{rel}","templated":true}]}}