{"id":11412,"date":"2024-11-27T20:08:40","date_gmt":"2024-11-27T17:08:40","guid":{"rendered":"https:\/\/www.makitamarket.com.tr\/site\/urun\/bmi-bmi-mini-rollfix-7001990-mesafe-olcum-cihazi\/"},"modified":"2026-01-23T13:10:52","modified_gmt":"2026-01-23T10:10:52","slug":"bmi-bmi-mini-rollfix-7001990-mesafe-olcum-cihazi","status":"publish","type":"product","link":"https:\/\/www.makitamarket.com.tr\/site\/urun\/bmi-bmi-mini-rollfix-7001990-mesafe-olcum-cihazi\/","title":{"rendered":"Bmi 7001990 BMI M\u0130N\u0130 ROLLFIX 7001990 MESAFE \u00d6L\u00c7\u00dcM C\u0130HAZI"},"content":{"rendered":"<p>\n\t\u0130leri ve geri \u00f6l\u00e7\u00fcm yapabilme \u00f6zelli\u011fi.<\/p>\n<table>\n<tr>\n<td>\u00d6l\u00e7\u00fcm Aral\u0131\u011f\u0131<\/td>\n<td>99,999,99m<\/td>\n<\/tr>\n<tr>\n<td>\u00c7\u00f6z\u00fcn\u00fcrl\u00fck<\/td>\n<td>1 cm<\/td>\n<\/tr>\n<tr>\n<td>Teker \u00c7ap\u0131<\/td>\n<td>159,2 mm = 0,5m \u00e7evre<\/td>\n<\/tr>\n<tr>\n<td>Toplam Y\u00fckseklik<\/td>\n<td>950mm<\/td>\n<\/tr>\n<tr>\n<td>Toplam A\u011f\u0131rl\u0131k<\/td>\n<td>1,25 kg<\/td>\n<\/tr>\n<\/table>\n","protected":false},"excerpt":{"rendered":"<p>\n\t\u0130leri ve geri \u00f6l\u00e7\u00fcm yapabilme \u00f6zelli\u011fi.<\/p>\n","protected":false},"featured_media":11411,"comment_status":"open","ping_status":"closed","template":"","meta":{"_acf_changed":false},"product_brand":[1522],"product_cat":[753],"product_tag":[],"class_list":{"0":"post-11412","1":"product","2":"type-product","3":"status-publish","4":"has-post-thumbnail","6":"product_brand-bmi","7":"product_cat-metreler","9":"first","10":"outofstock","11":"taxable","12":"shipping-taxable","13":"purchasable","14":"product-type-simple","15":"add-to-wishlist-after_add_to_cart"},"acf":[],"_links":{"self":[{"href":"https:\/\/www.makitamarket.com.tr\/site\/wp-json\/wp\/v2\/product\/11412","targetHints":{"allow":["GET"]}}],"collection":[{"href":"https:\/\/www.makitamarket.com.tr\/site\/wp-json\/wp\/v2\/product"}],"about":[{"href":"https:\/\/www.makitamarket.com.tr\/site\/wp-json\/wp\/v2\/types\/product"}],"replies":[{"embeddable":true,"href":"https:\/\/www.makitamarket.com.tr\/site\/wp-json\/wp\/v2\/comments?post=11412"}],"wp:featuredmedia":[{"embeddable":true,"href":"https:\/\/www.makitamarket.com.tr\/site\/wp-json\/wp\/v2\/media\/11411"}],"wp:attachment":[{"href":"https:\/\/www.makitamarket.com.tr\/site\/wp-json\/wp\/v2\/media?parent=11412"}],"wp:term":[{"taxonomy":"product_brand","embeddable":true,"href":"https:\/\/www.makitamarket.com.tr\/site\/wp-json\/wp\/v2\/product_brand?post=11412"},{"taxonomy":"product_cat","embeddable":true,"href":"https:\/\/www.makitamarket.com.tr\/site\/wp-json\/wp\/v2\/product_cat?post=11412"},{"taxonomy":"product_tag","embeddable":true,"href":"https:\/\/www.makitamarket.com.tr\/site\/wp-json\/wp\/v2\/product_tag?post=11412"}],"curies":[{"name":"wp","href":"https:\/\/api.w.org\/{rel}","templated":true}]}}