{"id":11416,"date":"2024-11-27T20:08:41","date_gmt":"2024-11-27T17:08:41","guid":{"rendered":"https:\/\/www.makitamarket.com.tr\/site\/urun\/daye-ozel-seri-8-fonksiyonlu-sprink\/"},"modified":"2026-04-13T19:58:41","modified_gmt":"2026-04-13T16:58:41","slug":"daye-ozel-seri-8-fonksiyonlu-sprink","status":"publish","type":"product","link":"https:\/\/www.makitamarket.com.tr\/site\/urun\/daye-ozel-seri-8-fonksiyonlu-sprink\/","title":{"rendered":"Daye DY6029G \u00d6ZEL SER\u0130 8 FONKS\u0130YONLU SPR\u0130NK"},"content":{"rendered":"<table>\n<tr>\n<td>Paket Adedi<\/td>\n<td>24<\/td>\n<\/tr>\n<tr>\n<td>EAN Kod<\/td>\n<td>6935637413821<\/td>\n<\/tr>\n<\/table>\n","protected":false},"excerpt":{"rendered":"<p>Paket Adedi 24 EAN Kod 6935637413821<\/p>\n","protected":false},"featured_media":11415,"comment_status":"open","ping_status":"closed","template":"","meta":{"_acf_changed":false},"product_brand":[1520],"product_cat":[881],"product_tag":[],"class_list":{"0":"post-11416","1":"product","2":"type-product","3":"status-publish","4":"has-post-thumbnail","6":"product_brand-daye","7":"product_cat-bahce-sulama-aletleri","9":"first","10":"outofstock","11":"taxable","12":"shipping-taxable","13":"purchasable","14":"product-type-simple","15":"add-to-wishlist-after_add_to_cart"},"acf":[],"_links":{"self":[{"href":"https:\/\/www.makitamarket.com.tr\/site\/wp-json\/wp\/v2\/product\/11416","targetHints":{"allow":["GET"]}}],"collection":[{"href":"https:\/\/www.makitamarket.com.tr\/site\/wp-json\/wp\/v2\/product"}],"about":[{"href":"https:\/\/www.makitamarket.com.tr\/site\/wp-json\/wp\/v2\/types\/product"}],"replies":[{"embeddable":true,"href":"https:\/\/www.makitamarket.com.tr\/site\/wp-json\/wp\/v2\/comments?post=11416"}],"wp:featuredmedia":[{"embeddable":true,"href":"https:\/\/www.makitamarket.com.tr\/site\/wp-json\/wp\/v2\/media\/11415"}],"wp:attachment":[{"href":"https:\/\/www.makitamarket.com.tr\/site\/wp-json\/wp\/v2\/media?parent=11416"}],"wp:term":[{"taxonomy":"product_brand","embeddable":true,"href":"https:\/\/www.makitamarket.com.tr\/site\/wp-json\/wp\/v2\/product_brand?post=11416"},{"taxonomy":"product_cat","embeddable":true,"href":"https:\/\/www.makitamarket.com.tr\/site\/wp-json\/wp\/v2\/product_cat?post=11416"},{"taxonomy":"product_tag","embeddable":true,"href":"https:\/\/www.makitamarket.com.tr\/site\/wp-json\/wp\/v2\/product_tag?post=11416"}],"curies":[{"name":"wp","href":"https:\/\/api.w.org\/{rel}","templated":true}]}}