{"id":11418,"date":"2024-11-27T20:08:41","date_gmt":"2024-11-27T17:08:41","guid":{"rendered":"https:\/\/www.makitamarket.com.tr\/site\/urun\/optimum-optimum-mv3-75-acili-mengene\/"},"modified":"2025-11-16T06:13:59","modified_gmt":"2025-11-16T03:13:59","slug":"optimum-optimum-mv3-75-acili-mengene","status":"publish","type":"product","link":"https:\/\/www.makitamarket.com.tr\/site\/urun\/optimum-optimum-mv3-75-acili-mengene\/","title":{"rendered":"Optimum 3354175 OPTIMUM MV3 &#8211; 75 A\u00c7ILI MENGENE"},"content":{"rendered":"<table>\n<tr>\n<td>a<\/td>\n<td>166<\/td>\n<\/tr>\n<tr>\n<td>b<\/td>\n<td>195<\/td>\n<\/tr>\n<tr>\n<td>C<\/td>\n<td>172<\/td>\n<\/tr>\n<tr>\n<td>D<\/td>\n<td>139<\/td>\n<\/tr>\n<tr>\n<td>E<\/td>\n<td>82<\/td>\n<\/tr>\n<tr>\n<td>F<\/td>\n<td>34<\/td>\n<\/tr>\n<tr>\n<td>G<\/td>\n<td>150<\/td>\n<\/tr>\n<tr>\n<td>H<\/td>\n<td>195<\/td>\n<\/tr>\n<tr>\n<td>I<\/td>\n<td>75,5<\/td>\n<\/tr>\n<tr>\n<td>A\u011f\u0131rl\u0131k<\/td>\n<td>12 kg<\/td>\n<\/tr>\n<\/table>\n","protected":false},"excerpt":{"rendered":"<p>a 166 b 195 C 172 D 139 E 82 F 34 G 150 H 195 I 75,5 A\u011f\u0131rl\u0131k 12 kg<\/p>\n","protected":false},"featured_media":11417,"comment_status":"open","ping_status":"closed","template":"","meta":{"_acf_changed":false},"product_brand":[1511],"product_cat":[824],"product_tag":[],"class_list":{"0":"post-11418","1":"product","2":"type-product","3":"status-publish","4":"has-post-thumbnail","6":"product_brand-optimum","7":"product_cat-aksesuarlar-metal-isleme-makinalari-2","9":"first","10":"outofstock","11":"taxable","12":"shipping-taxable","13":"purchasable","14":"product-type-simple","15":"add-to-wishlist-after_add_to_cart"},"acf":[],"_links":{"self":[{"href":"https:\/\/www.makitamarket.com.tr\/site\/wp-json\/wp\/v2\/product\/11418","targetHints":{"allow":["GET"]}}],"collection":[{"href":"https:\/\/www.makitamarket.com.tr\/site\/wp-json\/wp\/v2\/product"}],"about":[{"href":"https:\/\/www.makitamarket.com.tr\/site\/wp-json\/wp\/v2\/types\/product"}],"replies":[{"embeddable":true,"href":"https:\/\/www.makitamarket.com.tr\/site\/wp-json\/wp\/v2\/comments?post=11418"}],"wp:featuredmedia":[{"embeddable":true,"href":"https:\/\/www.makitamarket.com.tr\/site\/wp-json\/wp\/v2\/media\/11417"}],"wp:attachment":[{"href":"https:\/\/www.makitamarket.com.tr\/site\/wp-json\/wp\/v2\/media?parent=11418"}],"wp:term":[{"taxonomy":"product_brand","embeddable":true,"href":"https:\/\/www.makitamarket.com.tr\/site\/wp-json\/wp\/v2\/product_brand?post=11418"},{"taxonomy":"product_cat","embeddable":true,"href":"https:\/\/www.makitamarket.com.tr\/site\/wp-json\/wp\/v2\/product_cat?post=11418"},{"taxonomy":"product_tag","embeddable":true,"href":"https:\/\/www.makitamarket.com.tr\/site\/wp-json\/wp\/v2\/product_tag?post=11418"}],"curies":[{"name":"wp","href":"https:\/\/api.w.org\/{rel}","templated":true}]}}