{"id":11422,"date":"2024-11-27T20:08:42","date_gmt":"2024-11-27T17:08:42","guid":{"rendered":"https:\/\/www.makitamarket.com.tr\/site\/urun\/knipex-knipex-00-20-72-v01-hobi-set\/"},"modified":"2026-04-06T13:39:14","modified_gmt":"2026-04-06T10:39:14","slug":"knipex-knipex-00-20-72-v01-hobi-set","status":"publish","type":"product","link":"https:\/\/www.makitamarket.com.tr\/site\/urun\/knipex-knipex-00-20-72-v01-hobi-set\/","title":{"rendered":"Knipex 002072V01 KNIPEX 00 20 72 V01 HOB\u0130 SET"},"content":{"rendered":"<p><b>00 20 72 V01 Mini pense seti<\/b><br \/>Dayan\u0131kl\u0131 polyester kuma\u015ftan imal edilmi\u015f alet \u00e7antas\u0131, ask\u0131 ba\u011flant\u0131 ve kemer klipsiyle. Boyutlar (G x Y x D): 75 x 180 x 55 mm. self servis kart\/kabartma. <br \/><b>Teslimat kapsam\u0131:<\/b> 1 x 86 03 150 KNIPEX Ayarl\u0131 fort pense Pense ve anahtar bir alette birle\u015fmi\u015ftir (150 mm), 1 x 87 01 125 KNIPEX Cobra\u00ae Hightech Fort Pense (125 mm),<\/p>\n<table>\n<tr>\n<td>\u0130\u00e7eri\u011fi<\/td>\n<td>8701125-8603150<\/td>\n<\/tr>\n<tr>\n<td>Kapasite<\/td>\n<td>1&#8243;-27mm, 1&#8243;-27mm<\/td>\n<\/tr>\n<tr>\n<td>Ayar Pozisyonu<\/td>\n<td>13, 14<\/td>\n<\/tr>\n<tr>\n<td>A\u011f\u0131rl\u0131k<\/td>\n<td>175gr, 85gr<\/td>\n<\/tr>\n<\/table>\n","protected":false},"excerpt":{"rendered":"<p><b>00 20 72 V01 Mini pense seti<\/b><br \/>Dayan\u0131kl\u0131 polyester kuma\u015ftan imal edilmi\u015f alet \u00e7antas\u0131, ask\u0131 ba\u011flant\u0131 ve kemer klipsiyle. Boyutlar (G x Y x D): 75 x 180 x 55 mm. self servis kart\/kabartma. <br \/><b>Teslimat kapsam\u0131:<\/b> 1 x 86 03 150 KNIPEX Ayarl\u0131 fort pense Pense ve anahtar bir alette birle\u015fmi\u015ftir (150 mm), 1 x 87 01 125 KNIPEX Cobra\u00ae Hightech Fort Pense (125 mm),<\/p>\n","protected":false},"featured_media":11421,"comment_status":"open","ping_status":"closed","template":"","meta":{"_acf_changed":false},"product_brand":[1486],"product_cat":[956],"product_tag":[],"class_list":{"0":"post-11422","1":"product","2":"type-product","3":"status-publish","4":"has-post-thumbnail","6":"product_brand-knipex","7":"product_cat-ayarli-penseler","9":"first","10":"outofstock","11":"taxable","12":"shipping-taxable","13":"purchasable","14":"product-type-simple","15":"add-to-wishlist-after_add_to_cart"},"acf":[],"_links":{"self":[{"href":"https:\/\/www.makitamarket.com.tr\/site\/wp-json\/wp\/v2\/product\/11422","targetHints":{"allow":["GET"]}}],"collection":[{"href":"https:\/\/www.makitamarket.com.tr\/site\/wp-json\/wp\/v2\/product"}],"about":[{"href":"https:\/\/www.makitamarket.com.tr\/site\/wp-json\/wp\/v2\/types\/product"}],"replies":[{"embeddable":true,"href":"https:\/\/www.makitamarket.com.tr\/site\/wp-json\/wp\/v2\/comments?post=11422"}],"wp:featuredmedia":[{"embeddable":true,"href":"https:\/\/www.makitamarket.com.tr\/site\/wp-json\/wp\/v2\/media\/11421"}],"wp:attachment":[{"href":"https:\/\/www.makitamarket.com.tr\/site\/wp-json\/wp\/v2\/media?parent=11422"}],"wp:term":[{"taxonomy":"product_brand","embeddable":true,"href":"https:\/\/www.makitamarket.com.tr\/site\/wp-json\/wp\/v2\/product_brand?post=11422"},{"taxonomy":"product_cat","embeddable":true,"href":"https:\/\/www.makitamarket.com.tr\/site\/wp-json\/wp\/v2\/product_cat?post=11422"},{"taxonomy":"product_tag","embeddable":true,"href":"https:\/\/www.makitamarket.com.tr\/site\/wp-json\/wp\/v2\/product_tag?post=11422"}],"curies":[{"name":"wp","href":"https:\/\/api.w.org\/{rel}","templated":true}]}}