{"id":11453,"date":"2024-11-27T20:08:56","date_gmt":"2024-11-27T17:08:56","guid":{"rendered":"https:\/\/www.makitamarket.com.tr\/site\/urun\/knipex-knipex-97-49-04-97-43-200a-cenesi\/"},"modified":"2026-04-06T13:40:11","modified_gmt":"2026-04-06T10:40:11","slug":"knipex-knipex-97-49-04-97-43-200a-cenesi","status":"publish","type":"product","link":"https:\/\/www.makitamarket.com.tr\/site\/urun\/knipex-knipex-97-49-04-97-43-200a-cenesi\/","title":{"rendered":"Knipex 974904 KNIPEX 97 49 04 &#8211; 97 43 200A \u00c7ENES\u0130"},"content":{"rendered":"<p><b>97 49 04 S\u0131kma profili<\/b><br \/> . Uygulama: Yal\u0131t\u0131ms\u0131z a\u00e7\u0131k fi\u015fli tip konekt\u00f6rler (fi\u015f geni\u015fli\u011fi 2,8 + 4,8 mm) 0,1 &#8211; 2,5 mm\u00b2. <\/p>\n<li><b>Kapasite milimetrekare: <\/b>0,1 \u2014 2,5 mm\u00b2<\/li>\n<li><b>Yuva say\u0131s\u0131: <\/b>4<\/li>\n<li><b>AWG: <\/b>26 \u2014 14 <\/li>\n<table>\n<tr>\n<td>A\u00e7\u0131klama<\/td>\n<td>0,1 &#8211; 2,5 mm2<\/td>\n<\/tr>\n<tr>\n<td>AWG<\/td>\n<td>27-13<\/td>\n<\/tr>\n<\/table>\n","protected":false},"excerpt":{"rendered":"<p><b>97 49 04 S\u0131kma profili<\/b><br \/> . Uygulama: Yal\u0131t\u0131ms\u0131z a\u00e7\u0131k fi\u015fli tip konekt\u00f6rler (fi\u015f geni\u015fli\u011fi 2,8 + 4,8 mm) 0,1 &#8211; 2,5 mm\u00b2. <\/p>\n<li><b>Kapasite milimetrekare: <\/b>0,1 \u2014 2,5 mm\u00b2<\/li>\n<li><b>Yuva say\u0131s\u0131: <\/b>4<\/li>\n<li><b>AWG: <\/b>26 \u2014 14 <\/li>\n","protected":false},"featured_media":11452,"comment_status":"open","ping_status":"closed","template":"","meta":{"_acf_changed":false},"product_brand":[1486],"product_cat":[852],"product_tag":[],"class_list":{"0":"post-11453","1":"product","2":"type-product","3":"status-publish","4":"has-post-thumbnail","6":"product_brand-knipex","7":"product_cat-kablo-yuksuk-ve-pabuc-sikmalar","9":"first","10":"instock","11":"taxable","12":"shipping-taxable","13":"purchasable","14":"product-type-simple","15":"add-to-wishlist-after_add_to_cart"},"acf":[],"_links":{"self":[{"href":"https:\/\/www.makitamarket.com.tr\/site\/wp-json\/wp\/v2\/product\/11453","targetHints":{"allow":["GET"]}}],"collection":[{"href":"https:\/\/www.makitamarket.com.tr\/site\/wp-json\/wp\/v2\/product"}],"about":[{"href":"https:\/\/www.makitamarket.com.tr\/site\/wp-json\/wp\/v2\/types\/product"}],"replies":[{"embeddable":true,"href":"https:\/\/www.makitamarket.com.tr\/site\/wp-json\/wp\/v2\/comments?post=11453"}],"wp:featuredmedia":[{"embeddable":true,"href":"https:\/\/www.makitamarket.com.tr\/site\/wp-json\/wp\/v2\/media\/11452"}],"wp:attachment":[{"href":"https:\/\/www.makitamarket.com.tr\/site\/wp-json\/wp\/v2\/media?parent=11453"}],"wp:term":[{"taxonomy":"product_brand","embeddable":true,"href":"https:\/\/www.makitamarket.com.tr\/site\/wp-json\/wp\/v2\/product_brand?post=11453"},{"taxonomy":"product_cat","embeddable":true,"href":"https:\/\/www.makitamarket.com.tr\/site\/wp-json\/wp\/v2\/product_cat?post=11453"},{"taxonomy":"product_tag","embeddable":true,"href":"https:\/\/www.makitamarket.com.tr\/site\/wp-json\/wp\/v2\/product_tag?post=11453"}],"curies":[{"name":"wp","href":"https:\/\/api.w.org\/{rel}","templated":true}]}}