{"id":11464,"date":"2024-11-27T20:08:59","date_gmt":"2024-11-27T17:08:59","guid":{"rendered":"https:\/\/www.makitamarket.com.tr\/site\/urun\/makita-mt-avuc-taslama-125-mm\/"},"modified":"2026-04-06T13:41:10","modified_gmt":"2026-04-06T10:41:10","slug":"makita-mt-avuc-taslama-125-mm","status":"publish","type":"product","link":"https:\/\/www.makitamarket.com.tr\/site\/urun\/makita-mt-avuc-taslama-125-mm\/","title":{"rendered":"Makita MT M9002B AVU\u00c7 TA\u015eLAMA 125 mm"},"content":{"rendered":"<table>\n<tr>\n<td>S\u00fcrekli Ak\u0131m Giri\u015fi<\/td>\n<td>1.050W<\/td>\n<\/tr>\n<tr>\n<td>Bo\u015ftaki devir say\u0131s\u0131<\/td>\n<td>11.000 devir\/dk<\/td>\n<\/tr>\n<tr>\n<td>Net A\u011f\u0131rl\u0131k<\/td>\n<td>2.8kg<\/td>\n<\/tr>\n<tr>\n<td>Disk \u00c7ap\u0131<\/td>\n<td>125<\/td>\n<\/tr>\n<tr>\n<td>Ak\u0131m<\/td>\n<td>4.77Ah<\/td>\n<\/tr>\n<tr>\n<td>Ambalaj \u0130\u00e7eri\u011fi<\/td>\n<td>Yan sap, Siper, Anahtar<\/td>\n<\/tr>\n<\/table>\n","protected":false},"excerpt":{"rendered":"<p>S\u00fcrekli Ak\u0131m Giri\u015fi 1.050W Bo\u015ftaki devir say\u0131s\u0131 11.000 devir\/dk Net A\u011f\u0131rl\u0131k 2.8kg Disk \u00c7ap\u0131 125 Ak\u0131m 4.77Ah Ambalaj \u0130\u00e7eri\u011fi Yan sap, Siper, Anahtar<\/p>\n","protected":false},"featured_media":11463,"comment_status":"open","ping_status":"closed","template":"","meta":{"_acf_changed":false},"product_brand":[1528],"product_cat":[1565],"product_tag":[],"class_list":{"0":"post-11464","1":"product","2":"type-product","3":"status-publish","4":"has-post-thumbnail","6":"product_brand-makita-mt","7":"product_cat-yok-yok","9":"first","10":"instock","11":"taxable","12":"shipping-taxable","13":"purchasable","14":"product-type-simple","15":"add-to-wishlist-after_add_to_cart"},"acf":[],"_links":{"self":[{"href":"https:\/\/www.makitamarket.com.tr\/site\/wp-json\/wp\/v2\/product\/11464","targetHints":{"allow":["GET"]}}],"collection":[{"href":"https:\/\/www.makitamarket.com.tr\/site\/wp-json\/wp\/v2\/product"}],"about":[{"href":"https:\/\/www.makitamarket.com.tr\/site\/wp-json\/wp\/v2\/types\/product"}],"replies":[{"embeddable":true,"href":"https:\/\/www.makitamarket.com.tr\/site\/wp-json\/wp\/v2\/comments?post=11464"}],"wp:featuredmedia":[{"embeddable":true,"href":"https:\/\/www.makitamarket.com.tr\/site\/wp-json\/wp\/v2\/media\/11463"}],"wp:attachment":[{"href":"https:\/\/www.makitamarket.com.tr\/site\/wp-json\/wp\/v2\/media?parent=11464"}],"wp:term":[{"taxonomy":"product_brand","embeddable":true,"href":"https:\/\/www.makitamarket.com.tr\/site\/wp-json\/wp\/v2\/product_brand?post=11464"},{"taxonomy":"product_cat","embeddable":true,"href":"https:\/\/www.makitamarket.com.tr\/site\/wp-json\/wp\/v2\/product_cat?post=11464"},{"taxonomy":"product_tag","embeddable":true,"href":"https:\/\/www.makitamarket.com.tr\/site\/wp-json\/wp\/v2\/product_tag?post=11464"}],"curies":[{"name":"wp","href":"https:\/\/api.w.org\/{rel}","templated":true}]}}