{"id":11507,"date":"2024-11-27T20:09:16","date_gmt":"2024-11-27T17:09:16","guid":{"rendered":"https:\/\/www.makitamarket.com.tr\/site\/urun\/gison-hortum-balanser\/"},"modified":"2026-04-06T13:49:53","modified_gmt":"2026-04-06T10:49:53","slug":"gison-hortum-balanser","status":"publish","type":"product","link":"https:\/\/www.makitamarket.com.tr\/site\/urun\/gison-hortum-balanser\/","title":{"rendered":"Gison GPRB01A HORTUM BALANSER"},"content":{"rendered":"<table>\n<tr>\n<td>Tipi<\/td>\n<td>Hortum Balanser<\/td>\n<\/tr>\n<tr>\n<td>Hortum Malzemesi<\/td>\n<td>Polyurethane<\/td>\n<\/tr>\n<tr>\n<td>Kapasitesi<\/td>\n<td>3.0 kg.<\/td>\n<\/tr>\n<tr>\n<td>Hortum \u00d6l\u00e7\u00fcs\u00fc <\/td>\n<td>5.0 x 8.0 mm.<\/td>\n<\/tr>\n<tr>\n<td>Hortum Uzunlu\u011fu<\/td>\n<td>7.5 mt.<\/td>\n<\/tr>\n<tr>\n<td>Hava Giri\u015fi<\/td>\n<td>1\/4&#8243;<\/td>\n<\/tr>\n<tr>\n<td>D\u0131\u015f \u00d6l\u00e7\u00fcler<\/td>\n<td>240 x 215 x 95 mm.<\/td>\n<\/tr>\n<tr>\n<td>\u00c7al\u0131\u015fma Bas\u0131nc\u0131<\/td>\n<td>100 psi <br \/>(7 kg\/cm\u00b2).<\/td>\n<\/tr>\n<tr>\n<td>A\u011f\u0131rl\u0131k<\/td>\n<td>1.4 kg.<\/td>\n<\/tr>\n<tr>\n<td>Koli Adedi<\/td>\n<td>10<\/td>\n<\/tr>\n<\/table>\n","protected":false},"excerpt":{"rendered":"<p>Tipi Hortum Balanser Hortum Malzemesi Polyurethane Kapasitesi 3.0 kg. Hortum \u00d6l\u00e7\u00fcs\u00fc 5.0 x 8.0 mm. Hortum Uzunlu\u011fu 7.5 mt. Hava Giri\u015fi 1\/4&#8243; D\u0131\u015f \u00d6l\u00e7\u00fcler 240 x 215 x 95 mm.<\/p>\n","protected":false},"featured_media":11793,"comment_status":"open","ping_status":"closed","template":"","meta":{"_acf_changed":false},"product_brand":[1512],"product_cat":[1565],"product_tag":[],"class_list":{"0":"post-11507","1":"product","2":"type-product","3":"status-publish","4":"has-post-thumbnail","6":"product_brand-gison","7":"product_cat-yok-yok","9":"first","10":"instock","11":"taxable","12":"shipping-taxable","13":"purchasable","14":"product-type-simple","15":"add-to-wishlist-after_add_to_cart"},"acf":[],"_links":{"self":[{"href":"https:\/\/www.makitamarket.com.tr\/site\/wp-json\/wp\/v2\/product\/11507","targetHints":{"allow":["GET"]}}],"collection":[{"href":"https:\/\/www.makitamarket.com.tr\/site\/wp-json\/wp\/v2\/product"}],"about":[{"href":"https:\/\/www.makitamarket.com.tr\/site\/wp-json\/wp\/v2\/types\/product"}],"replies":[{"embeddable":true,"href":"https:\/\/www.makitamarket.com.tr\/site\/wp-json\/wp\/v2\/comments?post=11507"}],"wp:featuredmedia":[{"embeddable":true,"href":"https:\/\/www.makitamarket.com.tr\/site\/wp-json\/wp\/v2\/media\/11793"}],"wp:attachment":[{"href":"https:\/\/www.makitamarket.com.tr\/site\/wp-json\/wp\/v2\/media?parent=11507"}],"wp:term":[{"taxonomy":"product_brand","embeddable":true,"href":"https:\/\/www.makitamarket.com.tr\/site\/wp-json\/wp\/v2\/product_brand?post=11507"},{"taxonomy":"product_cat","embeddable":true,"href":"https:\/\/www.makitamarket.com.tr\/site\/wp-json\/wp\/v2\/product_cat?post=11507"},{"taxonomy":"product_tag","embeddable":true,"href":"https:\/\/www.makitamarket.com.tr\/site\/wp-json\/wp\/v2\/product_tag?post=11507"}],"curies":[{"name":"wp","href":"https:\/\/api.w.org\/{rel}","templated":true}]}}