{"id":11551,"date":"2024-11-27T20:09:31","date_gmt":"2024-11-27T17:09:31","guid":{"rendered":"https:\/\/www.makitamarket.com.tr\/site\/urun\/proxxon-radus-toplama-atasmani\/"},"modified":"2026-04-06T13:43:13","modified_gmt":"2026-04-06T10:43:13","slug":"proxxon-radus-toplama-atasmani","status":"publish","type":"product","link":"https:\/\/www.makitamarket.com.tr\/site\/urun\/proxxon-radus-toplama-atasmani\/","title":{"rendered":"Proxxon 24062 RAD\u00dcS TOPLAMA ATA\u015eMANI"},"content":{"rendered":"<table>\n<tr>\n<td>\u00d6zellik<\/td>\n<td>Rad\u00fcs tornalama ata\u015fman\u203a FD 150\/E, PD400 ve PD 250\/E i\u00e7in 8x8mm kalemle birlikte<\/td>\n<\/tr>\n<\/table>\n","protected":false},"excerpt":{"rendered":"<p>\u00d6zellik Rad\u00fcs tornalama ata\u015fman\u203a FD 150\/E, PD400 ve PD 250\/E i\u00e7in 8x8mm kalemle birlikte<\/p>\n","protected":false},"featured_media":0,"comment_status":"open","ping_status":"closed","template":"","meta":{"_acf_changed":false},"product_brand":[1501],"product_cat":[926],"product_tag":[],"class_list":{"0":"post-11551","1":"product","2":"type-product","3":"status-publish","5":"product_brand-proxxon","6":"product_cat-aksesuarlar-mikro-aletleri","8":"first","9":"instock","10":"taxable","11":"shipping-taxable","12":"purchasable","13":"product-type-simple","14":"add-to-wishlist-after_add_to_cart"},"acf":[],"_links":{"self":[{"href":"https:\/\/www.makitamarket.com.tr\/site\/wp-json\/wp\/v2\/product\/11551","targetHints":{"allow":["GET"]}}],"collection":[{"href":"https:\/\/www.makitamarket.com.tr\/site\/wp-json\/wp\/v2\/product"}],"about":[{"href":"https:\/\/www.makitamarket.com.tr\/site\/wp-json\/wp\/v2\/types\/product"}],"replies":[{"embeddable":true,"href":"https:\/\/www.makitamarket.com.tr\/site\/wp-json\/wp\/v2\/comments?post=11551"}],"wp:attachment":[{"href":"https:\/\/www.makitamarket.com.tr\/site\/wp-json\/wp\/v2\/media?parent=11551"}],"wp:term":[{"taxonomy":"product_brand","embeddable":true,"href":"https:\/\/www.makitamarket.com.tr\/site\/wp-json\/wp\/v2\/product_brand?post=11551"},{"taxonomy":"product_cat","embeddable":true,"href":"https:\/\/www.makitamarket.com.tr\/site\/wp-json\/wp\/v2\/product_cat?post=11551"},{"taxonomy":"product_tag","embeddable":true,"href":"https:\/\/www.makitamarket.com.tr\/site\/wp-json\/wp\/v2\/product_tag?post=11551"}],"curies":[{"name":"wp","href":"https:\/\/api.w.org\/{rel}","templated":true}]}}