{"id":11572,"date":"2024-11-27T20:09:42","date_gmt":"2024-11-27T17:09:42","guid":{"rendered":"https:\/\/www.makitamarket.com.tr\/site\/urun\/mastech-mastech-sm206-gunes-enerjisi-olcum-cihazi\/"},"modified":"2026-04-21T01:13:09","modified_gmt":"2026-04-20T22:13:09","slug":"mastech-mastech-sm206-gunes-enerjisi-olcum-cihazi","status":"publish","type":"product","link":"https:\/\/www.makitamarket.com.tr\/site\/urun\/mastech-mastech-sm206-gunes-enerjisi-olcum-cihazi\/","title":{"rendered":"Mastech SM206 MASTECH SM206 G\u00dcNE\u015e ENERJ\u0130S\u0130 \u00d6L\u00c7\u00dcM C\u0130HAZI"},"content":{"rendered":"<div>\n\tG\u00fcne\u015f \u0131\u015f\u0131n\u0131 radyasyon \u00f6l\u00e7\u00fcmleri, fiziksel ve optik deneyler, meteoroloji ve tar\u0131m alanlar\u0131nda kullan\u0131ma uygundur.<\/div>\n<div>\n\tAyr\u0131ca cam \u00f6zelliklerini belirlemek i\u00e7in veya cam \u0131\u015f\u0131\u011f\u0131 yo\u011funlu\u011funu bulmak i\u00e7in kullan\u0131labilir.<\/div>\n<div>\n\tVeri ve max. deer saklama<\/div>\n<div>\n\tA\u015f\u0131r\u0131 y\u00fckleme ve d\u00fc\u015f\u00fck pil g\u00f6stergesi.<\/div>\n<table>\n<tr>\n<td>\u00d6l\u00e7\u00fcm menzili<\/td>\n<td>0.1~399.9, 1~3999 W\/m2 0.1-399.9, 1-3999 Btu\/ (ft2-h) 0.1W\/m2 , 0.1 Btu\/(ft2-h)<\/td>\n<\/tr>\n<tr>\n<td>\u00c7\u00f6z\u00fcn\u00fcrl\u00fck<\/td>\n<td>\u00b110W\/m2 \/ 3 Btu\/(ft2-h);<\/td>\n<\/tr>\n<tr>\n<td>Hassasiyet<\/td>\n<td>veya \u00b15% okumada (@25\u00b0C) \u00b10.38W\/m2 \/\u00b0C,<\/td>\n<\/tr>\n<tr>\n<td>S\u0131cakl\u0131k hatas\u0131<\/td>\n<td>\u00b10.12 Btu\/(ft2-h)\/\u00b0C \u00b10.12 Btu\/(ft2-h)\/\u00b0C<\/td>\n<\/tr>\n<tr>\n<td>Yan\u0131tlama s\u00fcresi<\/td>\n<td>0.25 sn<\/td>\n<\/tr>\n<tr>\n<td>Boyutlar<\/td>\n<td>60 x 132 x 38 mm<\/td>\n<\/tr>\n<tr>\n<td>Batarya<\/td>\n<td>9Vx1 6F22<\/td>\n<\/tr>\n<\/table>\n","protected":false},"excerpt":{"rendered":"<div>\n\tG\u00fcne\u015f \u0131\u015f\u0131n\u0131 radyasyon \u00f6l\u00e7\u00fcmleri, fiziksel ve optik deneyler, meteoroloji ve tar\u0131m alanlar\u0131nda kullan\u0131ma uygundur.<\/div>\n<div>\n\tAyr\u0131ca cam \u00f6zelliklerini belirlemek i\u00e7in veya cam \u0131\u015f\u0131\u011f\u0131 yo\u011funlu\u011funu bulmak i\u00e7in kullan\u0131labilir.<\/div>\n<div>\n\tVeri ve max. deer saklama<\/div>\n<div>\n\tA\u015f\u0131r\u0131 y\u00fckleme ve d\u00fc\u015f\u00fck pil g\u00f6stergesi.<\/div>\n","protected":false},"featured_media":11571,"comment_status":"open","ping_status":"closed","template":"","meta":{"_acf_changed":false},"product_brand":[1526],"product_cat":[1132],"product_tag":[],"class_list":{"0":"post-11572","1":"product","2":"type-product","3":"status-publish","4":"has-post-thumbnail","6":"product_brand-mastech","7":"product_cat-gunes-enerjisi-olcerler","9":"first","10":"instock","11":"taxable","12":"shipping-taxable","13":"purchasable","14":"product-type-simple","15":"add-to-wishlist-after_add_to_cart"},"acf":[],"_links":{"self":[{"href":"https:\/\/www.makitamarket.com.tr\/site\/wp-json\/wp\/v2\/product\/11572","targetHints":{"allow":["GET"]}}],"collection":[{"href":"https:\/\/www.makitamarket.com.tr\/site\/wp-json\/wp\/v2\/product"}],"about":[{"href":"https:\/\/www.makitamarket.com.tr\/site\/wp-json\/wp\/v2\/types\/product"}],"replies":[{"embeddable":true,"href":"https:\/\/www.makitamarket.com.tr\/site\/wp-json\/wp\/v2\/comments?post=11572"}],"wp:featuredmedia":[{"embeddable":true,"href":"https:\/\/www.makitamarket.com.tr\/site\/wp-json\/wp\/v2\/media\/11571"}],"wp:attachment":[{"href":"https:\/\/www.makitamarket.com.tr\/site\/wp-json\/wp\/v2\/media?parent=11572"}],"wp:term":[{"taxonomy":"product_brand","embeddable":true,"href":"https:\/\/www.makitamarket.com.tr\/site\/wp-json\/wp\/v2\/product_brand?post=11572"},{"taxonomy":"product_cat","embeddable":true,"href":"https:\/\/www.makitamarket.com.tr\/site\/wp-json\/wp\/v2\/product_cat?post=11572"},{"taxonomy":"product_tag","embeddable":true,"href":"https:\/\/www.makitamarket.com.tr\/site\/wp-json\/wp\/v2\/product_tag?post=11572"}],"curies":[{"name":"wp","href":"https:\/\/api.w.org\/{rel}","templated":true}]}}