{"id":11584,"date":"2024-11-27T20:09:48","date_gmt":"2024-11-27T17:09:48","guid":{"rendered":"https:\/\/www.makitamarket.com.tr\/site\/urun\/mapa-kimyasal-koruma-eldiveni-no-7-8-9-11\/"},"modified":"2026-04-06T13:44:55","modified_gmt":"2026-04-06T10:44:55","slug":"mapa-kimyasal-koruma-eldiveni-no-7-8-9-11","status":"publish","type":"product","link":"https:\/\/www.makitamarket.com.tr\/site\/urun\/mapa-kimyasal-koruma-eldiveni-no-7-8-9-11\/","title":{"rendered":"Mapa ULTRANITRIL491-9 K\u0130MYASAL KORUMA ELD\u0130VEN\u0130 NO: 7 &#8211; 8 &#8211; 9 &#8211; 11"},"content":{"rendered":"<div>\n\t<strong>Kullan\u0131m Alanlar\u0131<\/strong><\/div>\n<div>\n\t<strong>Makina End\u00fcstrisi:<br \/>\n\t<\/strong><\/div>\n<div>\n\tKesme ya\u011f\u0131 ile makinada i\u015fleme, solventlerle metal i\u015fleme, temizleme<\/div>\n<div>\n\t\u00a0<\/div>\n<div>\n\t<strong>Kimya End\u00fcstrisi:<\/strong><\/div>\n<div>\n\tBoya, vernik \u00fcretimi ve uygulamalar\u0131<\/div>\n<div>\n\t\u00a0<\/div>\n<div>\n\t<strong>Di\u011fer Sekt\u00f6rler: <\/strong><\/div>\n<div>\n\tHa\u015fere ila\u00e7lama uygulamalar\u0131<\/div>\n<div>\n\tKereste i\u015fleme ve bitirme i\u015fleri Bak\u0131m,<\/div>\n<div>\n\tBask\u0131 rulosu temizli\u011fi<\/div>\n<table>\n<tr>\n<td>Uzunluk \/ Kal\u0131nl\u0131k<\/td>\n<td>37cm \/ 0,45mm<\/td>\n<\/tr>\n<tr>\n<td>\u0130\u00e7 \/ D\u0131\u015f Y\u00fczey<\/td>\n<td>Pamuk hav\u0131 emdirilmi\u015f \/ Kabartma doku<\/td>\n<\/tr>\n<tr>\n<td>\u00d6l\u00e7\u00fc<\/td>\n<td>7 &#8211; 8 &#8211; 9 &#8211; 10<\/td>\n<\/tr>\n<tr>\n<td>Standard\u0131<\/td>\n<td>EN 388 &#8211; 3101X<\/td>\n<\/tr>\n<tr>\n<td>Standard\u0131<\/td>\n<td>EN 374-1 &#8211; AJKOPT<\/td>\n<\/tr>\n<tr>\n<td>Standard\u0131<\/td>\n<td>EN 374-5<\/td>\n<\/tr>\n<tr>\n<td>Koli Miktar\u0131<\/td>\n<td>50 \u00c7ift<\/td>\n<\/tr>\n<tr>\n<td>Kaplama<\/td>\n<td>Nitril<\/td>\n<\/tr>\n<tr>\n<td>Tan\u0131m<\/td>\n<td>Y\u00fcksek mekanik dayan\u0131kl\u0131l\u0131k ve uzun \u00f6m\u00fcrl\u00fc kimyasal koruma<\/td>\n<\/tr>\n<tr>\n<td>Standard\u0131<\/td>\n<td>EN 420 &#8211; CAT3<\/td>\n<\/tr>\n<\/table>\n","protected":false},"excerpt":{"rendered":"<div>\n\t<strong>Kullan\u0131m Alanlar\u0131<\/strong><\/div>\n<div>\n\t<strong>Makina End\u00fcstrisi:<br \/>\n\t<\/strong><\/div>\n<div>\n\tKesme ya\u011f\u0131 ile makinada i\u015fleme, solventlerle metal i\u015fleme, temizleme<\/div>\n<div>\n\t\u00a0<\/div>\n<div>\n\t<strong>Kimya End\u00fcstrisi:<\/strong><\/div>\n<div>\n\tBoya, vernik \u00fcretimi ve uygulamalar\u0131<\/div>\n<div>\n\t\u00a0<\/div>\n<div>\n\t<strong>Di\u011fer Sekt\u00f6rler: <\/strong><\/div>\n<div>\n\tHa\u015fere ila\u00e7lama uygulamalar\u0131<\/div>\n<div>\n\tKereste i\u015fleme ve bitirme i\u015fleri Bak\u0131m,<\/div>\n<div>\n\tBask\u0131 rulosu temizli\u011fi<\/div>\n","protected":false},"featured_media":11587,"comment_status":"open","ping_status":"closed","template":"","meta":{"_acf_changed":false},"product_brand":[1521],"product_cat":[708],"product_tag":[],"class_list":{"0":"post-11584","1":"product","2":"type-product","3":"status-publish","4":"has-post-thumbnail","6":"product_brand-mapa","7":"product_cat-el-koruyucular","9":"first","10":"instock","11":"taxable","12":"shipping-taxable","13":"purchasable","14":"product-type-simple","15":"add-to-wishlist-after_add_to_cart"},"acf":[],"_links":{"self":[{"href":"https:\/\/www.makitamarket.com.tr\/site\/wp-json\/wp\/v2\/product\/11584","targetHints":{"allow":["GET"]}}],"collection":[{"href":"https:\/\/www.makitamarket.com.tr\/site\/wp-json\/wp\/v2\/product"}],"about":[{"href":"https:\/\/www.makitamarket.com.tr\/site\/wp-json\/wp\/v2\/types\/product"}],"replies":[{"embeddable":true,"href":"https:\/\/www.makitamarket.com.tr\/site\/wp-json\/wp\/v2\/comments?post=11584"}],"wp:featuredmedia":[{"embeddable":true,"href":"https:\/\/www.makitamarket.com.tr\/site\/wp-json\/wp\/v2\/media\/11587"}],"wp:attachment":[{"href":"https:\/\/www.makitamarket.com.tr\/site\/wp-json\/wp\/v2\/media?parent=11584"}],"wp:term":[{"taxonomy":"product_brand","embeddable":true,"href":"https:\/\/www.makitamarket.com.tr\/site\/wp-json\/wp\/v2\/product_brand?post=11584"},{"taxonomy":"product_cat","embeddable":true,"href":"https:\/\/www.makitamarket.com.tr\/site\/wp-json\/wp\/v2\/product_cat?post=11584"},{"taxonomy":"product_tag","embeddable":true,"href":"https:\/\/www.makitamarket.com.tr\/site\/wp-json\/wp\/v2\/product_tag?post=11584"}],"curies":[{"name":"wp","href":"https:\/\/api.w.org\/{rel}","templated":true}]}}