{"id":11590,"date":"2024-11-27T20:09:50","date_gmt":"2024-11-27T17:09:50","guid":{"rendered":"https:\/\/www.makitamarket.com.tr\/site\/urun\/gison-doseme-tabanca-gp-8016-gison\/"},"modified":"2026-03-30T08:05:33","modified_gmt":"2026-03-30T05:05:33","slug":"gison-doseme-tabanca-gp-8016-gison","status":"publish","type":"product","link":"https:\/\/www.makitamarket.com.tr\/site\/urun\/gison-doseme-tabanca-gp-8016-gison\/","title":{"rendered":"Gison GP8016 D\u00d6\u015eEME TABANCA.GP &#8211; 8016 GISON"},"content":{"rendered":"<p>Tetik Emniyetli<\/p>\n<table>\n<tr>\n<td>D\u0131\u015f Tel Geni\u015fli\u011fi<\/td>\n<td>12.9 mm.<\/td>\n<\/tr>\n<tr>\n<td>Tel Uzunlu\u011fu<\/td>\n<td>6 mm -16 mm.<\/td>\n<\/tr>\n<tr>\n<td>Tel \u00c7ap\u0131<\/td>\n<td>0.95 mm x 0.65 mm.<\/td>\n<\/tr>\n<tr>\n<td>\u015earj\u00f6r Kapasitesi<\/td>\n<td>160 Ad.<\/td>\n<\/tr>\n<tr>\n<td>Ebatlar (UxYxB)<\/td>\n<td>225 x 145 x 45 mm<\/td>\n<\/tr>\n<tr>\n<td>Net A\u011f\u0131rl\u0131k (kg)<\/td>\n<td>0.90<\/td>\n<\/tr>\n<tr>\n<td>G\u00fcr\u00fclt\u00fc Seviyesi (dBA)<\/td>\n<td>87<\/td>\n<\/tr>\n<tr>\n<td>Hava Bas\u0131nc\u0131<\/td>\n<td>90 psi (6.3 kg.\/cm\u00b2)<\/td>\n<\/tr>\n<tr>\n<td>Sars\u0131nt\u0131 Seviyesi<\/td>\n<td>2.8 m\/S\u00b2<\/td>\n<\/tr>\n<tr>\n<td>Koli Adedi<\/td>\n<td>10<\/td>\n<\/tr>\n<\/table>\n","protected":false},"excerpt":{"rendered":"<p>Tetik Emniyetli<\/p>\n","protected":false},"featured_media":11589,"comment_status":"open","ping_status":"closed","template":"","meta":{"_acf_changed":false},"product_brand":[1512],"product_cat":[902],"product_tag":[],"class_list":{"0":"post-11590","1":"product","2":"type-product","3":"status-publish","4":"has-post-thumbnail","6":"product_brand-gison","7":"product_cat-havali-yankeskiler","9":"first","10":"outofstock","11":"taxable","12":"shipping-taxable","13":"purchasable","14":"product-type-simple","15":"add-to-wishlist-after_add_to_cart"},"acf":[],"_links":{"self":[{"href":"https:\/\/www.makitamarket.com.tr\/site\/wp-json\/wp\/v2\/product\/11590","targetHints":{"allow":["GET"]}}],"collection":[{"href":"https:\/\/www.makitamarket.com.tr\/site\/wp-json\/wp\/v2\/product"}],"about":[{"href":"https:\/\/www.makitamarket.com.tr\/site\/wp-json\/wp\/v2\/types\/product"}],"replies":[{"embeddable":true,"href":"https:\/\/www.makitamarket.com.tr\/site\/wp-json\/wp\/v2\/comments?post=11590"}],"wp:featuredmedia":[{"embeddable":true,"href":"https:\/\/www.makitamarket.com.tr\/site\/wp-json\/wp\/v2\/media\/11589"}],"wp:attachment":[{"href":"https:\/\/www.makitamarket.com.tr\/site\/wp-json\/wp\/v2\/media?parent=11590"}],"wp:term":[{"taxonomy":"product_brand","embeddable":true,"href":"https:\/\/www.makitamarket.com.tr\/site\/wp-json\/wp\/v2\/product_brand?post=11590"},{"taxonomy":"product_cat","embeddable":true,"href":"https:\/\/www.makitamarket.com.tr\/site\/wp-json\/wp\/v2\/product_cat?post=11590"},{"taxonomy":"product_tag","embeddable":true,"href":"https:\/\/www.makitamarket.com.tr\/site\/wp-json\/wp\/v2\/product_tag?post=11590"}],"curies":[{"name":"wp","href":"https:\/\/api.w.org\/{rel}","templated":true}]}}