{"id":11597,"date":"2024-11-27T20:09:54","date_gmt":"2024-11-27T17:09:54","guid":{"rendered":"https:\/\/www.makitamarket.com.tr\/site\/urun\/proxxon-proxxon-27100-kt-70-koordinat-sehpasi\/"},"modified":"2026-04-06T13:45:03","modified_gmt":"2026-04-06T10:45:03","slug":"proxxon-proxxon-27100-kt-70-koordinat-sehpasi","status":"publish","type":"product","link":"https:\/\/www.makitamarket.com.tr\/site\/urun\/proxxon-proxxon-27100-kt-70-koordinat-sehpasi\/","title":{"rendered":"Proxxon 27100 KT 70 PROXXON 27100 KT 70 KOORD\u0130NAT SEHPASI"},"content":{"rendered":"<div>\n\t<strong>Uygunluk: <\/strong>28600 MB 200 MICROMOT matkap stand\u0131na ve 28128 TBM 220 s\u00fctunlu matkaba uygundur.<\/div>\n<div>\n\t<strong>Sevkiyat kapsam\u0131:<\/strong> Resimde g\u00f6r\u00fcnen iki adet basamakl\u0131 k\u0131ska\u00e7 dahildir<\/div>\n<div>\n\t<strong>Uyumlu Aksesuarlar: <\/strong><\/div>\n<div>\n\t<strong>24256:<\/strong> Basamakl\u0131 k\u0131ska\u00e7 seti<\/div>\n<div>\n\t<strong>24264:<\/strong> Diviz\u00f6r kafas\u0131<\/div>\n<table>\n<tr>\n<td>Tabla \u00d6l\u00e7\u00fcs\u00fc<\/td>\n<td>200x70mm<\/td>\n<\/tr>\n<tr>\n<td>X-Y ekseni sal\u0131n\u0131m<\/td>\n<td>134mm x 46mm<\/td>\n<\/tr>\n<tr>\n<td>T kanallar<\/td>\n<td>3 adet 12x6x5 mm<\/td>\n<\/tr>\n<tr>\n<td>Hassasiyet<\/td>\n<td>1 tam devir : 1.0 mm   1 b\u00f6lme : 0.05 mm<\/td>\n<\/tr>\n<\/table>\n","protected":false},"excerpt":{"rendered":"<div>\n\t<strong>Uygunluk: <\/strong>28600 MB 200 MICROMOT matkap stand\u0131na ve 28128 TBM 220 s\u00fctunlu matkaba uygundur.<\/div>\n<div>\n\t<strong>Sevkiyat kapsam\u0131:<\/strong> Resimde g\u00f6r\u00fcnen iki adet basamakl\u0131 k\u0131ska\u00e7 dahildir<\/div>\n<div>\n\t<strong>Uyumlu Aksesuarlar: <\/strong><\/div>\n<div>\n\t<strong>24256:<\/strong> Basamakl\u0131 k\u0131ska\u00e7 seti<\/div>\n<div>\n\t<strong>24264:<\/strong> Diviz\u00f6r kafas\u0131<\/div>\n","protected":false},"featured_media":11596,"comment_status":"open","ping_status":"closed","template":"","meta":{"_acf_changed":false},"product_brand":[1501],"product_cat":[926],"product_tag":[],"class_list":{"0":"post-11597","1":"product","2":"type-product","3":"status-publish","4":"has-post-thumbnail","6":"product_brand-proxxon","7":"product_cat-aksesuarlar-mikro-aletleri","9":"first","10":"outofstock","11":"taxable","12":"shipping-taxable","13":"purchasable","14":"product-type-simple","15":"add-to-wishlist-after_add_to_cart"},"acf":[],"_links":{"self":[{"href":"https:\/\/www.makitamarket.com.tr\/site\/wp-json\/wp\/v2\/product\/11597","targetHints":{"allow":["GET"]}}],"collection":[{"href":"https:\/\/www.makitamarket.com.tr\/site\/wp-json\/wp\/v2\/product"}],"about":[{"href":"https:\/\/www.makitamarket.com.tr\/site\/wp-json\/wp\/v2\/types\/product"}],"replies":[{"embeddable":true,"href":"https:\/\/www.makitamarket.com.tr\/site\/wp-json\/wp\/v2\/comments?post=11597"}],"wp:featuredmedia":[{"embeddable":true,"href":"https:\/\/www.makitamarket.com.tr\/site\/wp-json\/wp\/v2\/media\/11596"}],"wp:attachment":[{"href":"https:\/\/www.makitamarket.com.tr\/site\/wp-json\/wp\/v2\/media?parent=11597"}],"wp:term":[{"taxonomy":"product_brand","embeddable":true,"href":"https:\/\/www.makitamarket.com.tr\/site\/wp-json\/wp\/v2\/product_brand?post=11597"},{"taxonomy":"product_cat","embeddable":true,"href":"https:\/\/www.makitamarket.com.tr\/site\/wp-json\/wp\/v2\/product_cat?post=11597"},{"taxonomy":"product_tag","embeddable":true,"href":"https:\/\/www.makitamarket.com.tr\/site\/wp-json\/wp\/v2\/product_tag?post=11597"}],"curies":[{"name":"wp","href":"https:\/\/api.w.org\/{rel}","templated":true}]}}