{"id":11599,"date":"2024-11-27T20:09:55","date_gmt":"2024-11-27T17:09:55","guid":{"rendered":"https:\/\/www.makitamarket.com.tr\/site\/urun\/makita-sds-max-elmas-matkap-uc-40370-p-78156\/"},"modified":"2026-04-06T13:45:03","modified_gmt":"2026-04-06T10:45:03","slug":"makita-sds-max-elmas-matkap-uc-40370-p-78156","status":"publish","type":"product","link":"https:\/\/www.makitamarket.com.tr\/site\/urun\/makita-sds-max-elmas-matkap-uc-40370-p-78156\/","title":{"rendered":"Makita P-78156 SDS &#8211; MAX ELMAS MATKAP UC 40*370 P &#8211; 78156"},"content":{"rendered":"<table>\n<tr>\n<td>Matkap \u00c7ap\u0131<\/td>\n<td>40<\/td>\n<\/tr>\n<tr>\n<td>Matkap Boyu<\/td>\n<td>370<\/td>\n<\/tr>\n<tr>\n<td>\u00c7al\u0131\u015fma Uzunlu\u011fu<\/td>\n<td>250<\/td>\n<\/tr>\n<tr>\n<td>\u00c7ap<\/td>\n<td>40 mm<\/td>\n<\/tr>\n<tr>\n<td>Uzunluk<\/td>\n<td>370 mm<\/td>\n<\/tr>\n<tr>\n<td>\u00c7al\u0131\u015fma Uzunlu\u011fu<\/td>\n<td>250 mm<\/td>\n<\/tr>\n<\/table>\n","protected":false},"excerpt":{"rendered":"<p>Matkap \u00c7ap\u0131 40 Matkap Boyu 370 \u00c7al\u0131\u015fma Uzunlu\u011fu 250 \u00c7ap 40 mm Uzunluk 370 mm \u00c7al\u0131\u015fma Uzunlu\u011fu 250 mm<\/p>\n","protected":false},"featured_media":11598,"comment_status":"open","ping_status":"closed","template":"","meta":{"_acf_changed":false},"product_brand":[1485],"product_cat":[809],"product_tag":[],"class_list":{"0":"post-11599","1":"product","2":"type-product","3":"status-publish","4":"has-post-thumbnail","6":"product_brand-makita","7":"product_cat-sds-max-uclar","9":"first","10":"instock","11":"taxable","12":"shipping-taxable","13":"purchasable","14":"product-type-simple","15":"add-to-wishlist-after_add_to_cart"},"acf":[],"_links":{"self":[{"href":"https:\/\/www.makitamarket.com.tr\/site\/wp-json\/wp\/v2\/product\/11599","targetHints":{"allow":["GET"]}}],"collection":[{"href":"https:\/\/www.makitamarket.com.tr\/site\/wp-json\/wp\/v2\/product"}],"about":[{"href":"https:\/\/www.makitamarket.com.tr\/site\/wp-json\/wp\/v2\/types\/product"}],"replies":[{"embeddable":true,"href":"https:\/\/www.makitamarket.com.tr\/site\/wp-json\/wp\/v2\/comments?post=11599"}],"wp:featuredmedia":[{"embeddable":true,"href":"https:\/\/www.makitamarket.com.tr\/site\/wp-json\/wp\/v2\/media\/11598"}],"wp:attachment":[{"href":"https:\/\/www.makitamarket.com.tr\/site\/wp-json\/wp\/v2\/media?parent=11599"}],"wp:term":[{"taxonomy":"product_brand","embeddable":true,"href":"https:\/\/www.makitamarket.com.tr\/site\/wp-json\/wp\/v2\/product_brand?post=11599"},{"taxonomy":"product_cat","embeddable":true,"href":"https:\/\/www.makitamarket.com.tr\/site\/wp-json\/wp\/v2\/product_cat?post=11599"},{"taxonomy":"product_tag","embeddable":true,"href":"https:\/\/www.makitamarket.com.tr\/site\/wp-json\/wp\/v2\/product_tag?post=11599"}],"curies":[{"name":"wp","href":"https:\/\/api.w.org\/{rel}","templated":true}]}}