{"id":11630,"date":"2024-11-27T20:10:06","date_gmt":"2024-11-27T17:10:06","guid":{"rendered":"https:\/\/www.makitamarket.com.tr\/site\/urun\/three-files-kaporta-ege-hand-sapli-10\/"},"modified":"2026-03-30T08:06:32","modified_gmt":"2026-03-30T05:06:32","slug":"three-files-kaporta-ege-hand-sapli-10","status":"publish","type":"product","link":"https:\/\/www.makitamarket.com.tr\/site\/urun\/three-files-kaporta-ege-hand-sapli-10\/","title":{"rendered":"Three Files EGALHSAPLI10 KAPORTA E\u011eE &#8211; HAND (SAPLI) 10&#8243;"},"content":{"rendered":"<table>\n<tr>\n<td>\u00d6l\u00e7\u00fc<\/td>\n<td>10&#8243;<\/td>\n<\/tr>\n<tr>\n<td>A\u00e7\u0131klama<\/td>\n<td>Hand Sapl\u0131<\/td>\n<\/tr>\n<\/table>\n","protected":false},"excerpt":{"rendered":"<p>\u00d6l\u00e7\u00fc 10&#8243; A\u00e7\u0131klama Hand Sapl\u0131<\/p>\n","protected":false},"featured_media":0,"comment_status":"open","ping_status":"closed","template":"","meta":{"_acf_changed":false},"product_brand":[1541],"product_cat":[1031],"product_tag":[],"class_list":{"0":"post-11630","1":"product","2":"type-product","3":"status-publish","5":"product_brand-three-files","6":"product_cat-egeler","8":"first","9":"instock","10":"taxable","11":"shipping-taxable","12":"purchasable","13":"product-type-simple","14":"add-to-wishlist-after_add_to_cart"},"acf":[],"_links":{"self":[{"href":"https:\/\/www.makitamarket.com.tr\/site\/wp-json\/wp\/v2\/product\/11630","targetHints":{"allow":["GET"]}}],"collection":[{"href":"https:\/\/www.makitamarket.com.tr\/site\/wp-json\/wp\/v2\/product"}],"about":[{"href":"https:\/\/www.makitamarket.com.tr\/site\/wp-json\/wp\/v2\/types\/product"}],"replies":[{"embeddable":true,"href":"https:\/\/www.makitamarket.com.tr\/site\/wp-json\/wp\/v2\/comments?post=11630"}],"wp:attachment":[{"href":"https:\/\/www.makitamarket.com.tr\/site\/wp-json\/wp\/v2\/media?parent=11630"}],"wp:term":[{"taxonomy":"product_brand","embeddable":true,"href":"https:\/\/www.makitamarket.com.tr\/site\/wp-json\/wp\/v2\/product_brand?post=11630"},{"taxonomy":"product_cat","embeddable":true,"href":"https:\/\/www.makitamarket.com.tr\/site\/wp-json\/wp\/v2\/product_cat?post=11630"},{"taxonomy":"product_tag","embeddable":true,"href":"https:\/\/www.makitamarket.com.tr\/site\/wp-json\/wp\/v2\/product_tag?post=11630"}],"curies":[{"name":"wp","href":"https:\/\/api.w.org\/{rel}","templated":true}]}}