{"id":11652,"date":"2024-11-27T20:10:20","date_gmt":"2024-11-27T17:10:20","guid":{"rendered":"https:\/\/www.makitamarket.com.tr\/site\/urun\/stark-ozel-kaplama-daire-testere-275x20x32-mm-220-dis\/"},"modified":"2026-03-30T08:06:38","modified_gmt":"2026-03-30T05:06:38","slug":"stark-ozel-kaplama-daire-testere-275x20x32-mm-220-dis","status":"publish","type":"product","link":"https:\/\/www.makitamarket.com.tr\/site\/urun\/stark-ozel-kaplama-daire-testere-275x20x32-mm-220-dis\/","title":{"rendered":"Stark BRAVO275A1 \u00d6ZEL KAPLAMA DA\u0130RE TESTERE 275&#215;2,0x32 mm 220 D\u0130\u015e"},"content":{"rendered":"<div>\n\t\u2022 Boru, profil ve dolu malzeme kesimi i\u00e7in en iyi kaplamad\u0131r.<\/div>\n<div>\n\t\u2022 Kobalt ala\u015f\u0131ml\u0131 y\u00fcksel kalite malzemeden \u00fcretilmi\u015f ve \u00fcst\u00fcn y\u00fczey kaplamas\u0131na sahiptir.<\/div>\n<div>\n\t\u2022 Y\u00fcksek s\u0131cakl\u0131klarda \u00e7al\u0131\u015fabilir. 560\u00b0 s\u0131cakl\u0131\u011fa kadar dayan\u0131kl\u0131d\u0131r.<\/div>\n<div>\n\t\u2022 Kaplama \u00f6zellikleri sayesinde kesme ve ilerleme h\u0131zlar\u0131n\u0131 artt\u0131r\u0131r ve \u00e7al\u0131\u015fma s\u00fcresini \u00f6nemli derecede azalt\u0131r.<\/div>\n<div>\n\t\u2022 A\u015f\u0131nmaya kar\u015f\u0131 dayan\u0131kl\u0131d\u0131r ve testere \u00f6mr\u00fc uzundur.<\/div>\n<table>\n<tr>\n<td>Testere \u00e7ap\u0131<\/td>\n<td>275<\/td>\n<\/tr>\n<tr>\n<td>Et Kal\u0131nl\u0131\u011f\u0131<\/td>\n<td>2,0<\/td>\n<\/tr>\n<tr>\n<td>Delik \u00c7ap\u0131<\/td>\n<td>32<\/td>\n<\/tr>\n<tr>\n<td>Di\u015f \u00d6l\u00e7\u00fcs\u00fc<\/td>\n<td>220<\/td>\n<\/tr>\n<\/table>\n","protected":false},"excerpt":{"rendered":"<div>\n\t\u2022 Boru, profil ve dolu malzeme kesimi i\u00e7in en iyi kaplamad\u0131r.<\/div>\n<div>\n\t\u2022 Kobalt ala\u015f\u0131ml\u0131 y\u00fcksel kalite malzemeden \u00fcretilmi\u015f ve \u00fcst\u00fcn y\u00fczey kaplamas\u0131na sahiptir.<\/div>\n<div>\n\t\u2022 Y\u00fcksek s\u0131cakl\u0131klarda \u00e7al\u0131\u015fabilir. 560\u00b0 s\u0131cakl\u0131\u011fa kadar dayan\u0131kl\u0131d\u0131r.<\/div>\n<div>\n\t\u2022 Kaplama \u00f6zellikleri sayesinde kesme ve ilerleme h\u0131zlar\u0131n\u0131 artt\u0131r\u0131r ve \u00e7al\u0131\u015fma s\u00fcresini \u00f6nemli derecede azalt\u0131r.<\/div>\n<div>\n\t\u2022 A\u015f\u0131nmaya kar\u015f\u0131 dayan\u0131kl\u0131d\u0131r ve testere \u00f6mr\u00fc uzundur.<\/div>\n","protected":false},"featured_media":11651,"comment_status":"open","ping_status":"closed","template":"","meta":{"_acf_changed":false},"product_brand":[1545],"product_cat":[1078],"product_tag":[],"class_list":{"0":"post-11652","1":"product","2":"type-product","3":"status-publish","4":"has-post-thumbnail","6":"product_brand-stark","7":"product_cat-ozel-kaplamali-testereler","9":"first","10":"outofstock","11":"taxable","12":"shipping-taxable","13":"purchasable","14":"product-type-simple","15":"add-to-wishlist-after_add_to_cart"},"acf":[],"_links":{"self":[{"href":"https:\/\/www.makitamarket.com.tr\/site\/wp-json\/wp\/v2\/product\/11652","targetHints":{"allow":["GET"]}}],"collection":[{"href":"https:\/\/www.makitamarket.com.tr\/site\/wp-json\/wp\/v2\/product"}],"about":[{"href":"https:\/\/www.makitamarket.com.tr\/site\/wp-json\/wp\/v2\/types\/product"}],"replies":[{"embeddable":true,"href":"https:\/\/www.makitamarket.com.tr\/site\/wp-json\/wp\/v2\/comments?post=11652"}],"wp:featuredmedia":[{"embeddable":true,"href":"https:\/\/www.makitamarket.com.tr\/site\/wp-json\/wp\/v2\/media\/11651"}],"wp:attachment":[{"href":"https:\/\/www.makitamarket.com.tr\/site\/wp-json\/wp\/v2\/media?parent=11652"}],"wp:term":[{"taxonomy":"product_brand","embeddable":true,"href":"https:\/\/www.makitamarket.com.tr\/site\/wp-json\/wp\/v2\/product_brand?post=11652"},{"taxonomy":"product_cat","embeddable":true,"href":"https:\/\/www.makitamarket.com.tr\/site\/wp-json\/wp\/v2\/product_cat?post=11652"},{"taxonomy":"product_tag","embeddable":true,"href":"https:\/\/www.makitamarket.com.tr\/site\/wp-json\/wp\/v2\/product_tag?post=11652"}],"curies":[{"name":"wp","href":"https:\/\/api.w.org\/{rel}","templated":true}]}}