{"id":11668,"date":"2024-11-27T20:10:23","date_gmt":"2024-11-27T17:10:23","guid":{"rendered":"https:\/\/www.makitamarket.com.tr\/site\/urun\/biglift-elektrikli-vinc-100-200-kg\/"},"modified":"2026-03-30T08:07:46","modified_gmt":"2026-03-30T05:07:46","slug":"biglift-elektrikli-vinc-100-200-kg","status":"publish","type":"product","link":"https:\/\/www.makitamarket.com.tr\/site\/urun\/biglift-elektrikli-vinc-100-200-kg\/","title":{"rendered":"Biglift MAXVINC100\/200 ELEKTR\u0130KL\u0130 V\u0130N\u00c7 100\/200 kg"},"content":{"rendered":"<p>100\/1200 kald\u0131rma kapasitesi, 20\/10 mt halat boyuyla k\u00fc\u00e7\u00fck ve orta b\u00fcy\u00fckl\u00fckteki y\u00fcklerin kald\u0131r\u0131lmas\u0131nda ve ta\u015f\u0131nmas\u0131nda kullan\u0131lan pratik bir ekipmand\u0131r.<\/p>\n<table>\n<tr>\n<td>Kapasite<\/td>\n<td>100\/200<\/td>\n<\/tr>\n<tr>\n<td>Motor G\u00fcc\u00fc<\/td>\n<td>480 W<\/td>\n<\/tr>\n<tr>\n<td>Koruma S\u0131n\u0131f\u0131<\/td>\n<td>IP54<\/td>\n<\/tr>\n<tr>\n<td>Halat Boyu<\/td>\n<td>20\/10 mt<\/td>\n<\/tr>\n<tr>\n<td>Boyutlar<\/td>\n<td>470x370x160<\/td>\n<\/tr>\n<\/table>\n","protected":false},"excerpt":{"rendered":"<p>100\/1200 kald\u0131rma kapasitesi, 20\/10 mt halat boyuyla k\u00fc\u00e7\u00fck ve orta b\u00fcy\u00fckl\u00fckteki y\u00fcklerin kald\u0131r\u0131lmas\u0131nda ve ta\u015f\u0131nmas\u0131nda kullan\u0131lan pratik bir ekipmand\u0131r.<\/p>\n","protected":false},"featured_media":11667,"comment_status":"open","ping_status":"closed","template":"","meta":{"_acf_changed":false},"product_brand":[1490],"product_cat":[780],"product_tag":[],"class_list":{"0":"post-11668","1":"product","2":"type-product","3":"status-publish","4":"has-post-thumbnail","6":"product_brand-biglift","7":"product_cat-vincler-caraskallar-hubsuglar","9":"first","10":"outofstock","11":"taxable","12":"shipping-taxable","13":"purchasable","14":"product-type-simple","15":"add-to-wishlist-after_add_to_cart"},"acf":[],"_links":{"self":[{"href":"https:\/\/www.makitamarket.com.tr\/site\/wp-json\/wp\/v2\/product\/11668","targetHints":{"allow":["GET"]}}],"collection":[{"href":"https:\/\/www.makitamarket.com.tr\/site\/wp-json\/wp\/v2\/product"}],"about":[{"href":"https:\/\/www.makitamarket.com.tr\/site\/wp-json\/wp\/v2\/types\/product"}],"replies":[{"embeddable":true,"href":"https:\/\/www.makitamarket.com.tr\/site\/wp-json\/wp\/v2\/comments?post=11668"}],"wp:featuredmedia":[{"embeddable":true,"href":"https:\/\/www.makitamarket.com.tr\/site\/wp-json\/wp\/v2\/media\/11667"}],"wp:attachment":[{"href":"https:\/\/www.makitamarket.com.tr\/site\/wp-json\/wp\/v2\/media?parent=11668"}],"wp:term":[{"taxonomy":"product_brand","embeddable":true,"href":"https:\/\/www.makitamarket.com.tr\/site\/wp-json\/wp\/v2\/product_brand?post=11668"},{"taxonomy":"product_cat","embeddable":true,"href":"https:\/\/www.makitamarket.com.tr\/site\/wp-json\/wp\/v2\/product_cat?post=11668"},{"taxonomy":"product_tag","embeddable":true,"href":"https:\/\/www.makitamarket.com.tr\/site\/wp-json\/wp\/v2\/product_tag?post=11668"}],"curies":[{"name":"wp","href":"https:\/\/api.w.org\/{rel}","templated":true}]}}