{"id":11679,"date":"2024-11-27T20:10:26","date_gmt":"2024-11-27T17:10:26","guid":{"rendered":"https:\/\/www.makitamarket.com.tr\/site\/urun\/junkaung-oto-tekerlek-baglama-kayisi\/"},"modified":"2026-04-06T13:47:23","modified_gmt":"2026-04-06T10:47:23","slug":"junkaung-oto-tekerlek-baglama-kayisi","status":"publish","type":"product","link":"https:\/\/www.makitamarket.com.tr\/site\/urun\/junkaung-oto-tekerlek-baglama-kayisi\/","title":{"rendered":"Junkaung JK09413 OTO TEKERLEK BA\u011eLAMA KAYI\u015eI"},"content":{"rendered":"<table>\n<tr>\n<td>\u00d6l\u00e7\u00fcs\u00fc<\/td>\n<td>2&#8221;<\/td>\n<\/tr>\n<tr>\n<td>Kanca<\/td>\n<td>Yass\u0131 Kanca<\/td>\n<\/tr>\n<tr>\n<td>Kay\u0131\u015f<\/td>\n<td>Polyester<\/td>\n<\/tr>\n<tr>\n<td>Kapasitesi<\/td>\n<td>1000 Kg.<\/td>\n<\/tr>\n<tr>\n<td>Paket<\/td>\n<td>Polybag<\/td>\n<\/tr>\n<tr>\n<td>Standart\u0131<\/td>\n<td>CE<\/td>\n<\/tr>\n<\/table>\n","protected":false},"excerpt":{"rendered":"<p>\u00d6l\u00e7\u00fcs\u00fc 2&#8221; Kanca Yass\u0131 Kanca Kay\u0131\u015f Polyester Kapasitesi 1000 Kg. Paket Polybag Standart\u0131 CE<\/p>\n","protected":false},"featured_media":11678,"comment_status":"open","ping_status":"closed","template":"","meta":{"_acf_changed":false},"product_brand":[1549],"product_cat":[1069],"product_tag":[],"class_list":{"0":"post-11679","1":"product","2":"type-product","3":"status-publish","4":"has-post-thumbnail","6":"product_brand-junkaung","7":"product_cat-spanzetler-irgatlar-gerdirmeler","9":"first","10":"instock","11":"taxable","12":"shipping-taxable","13":"purchasable","14":"product-type-simple","15":"add-to-wishlist-after_add_to_cart"},"acf":[],"_links":{"self":[{"href":"https:\/\/www.makitamarket.com.tr\/site\/wp-json\/wp\/v2\/product\/11679","targetHints":{"allow":["GET"]}}],"collection":[{"href":"https:\/\/www.makitamarket.com.tr\/site\/wp-json\/wp\/v2\/product"}],"about":[{"href":"https:\/\/www.makitamarket.com.tr\/site\/wp-json\/wp\/v2\/types\/product"}],"replies":[{"embeddable":true,"href":"https:\/\/www.makitamarket.com.tr\/site\/wp-json\/wp\/v2\/comments?post=11679"}],"wp:featuredmedia":[{"embeddable":true,"href":"https:\/\/www.makitamarket.com.tr\/site\/wp-json\/wp\/v2\/media\/11678"}],"wp:attachment":[{"href":"https:\/\/www.makitamarket.com.tr\/site\/wp-json\/wp\/v2\/media?parent=11679"}],"wp:term":[{"taxonomy":"product_brand","embeddable":true,"href":"https:\/\/www.makitamarket.com.tr\/site\/wp-json\/wp\/v2\/product_brand?post=11679"},{"taxonomy":"product_cat","embeddable":true,"href":"https:\/\/www.makitamarket.com.tr\/site\/wp-json\/wp\/v2\/product_cat?post=11679"},{"taxonomy":"product_tag","embeddable":true,"href":"https:\/\/www.makitamarket.com.tr\/site\/wp-json\/wp\/v2\/product_tag?post=11679"}],"curies":[{"name":"wp","href":"https:\/\/api.w.org\/{rel}","templated":true}]}}