{"id":11690,"date":"2024-11-27T20:10:32","date_gmt":"2024-11-27T17:10:32","guid":{"rendered":"https:\/\/www.makitamarket.com.tr\/site\/urun\/makita-daire-testere-355x20-dis\/"},"modified":"2026-04-06T13:48:04","modified_gmt":"2026-04-06T10:48:04","slug":"makita-daire-testere-355x20-dis","status":"publish","type":"product","link":"https:\/\/www.makitamarket.com.tr\/site\/urun\/makita-daire-testere-355x20-dis\/","title":{"rendered":"Makita A-80014 DA\u0130RE TESTERE 355X20 D\u0130\u015e"},"content":{"rendered":"<p>Yumu\u015fak ve sert ah\u015fap, ah\u015fap d\u00f6\u015feme, elyafl\u0131 malzemeler, MDF, plastiklerde kullan\u0131ma uygundur.<\/p>\n<table>\n<tr>\n<td>Testere \u00e7ap\u0131<\/td>\n<td>355 mm<\/td>\n<\/tr>\n<tr>\n<td>G\u00f6bek \u00e7ap\u0131<\/td>\n<td>30 mm<\/td>\n<\/tr>\n<tr>\n<td>Y\u00fcz\u00fck \u00c7ap\u0131<\/td>\n<td>&#8211;<\/td>\n<\/tr>\n<tr>\n<td>Elmas Kal\u0131nl\u0131\u011f\u0131<\/td>\n<td>3.0 mm<\/td>\n<\/tr>\n<tr>\n<td>G\u00f6vde Kal\u0131nl\u0131\u011f\u0131<\/td>\n<td>2.2 mm<\/td>\n<\/tr>\n<tr>\n<td>Di\u015f Say\u0131s\u0131<\/td>\n<td>20<\/td>\n<\/tr>\n<tr>\n<td>Elmas A\u00e7\u0131s\u0131<\/td>\n<td>27\u02da<\/td>\n<\/tr>\n<tr>\n<td>Di\u015f Tipi<\/td>\n<td>ATB<\/td>\n<\/tr>\n<tr>\n<td>Kullan\u0131m Alan\u0131<\/td>\n<td>Ah\u015fap<\/td>\n<\/tr>\n<\/table>\n","protected":false},"excerpt":{"rendered":"<p>Yumu\u015fak ve sert ah\u015fap, ah\u015fap d\u00f6\u015feme, elyafl\u0131 malzemeler, MDF, plastiklerde kullan\u0131ma uygundur.<\/p>\n","protected":false},"featured_media":11689,"comment_status":"open","ping_status":"closed","template":"","meta":{"_acf_changed":false},"product_brand":[1485],"product_cat":[1050],"product_tag":[],"class_list":{"0":"post-11690","1":"product","2":"type-product","3":"status-publish","4":"has-post-thumbnail","6":"product_brand-makita","7":"product_cat-ahsap-daire-testereler","9":"first","10":"instock","11":"taxable","12":"shipping-taxable","13":"purchasable","14":"product-type-simple","15":"add-to-wishlist-after_add_to_cart"},"acf":[],"_links":{"self":[{"href":"https:\/\/www.makitamarket.com.tr\/site\/wp-json\/wp\/v2\/product\/11690","targetHints":{"allow":["GET"]}}],"collection":[{"href":"https:\/\/www.makitamarket.com.tr\/site\/wp-json\/wp\/v2\/product"}],"about":[{"href":"https:\/\/www.makitamarket.com.tr\/site\/wp-json\/wp\/v2\/types\/product"}],"replies":[{"embeddable":true,"href":"https:\/\/www.makitamarket.com.tr\/site\/wp-json\/wp\/v2\/comments?post=11690"}],"wp:featuredmedia":[{"embeddable":true,"href":"https:\/\/www.makitamarket.com.tr\/site\/wp-json\/wp\/v2\/media\/11689"}],"wp:attachment":[{"href":"https:\/\/www.makitamarket.com.tr\/site\/wp-json\/wp\/v2\/media?parent=11690"}],"wp:term":[{"taxonomy":"product_brand","embeddable":true,"href":"https:\/\/www.makitamarket.com.tr\/site\/wp-json\/wp\/v2\/product_brand?post=11690"},{"taxonomy":"product_cat","embeddable":true,"href":"https:\/\/www.makitamarket.com.tr\/site\/wp-json\/wp\/v2\/product_cat?post=11690"},{"taxonomy":"product_tag","embeddable":true,"href":"https:\/\/www.makitamarket.com.tr\/site\/wp-json\/wp\/v2\/product_tag?post=11690"}],"curies":[{"name":"wp","href":"https:\/\/api.w.org\/{rel}","templated":true}]}}